{"id":176,"date":"2023-05-02T19:52:15","date_gmt":"2023-05-02T23:52:15","guid":{"rendered":"https:\/\/dev-hyundai-landing.pantheonsite.io\/?page_id=176"},"modified":"2025-11-13T15:37:24","modified_gmt":"2025-11-13T20:37:24","slug":"seguridad-del-vehiculo","status":"publish","type":"page","link":"https:\/\/hyundaiantitheft.com\/es\/seguridad-del-vehiculo\/","title":{"rendered":"Soluciones para los veh\u00edculos afectados"},"content":{"rendered":"<h2>\n\t\tMedidas adoptadas \n\t<\/h2>\n\t<ul>\n\t\t\t<li>\n\t\t\t\t1\n\t\t\t\tIncorporaci\u00f3n de los inmovilizadores de motor a todos los veh\u00edculos fabricados a partir de noviembre de 2021.\n\t\t\t<\/li>\n\t\t\t<li>\n\t\t\t\t2\n\t\t\t\tDesarroll\u00f3 una actualizaci\u00f3n de software para equipar estos veh\u00edculos con una funci\u00f3n de \"corte de encendido\" dise\u00f1ada para evitar el popularizado m\u00e9todo de robo.\n\t\t\t<\/li>\n\t\t\t<li>\n\t\t\t\t3\n\t\t\t\tActualizaci\u00f3n gratuita del software antirrobo para los casi 4 millones de veh\u00edculos afectados.\n\t\t\t<\/li>\n\t\t\t<li>\n\t\t\t\t4\n\t\t\t\tOfreci\u00f3 opciones de seguro de autom\u00f3vil mediante una colaboraci\u00f3n con aseguradoras de la AAA.\n\t\t\t<\/li>\n\t\t\t<li>\n\t\t\t\t5\n\t\t\t\tPuso en marcha un programa para reembolsar a los clientes afectados la compra de seguros para el volante.\n\t\t\t<\/li>\n\t\t\t<li>\n\t\t\t\t6\n\t\t\t\tEstablecimiento de un programa para proporcionar gratuitamente bloqueos del volante a las fuerzas del orden de todo el pa\u00eds para su distribuci\u00f3n entre los residentes locales que posean o arrienden veh\u00edculos afectados.\n\t\t\t<\/li>\n\t\t<\/ul>","protected":false},"excerpt":{"rendered":"<p>Medidas adoptadas 1 Incorporar de serie inmovilizadores de motor en todos los veh\u00edculos fabricados a partir de noviembre de 2021. 2 Desarroll\u00f3 una actualizaci\u00f3n de software para equipar estos veh\u00edculos con una funci\u00f3n de \"corte de encendido\" dise\u00f1ada para evitar el popularizado m\u00e9todo de robo. 3 Implant\u00f3 la actualizaci\u00f3n gratuita del software antirrobo en los casi 4 millones de veh\u00edculos afectados. 4...<\/p>","protected":false},"author":1,"featured_media":0,"parent":0,"menu_order":0,"comment_status":"closed","ping_status":"closed","template":"","meta":{"_acf_changed":false,"inline_featured_image":false,"footnotes":""},"class_list":["post-176","page","type-page","status-publish","hentry"],"acf":[],"yoast_head":"<!-- This site is optimized with the Yoast SEO plugin v26.5 - https:\/\/yoast.com\/wordpress\/plugins\/seo\/ -->\n<title>Solutions for Affected Vehicles - Hyundai<\/title>\n<meta name=\"robots\" content=\"index, follow, max-snippet:-1, max-image-preview:large, max-video-preview:-1\" \/>\n<link rel=\"canonical\" href=\"https:\/\/hyundaiantitheft.com\/es\/seguridad-del-vehiculo\/\" \/>\n<meta property=\"og:locale\" content=\"es_MX\" \/>\n<meta property=\"og:type\" content=\"article\" \/>\n<meta property=\"og:title\" content=\"Solutions for Affected Vehicles - Hyundai\" \/>\n<meta property=\"og:description\" content=\"Actions Taken 1 Made engine immobilizers standard on all vehicles produced as of November 2021. 2 Developed a software upgrade to equip these vehicles with an &#8220;ignition kill&#8221; feature designed to prevent the popularized method of theft. 3 Rolled out the free anti-theft software upgrade to all of the nearly 4 million vehicles involved. 4&hellip;\" \/>\n<meta property=\"og:url\" content=\"https:\/\/hyundaiantitheft.com\/es\/seguridad-del-vehiculo\/\" \/>\n<meta property=\"og:site_name\" content=\"Hyundai\" \/>\n<meta property=\"article:modified_time\" content=\"2025-11-13T20:37:24+00:00\" \/>\n<meta name=\"twitter:card\" content=\"summary_large_image\" \/>\n<meta name=\"twitter:label1\" content=\"Est. reading time\" \/>\n\t<meta name=\"twitter:data1\" content=\"1 minuto\" \/>\n<script type=\"application\/ld+json\" class=\"yoast-schema-graph\">{\"@context\":\"https:\/\/schema.org\",\"@graph\":[{\"@type\":\"WebPage\",\"@id\":\"https:\/\/hyundaiantitheft.com\/securing-your-vehicle\/\",\"url\":\"https:\/\/hyundaiantitheft.com\/securing-your-vehicle\/\",\"name\":\"Solutions for Affected Vehicles - Hyundai\",\"isPartOf\":{\"@id\":\"https:\/\/hyundaiantitheft.com\/#website\"},\"datePublished\":\"2023-05-02T23:52:15+00:00\",\"dateModified\":\"2025-11-13T20:37:24+00:00\",\"breadcrumb\":{\"@id\":\"https:\/\/hyundaiantitheft.com\/securing-your-vehicle\/#breadcrumb\"},\"inLanguage\":\"es-MX\",\"potentialAction\":[{\"@type\":\"ReadAction\",\"target\":[\"https:\/\/hyundaiantitheft.com\/securing-your-vehicle\/\"]}]},{\"@type\":\"BreadcrumbList\",\"@id\":\"https:\/\/hyundaiantitheft.com\/securing-your-vehicle\/#breadcrumb\",\"itemListElement\":[{\"@type\":\"ListItem\",\"position\":1,\"name\":\"Home\",\"item\":\"https:\/\/hyundaiantitheft.com\/\"},{\"@type\":\"ListItem\",\"position\":2,\"name\":\"Solutions for Affected Vehicles\"}]},{\"@type\":\"WebSite\",\"@id\":\"https:\/\/hyundaiantitheft.com\/#website\",\"url\":\"https:\/\/hyundaiantitheft.com\/\",\"name\":\"Hyundai\",\"description\":\"Anti-Theft Software Upgrade\",\"potentialAction\":[{\"@type\":\"SearchAction\",\"target\":{\"@type\":\"EntryPoint\",\"urlTemplate\":\"https:\/\/hyundaiantitheft.com\/?s={search_term_string}\"},\"query-input\":{\"@type\":\"PropertyValueSpecification\",\"valueRequired\":true,\"valueName\":\"search_term_string\"}}],\"inLanguage\":\"es-MX\"}]}<\/script>\n<!-- \/ Yoast SEO plugin. -->","yoast_head_json":{"title":"Soluciones para veh\u00edculos afectados - Hyundai","robots":{"index":"index","follow":"follow","max-snippet":"max-snippet:-1","max-image-preview":"max-image-preview:large","max-video-preview":"max-video-preview:-1"},"canonical":"https:\/\/hyundaiantitheft.com\/es\/seguridad-del-vehiculo\/","og_locale":"es_MX","og_type":"article","og_title":"Solutions for Affected Vehicles - Hyundai","og_description":"Actions Taken 1 Made engine immobilizers standard on all vehicles produced as of November 2021. 2 Developed a software upgrade to equip these vehicles with an &#8220;ignition kill&#8221; feature designed to prevent the popularized method of theft. 3 Rolled out the free anti-theft software upgrade to all of the nearly 4 million vehicles involved. 4&hellip;","og_url":"https:\/\/hyundaiantitheft.com\/es\/seguridad-del-vehiculo\/","og_site_name":"Hyundai","article_modified_time":"2025-11-13T20:37:24+00:00","twitter_card":"summary_large_image","twitter_misc":{"Est. reading time":"1 minuto"},"schema":{"@context":"https:\/\/schema.org","@graph":[{"@type":"WebPage","@id":"https:\/\/hyundaiantitheft.com\/securing-your-vehicle\/","url":"https:\/\/hyundaiantitheft.com\/securing-your-vehicle\/","name":"Soluciones para veh\u00edculos afectados - Hyundai","isPartOf":{"@id":"https:\/\/hyundaiantitheft.com\/#website"},"datePublished":"2023-05-02T23:52:15+00:00","dateModified":"2025-11-13T20:37:24+00:00","breadcrumb":{"@id":"https:\/\/hyundaiantitheft.com\/securing-your-vehicle\/#breadcrumb"},"inLanguage":"es-MX","potentialAction":[{"@type":"ReadAction","target":["https:\/\/hyundaiantitheft.com\/securing-your-vehicle\/"]}]},{"@type":"BreadcrumbList","@id":"https:\/\/hyundaiantitheft.com\/securing-your-vehicle\/#breadcrumb","itemListElement":[{"@type":"ListItem","position":1,"name":"Home","item":"https:\/\/hyundaiantitheft.com\/"},{"@type":"ListItem","position":2,"name":"Solutions for Affected Vehicles"}]},{"@type":"WebSite","@id":"https:\/\/hyundaiantitheft.com\/#website","url":"https:\/\/hyundaiantitheft.com\/","name":"Hyundai","description":"Actualizaci\u00f3n del software antirrobo","potentialAction":[{"@type":"SearchAction","target":{"@type":"EntryPoint","urlTemplate":"https:\/\/hyundaiantitheft.com\/?s={search_term_string}"},"query-input":{"@type":"PropertyValueSpecification","valueRequired":true,"valueName":"search_term_string"}}],"inLanguage":"es-MX"}]}},"_links":{"self":[{"href":"https:\/\/hyundaiantitheft.com\/es\/wp-json\/wp\/v2\/pages\/176","targetHints":{"allow":["GET"]}}],"collection":[{"href":"https:\/\/hyundaiantitheft.com\/es\/wp-json\/wp\/v2\/pages"}],"about":[{"href":"https:\/\/hyundaiantitheft.com\/es\/wp-json\/wp\/v2\/types\/page"}],"author":[{"embeddable":true,"href":"https:\/\/hyundaiantitheft.com\/es\/wp-json\/wp\/v2\/users\/1"}],"replies":[{"embeddable":true,"href":"https:\/\/hyundaiantitheft.com\/es\/wp-json\/wp\/v2\/comments?post=176"}],"version-history":[{"count":8,"href":"https:\/\/hyundaiantitheft.com\/es\/wp-json\/wp\/v2\/pages\/176\/revisions"}],"predecessor-version":[{"id":987,"href":"https:\/\/hyundaiantitheft.com\/es\/wp-json\/wp\/v2\/pages\/176\/revisions\/987"}],"wp:attachment":[{"href":"https:\/\/hyundaiantitheft.com\/es\/wp-json\/wp\/v2\/media?parent=176"}],"curies":[{"name":"wp","href":"https:\/\/api.w.org\/{rel}","templated":true}]}}