{"id":23,"date":"2022-11-09T22:42:00","date_gmt":"2022-11-09T22:42:00","guid":{"rendered":"https:\/\/dev-hyundai-landing.pantheonsite.io\/?page_id=23"},"modified":"2025-05-21T11:56:25","modified_gmt":"2025-05-21T15:56:25","slug":"faq","status":"publish","type":"page","link":"https:\/\/hyundaiantitheft.com\/es\/faq\/","title":{"rendered":"Preguntas frecuentes"},"content":{"rendered":"1. \u00bfLa actualizaci\u00f3n del software est\u00e1 ampliamente disponible? \n\t\t\t\t<p>Hay casi 4 millones de veh\u00edculos modelo 2011-2022 que ya pueden recibir la actualizaci\u00f3n gratuita del software antirrobo.<\/p>\n\t\t\t\t2. \u00bfC\u00f3mo recibo esta actualizaci\u00f3n de software?\n\t\t\t\t<p>La actualizaci\u00f3n puede realizarse en cualquier concesionario Hyundai y su instalaci\u00f3n dura menos de una hora.\u00a0<\/p>\n\t\t\t\t3. 3. \u00bfC\u00f3mo funciona?\n\t\t\t\t<p>La actualizaci\u00f3n del software modifica determinados m\u00f3dulos de control del veh\u00edculo en los veh\u00edculos Hyundai equipados con sistemas de encendido est\u00e1ndar \"llave en mano para arrancar\".  Como resultado, al bloquear las puertas se activar\u00e1 la alarma de f\u00e1brica y se activar\u00e1 una funci\u00f3n de \"desactivaci\u00f3n del encendido\" para que el veh\u00edculo no pueda arrancar cuando est\u00e9 sometido al popularizado modo antirrobo.<\/p>\n\t\t\t\t4. \u00bfQu\u00e9 es un inmovilizador del motor?\n\t\t\t\t<p>Un inmovilizador de motor es un dispositivo electr\u00f3nico de seguridad que impide que un veh\u00edculo arranque a menos que se utilice la llave o el mando correcto.<\/p>\n\t\t\t\t5. \u00bfC\u00f3mo puedo saber si mi veh\u00edculo Hyundai tiene un inmovilizador del motor?\n\t\t\t\t<p>Si su veh\u00edculo Hyundai tiene un bot\u00f3n de arranque o se fabric\u00f3 despu\u00e9s de noviembre de 2021, tiene un inmovilizador de motor.  Si su veh\u00edculo tiene un sistema de encendido est\u00e1ndar \"llave en mano para arrancar\", introduzca su n\u00famero de bastidor.\u00a0<a href=\"https:\/\/www.hyundaiusa.com\/anti-theft\" target=\"_blank\" rel=\"noopener\">aqu\u00ed<\/a>\u00a0para determinar si puede optar a la actualizaci\u00f3n de software.<\/p>\n\t\t\t\t6. \u00bfQu\u00e9 ocurre si mi veh\u00edculo no puede equiparse con la actualizaci\u00f3n de software?\n\t\t\t\t<p>Algunos veh\u00edculos modelo 2011-2022 sin inmovilizadores de motor no pueden acomodar la actualizaci\u00f3n de software. Como parte del acuerdo de demanda colectiva propuesto, Hyundai reembolsar\u00e1 a estos propietarios la compra de bloqueos del volante y otros dispositivos antirrobo, como un kit de alarma.<\/p>\n<p>Para m\u00e1s informaci\u00f3n, p\u00f3ngase en contacto con el centro de llamadas en\u00a0<a href=\"tel:+18884980390\">(888) 498-0390<\/a>.<\/p>\n\t\t\t\t7. \u00bfC\u00f3mo puedo obtener un seguro a trav\u00e9s de la AAA?\n\t\t\t\t<p>Hyundai y las aseguradoras AAA han colaborado en un programa para ofrecer opciones de seguro en la mayor\u00eda de los estados a los propietarios y arrendatarios afectados que cumplan los requisitos. Los clientes pueden visitar\u00a0<a href=\"http:\/\/www.aaa.com\/insurance\" target=\"blank\">AAA.com\/insurance<\/a> para recibir un presupuesto.<\/p>\n\t\t\t\t8. \u00bfOfrecen las aseguradoras AAA cobertura para los veh\u00edculos Hyundai afectados en mi estado?\n\t\t\t\t<p>En el marco del programa, las aseguradoras de la AAA emitir\u00e1n p\u00f3lizas nuevas y de renovaci\u00f3n para los clientes de Hyundai afectados que re\u00fanan los requisitos en la mayor\u00eda de los estados, con excepci\u00f3n de aquellos en los que la AAA no ofrece seguros (Alaska, Massachusetts, Washington).\u00a0<a href=\"https:\/\/www.hyundainews.com\/en-us\/releases\/3810\" target=\"_blank\" rel=\"noopener\">M\u00e1s informaci\u00f3n sobre este programa<\/a>. Las aseguradoras AAA funcionan de forma independiente.<\/p>\n\t\t\t\t9. \u00bfPuedo participar en el acuerdo de demanda colectiva anunciado recientemente?\n\t\t\t\t<p>El tribunal ha dado su aprobaci\u00f3n definitiva. Para m\u00e1s informaci\u00f3n, visite el sitio web del acuerdo de demanda colectiva: <a href=\"https:\/\/www.hyundaitheftsettlement.com\/\" target=\"_blank\" rel=\"noopener\">Inicio - Litigios sobre comercializaci\u00f3n, pr\u00e1cticas de venta y responsabilidad por productos defectuosos de veh\u00edculos Hyundai<\/a>.\u00a0<\/p>\n\t\t\t\t10. \u00bfPuedo hablar con alguien para que me ayude o me d\u00e9 m\u00e1s informaci\u00f3n?\n\t\t\t\t<p>S\u00ed, existe un centro de atenci\u00f3n telef\u00f3nica espec\u00edfico para ayudar a los propietarios con la informaci\u00f3n m\u00e1s actualizada y ayudarles a concertar una cita en el concesionario para instalar la actualizaci\u00f3n del software antirrobo. El n\u00famero del centro de llamadas dedicado a la actualizaci\u00f3n del software antirrobo es\u00a0<a href=\"tel:+18884980390\">888-498-0390<\/a>.<\/p>","protected":false},"excerpt":{"rendered":"<p>1. \u00bfEst\u00e1 la actualizaci\u00f3n de software ampliamente disponible? Hay casi 4 millones de veh\u00edculos del a\u00f1o modelo 2011-2022 que ya pueden recibir la actualizaci\u00f3n gratuita del software antirrobo. 2. 2. \u00bfC\u00f3mo puedo recibir esta actualizaci\u00f3n de software? La actualizaci\u00f3n se puede realizar en cualquier concesionario Hyundai y la instalaci\u00f3n tarda menos de una hora.  3. \u00bfC\u00f3mo funciona?<\/p>","protected":false},"author":1,"featured_media":0,"parent":0,"menu_order":0,"comment_status":"closed","ping_status":"closed","template":"","meta":{"_acf_changed":false,"inline_featured_image":false,"footnotes":""},"class_list":["post-23","page","type-page","status-publish","hentry"],"acf":[],"yoast_head":"<!-- This site is optimized with the Yoast SEO plugin v26.5 - https:\/\/yoast.com\/wordpress\/plugins\/seo\/ -->\n<title>Frequently Asked Questions - Hyundai<\/title>\n<meta name=\"robots\" content=\"index, follow, max-snippet:-1, max-image-preview:large, max-video-preview:-1\" \/>\n<link rel=\"canonical\" href=\"https:\/\/hyundaiantitheft.com\/es\/faq\/\" \/>\n<meta property=\"og:locale\" content=\"es_MX\" \/>\n<meta property=\"og:type\" content=\"article\" \/>\n<meta property=\"og:title\" content=\"Frequently Asked Questions - Hyundai\" \/>\n<meta property=\"og:description\" content=\"1. Is the software upgrade widely available? There are nearly 4 million model year 2011-2022 vehicles now eligible to receive the free anti-theft software upgrade. 2. How do I receive this software upgrade? The upgrade can be performed at any Hyundai dealership and takes less than one hour for installation.\u00a0 3. How does it work?&hellip;\" \/>\n<meta property=\"og:url\" content=\"https:\/\/hyundaiantitheft.com\/es\/faq\/\" \/>\n<meta property=\"og:site_name\" content=\"Hyundai\" \/>\n<meta property=\"article:modified_time\" content=\"2025-05-21T15:56:25+00:00\" \/>\n<meta name=\"twitter:card\" content=\"summary_large_image\" \/>\n<meta name=\"twitter:label1\" content=\"Est. reading time\" \/>\n\t<meta name=\"twitter:data1\" content=\"3 minutos\" \/>\n<script type=\"application\/ld+json\" class=\"yoast-schema-graph\">{\"@context\":\"https:\/\/schema.org\",\"@graph\":[{\"@type\":\"WebPage\",\"@id\":\"https:\/\/hyundaiantitheft.com\/faq\/\",\"url\":\"https:\/\/hyundaiantitheft.com\/faq\/\",\"name\":\"Frequently Asked Questions - Hyundai\",\"isPartOf\":{\"@id\":\"https:\/\/hyundaiantitheft.com\/#website\"},\"datePublished\":\"2022-11-09T22:42:00+00:00\",\"dateModified\":\"2025-05-21T15:56:25+00:00\",\"breadcrumb\":{\"@id\":\"https:\/\/hyundaiantitheft.com\/faq\/#breadcrumb\"},\"inLanguage\":\"es-MX\",\"potentialAction\":[{\"@type\":\"ReadAction\",\"target\":[\"https:\/\/hyundaiantitheft.com\/faq\/\"]}]},{\"@type\":\"BreadcrumbList\",\"@id\":\"https:\/\/hyundaiantitheft.com\/faq\/#breadcrumb\",\"itemListElement\":[{\"@type\":\"ListItem\",\"position\":1,\"name\":\"Home\",\"item\":\"https:\/\/hyundaiantitheft.com\/\"},{\"@type\":\"ListItem\",\"position\":2,\"name\":\"Frequently Asked Questions\"}]},{\"@type\":\"WebSite\",\"@id\":\"https:\/\/hyundaiantitheft.com\/#website\",\"url\":\"https:\/\/hyundaiantitheft.com\/\",\"name\":\"Hyundai\",\"description\":\"Anti-Theft Software Upgrade\",\"potentialAction\":[{\"@type\":\"SearchAction\",\"target\":{\"@type\":\"EntryPoint\",\"urlTemplate\":\"https:\/\/hyundaiantitheft.com\/?s={search_term_string}\"},\"query-input\":{\"@type\":\"PropertyValueSpecification\",\"valueRequired\":true,\"valueName\":\"search_term_string\"}}],\"inLanguage\":\"es-MX\"}]}<\/script>\n<!-- \/ Yoast SEO plugin. -->","yoast_head_json":{"title":"Preguntas frecuentes - Hyundai","robots":{"index":"index","follow":"follow","max-snippet":"max-snippet:-1","max-image-preview":"max-image-preview:large","max-video-preview":"max-video-preview:-1"},"canonical":"https:\/\/hyundaiantitheft.com\/es\/faq\/","og_locale":"es_MX","og_type":"article","og_title":"Frequently Asked Questions - Hyundai","og_description":"1. Is the software upgrade widely available? There are nearly 4 million model year 2011-2022 vehicles now eligible to receive the free anti-theft software upgrade. 2. How do I receive this software upgrade? The upgrade can be performed at any Hyundai dealership and takes less than one hour for installation.\u00a0 3. How does it work?&hellip;","og_url":"https:\/\/hyundaiantitheft.com\/es\/faq\/","og_site_name":"Hyundai","article_modified_time":"2025-05-21T15:56:25+00:00","twitter_card":"summary_large_image","twitter_misc":{"Est. reading time":"3 minutos"},"schema":{"@context":"https:\/\/schema.org","@graph":[{"@type":"WebPage","@id":"https:\/\/hyundaiantitheft.com\/faq\/","url":"https:\/\/hyundaiantitheft.com\/faq\/","name":"Preguntas frecuentes - Hyundai","isPartOf":{"@id":"https:\/\/hyundaiantitheft.com\/#website"},"datePublished":"2022-11-09T22:42:00+00:00","dateModified":"2025-05-21T15:56:25+00:00","breadcrumb":{"@id":"https:\/\/hyundaiantitheft.com\/faq\/#breadcrumb"},"inLanguage":"es-MX","potentialAction":[{"@type":"ReadAction","target":["https:\/\/hyundaiantitheft.com\/faq\/"]}]},{"@type":"BreadcrumbList","@id":"https:\/\/hyundaiantitheft.com\/faq\/#breadcrumb","itemListElement":[{"@type":"ListItem","position":1,"name":"Home","item":"https:\/\/hyundaiantitheft.com\/"},{"@type":"ListItem","position":2,"name":"Frequently Asked Questions"}]},{"@type":"WebSite","@id":"https:\/\/hyundaiantitheft.com\/#website","url":"https:\/\/hyundaiantitheft.com\/","name":"Hyundai","description":"Actualizaci\u00f3n del software antirrobo","potentialAction":[{"@type":"SearchAction","target":{"@type":"EntryPoint","urlTemplate":"https:\/\/hyundaiantitheft.com\/?s={search_term_string}"},"query-input":{"@type":"PropertyValueSpecification","valueRequired":true,"valueName":"search_term_string"}}],"inLanguage":"es-MX"}]}},"_links":{"self":[{"href":"https:\/\/hyundaiantitheft.com\/es\/wp-json\/wp\/v2\/pages\/23","targetHints":{"allow":["GET"]}}],"collection":[{"href":"https:\/\/hyundaiantitheft.com\/es\/wp-json\/wp\/v2\/pages"}],"about":[{"href":"https:\/\/hyundaiantitheft.com\/es\/wp-json\/wp\/v2\/types\/page"}],"author":[{"embeddable":true,"href":"https:\/\/hyundaiantitheft.com\/es\/wp-json\/wp\/v2\/users\/1"}],"replies":[{"embeddable":true,"href":"https:\/\/hyundaiantitheft.com\/es\/wp-json\/wp\/v2\/comments?post=23"}],"version-history":[{"count":22,"href":"https:\/\/hyundaiantitheft.com\/es\/wp-json\/wp\/v2\/pages\/23\/revisions"}],"predecessor-version":[{"id":996,"href":"https:\/\/hyundaiantitheft.com\/es\/wp-json\/wp\/v2\/pages\/23\/revisions\/996"}],"wp:attachment":[{"href":"https:\/\/hyundaiantitheft.com\/es\/wp-json\/wp\/v2\/media?parent=23"}],"curies":[{"name":"wp","href":"https:\/\/api.w.org\/{rel}","templated":true}]}}