{"id":235,"date":"2023-05-13T14:08:12","date_gmt":"2023-05-13T18:08:12","guid":{"rendered":"https:\/\/dev-hyundai-landing.pantheonsite.io\/?page_id=235"},"modified":"2023-05-15T17:00:40","modified_gmt":"2023-05-15T21:00:40","slug":"reclamaciones","status":"publish","type":"page","link":"https:\/\/hyundaiantitheft.com\/es\/reclamaciones\/","title":{"rendered":"Reclamaciones"},"content":{"rendered":"<p>Algunos veh\u00edculos modelo 2011-2022 sin inmovilizador del motor no pueden adaptarse a la actualizaci\u00f3n del software. Hyundai reembolsar\u00e1 a estos propietarios la compra de bloqueos del volante o, alternativamente, su compra de un dispositivo antirrobo diferente, como un kit de alarma.<\/p>\n<p>Para m\u00e1s informaci\u00f3n, p\u00f3ngase en contacto con el centro de llamadas en <a href=\"tel:+18884980390\">(888) 498-0390<\/a>.<\/p>","protected":false},"excerpt":{"rendered":"<p>Algunos veh\u00edculos modelo 2011-2022 sin inmovilizador del motor no pueden adaptarse a la actualizaci\u00f3n del software. Hyundai reembolsar\u00e1 a estos propietarios por la compra de bloqueos de volante o, alternativamente, por su compra de un dispositivo antirrobo diferente, como un kit de alarma. Para m\u00e1s informaci\u00f3n, p\u00f3ngase en contacto con el centro de llamadas en el (888) 498-0390.<\/p>","protected":false},"author":1,"featured_media":0,"parent":0,"menu_order":0,"comment_status":"closed","ping_status":"closed","template":"","meta":{"_acf_changed":false,"inline_featured_image":false,"footnotes":""},"class_list":["post-235","page","type-page","status-publish","hentry"],"acf":[],"yoast_head":"<!-- This site is optimized with the Yoast SEO plugin v26.5 - https:\/\/yoast.com\/wordpress\/plugins\/seo\/ -->\n<title>Claims - Hyundai<\/title>\n<meta name=\"robots\" content=\"index, follow, max-snippet:-1, max-image-preview:large, max-video-preview:-1\" \/>\n<link rel=\"canonical\" href=\"https:\/\/hyundaiantitheft.com\/es\/reclamaciones\/\" \/>\n<meta property=\"og:locale\" content=\"es_MX\" \/>\n<meta property=\"og:type\" content=\"article\" \/>\n<meta property=\"og:title\" content=\"Claims - Hyundai\" \/>\n<meta property=\"og:description\" content=\"Some 2011-2022 model year vehicles without engine immobilizers cannot accommodate the software upgrade. Hyundai will reimburse these owners for the purchase of steering wheel locks or, alternatively, for their purchase of a different anti-theft device, such as an alarm kit. For more information, please contact the call center at (888) 498-0390.\" \/>\n<meta property=\"og:url\" content=\"https:\/\/hyundaiantitheft.com\/es\/reclamaciones\/\" \/>\n<meta property=\"og:site_name\" content=\"Hyundai\" \/>\n<meta property=\"article:modified_time\" content=\"2023-05-15T21:00:40+00:00\" \/>\n<meta name=\"twitter:card\" content=\"summary_large_image\" \/>\n<script type=\"application\/ld+json\" class=\"yoast-schema-graph\">{\"@context\":\"https:\/\/schema.org\",\"@graph\":[{\"@type\":\"WebPage\",\"@id\":\"https:\/\/hyundaiantitheft.com\/claims\/\",\"url\":\"https:\/\/hyundaiantitheft.com\/claims\/\",\"name\":\"Claims - Hyundai\",\"isPartOf\":{\"@id\":\"https:\/\/hyundaiantitheft.com\/#website\"},\"datePublished\":\"2023-05-13T18:08:12+00:00\",\"dateModified\":\"2023-05-15T21:00:40+00:00\",\"breadcrumb\":{\"@id\":\"https:\/\/hyundaiantitheft.com\/claims\/#breadcrumb\"},\"inLanguage\":\"es-MX\",\"potentialAction\":[{\"@type\":\"ReadAction\",\"target\":[\"https:\/\/hyundaiantitheft.com\/claims\/\"]}]},{\"@type\":\"BreadcrumbList\",\"@id\":\"https:\/\/hyundaiantitheft.com\/claims\/#breadcrumb\",\"itemListElement\":[{\"@type\":\"ListItem\",\"position\":1,\"name\":\"Home\",\"item\":\"https:\/\/hyundaiantitheft.com\/\"},{\"@type\":\"ListItem\",\"position\":2,\"name\":\"Claims\"}]},{\"@type\":\"WebSite\",\"@id\":\"https:\/\/hyundaiantitheft.com\/#website\",\"url\":\"https:\/\/hyundaiantitheft.com\/\",\"name\":\"Hyundai\",\"description\":\"Anti-Theft Software Upgrade\",\"potentialAction\":[{\"@type\":\"SearchAction\",\"target\":{\"@type\":\"EntryPoint\",\"urlTemplate\":\"https:\/\/hyundaiantitheft.com\/?s={search_term_string}\"},\"query-input\":{\"@type\":\"PropertyValueSpecification\",\"valueRequired\":true,\"valueName\":\"search_term_string\"}}],\"inLanguage\":\"es-MX\"}]}<\/script>\n<!-- \/ Yoast SEO plugin. -->","yoast_head_json":{"title":"Reclamaciones - Hyundai","robots":{"index":"index","follow":"follow","max-snippet":"max-snippet:-1","max-image-preview":"max-image-preview:large","max-video-preview":"max-video-preview:-1"},"canonical":"https:\/\/hyundaiantitheft.com\/es\/reclamaciones\/","og_locale":"es_MX","og_type":"article","og_title":"Claims - Hyundai","og_description":"Some 2011-2022 model year vehicles without engine immobilizers cannot accommodate the software upgrade. Hyundai will reimburse these owners for the purchase of steering wheel locks or, alternatively, for their purchase of a different anti-theft device, such as an alarm kit. For more information, please contact the call center at (888) 498-0390.","og_url":"https:\/\/hyundaiantitheft.com\/es\/reclamaciones\/","og_site_name":"Hyundai","article_modified_time":"2023-05-15T21:00:40+00:00","twitter_card":"summary_large_image","schema":{"@context":"https:\/\/schema.org","@graph":[{"@type":"WebPage","@id":"https:\/\/hyundaiantitheft.com\/claims\/","url":"https:\/\/hyundaiantitheft.com\/claims\/","name":"Reclamaciones - Hyundai","isPartOf":{"@id":"https:\/\/hyundaiantitheft.com\/#website"},"datePublished":"2023-05-13T18:08:12+00:00","dateModified":"2023-05-15T21:00:40+00:00","breadcrumb":{"@id":"https:\/\/hyundaiantitheft.com\/claims\/#breadcrumb"},"inLanguage":"es-MX","potentialAction":[{"@type":"ReadAction","target":["https:\/\/hyundaiantitheft.com\/claims\/"]}]},{"@type":"BreadcrumbList","@id":"https:\/\/hyundaiantitheft.com\/claims\/#breadcrumb","itemListElement":[{"@type":"ListItem","position":1,"name":"Home","item":"https:\/\/hyundaiantitheft.com\/"},{"@type":"ListItem","position":2,"name":"Claims"}]},{"@type":"WebSite","@id":"https:\/\/hyundaiantitheft.com\/#website","url":"https:\/\/hyundaiantitheft.com\/","name":"Hyundai","description":"Actualizaci\u00f3n del software antirrobo","potentialAction":[{"@type":"SearchAction","target":{"@type":"EntryPoint","urlTemplate":"https:\/\/hyundaiantitheft.com\/?s={search_term_string}"},"query-input":{"@type":"PropertyValueSpecification","valueRequired":true,"valueName":"search_term_string"}}],"inLanguage":"es-MX"}]}},"_links":{"self":[{"href":"https:\/\/hyundaiantitheft.com\/es\/wp-json\/wp\/v2\/pages\/235","targetHints":{"allow":["GET"]}}],"collection":[{"href":"https:\/\/hyundaiantitheft.com\/es\/wp-json\/wp\/v2\/pages"}],"about":[{"href":"https:\/\/hyundaiantitheft.com\/es\/wp-json\/wp\/v2\/types\/page"}],"author":[{"embeddable":true,"href":"https:\/\/hyundaiantitheft.com\/es\/wp-json\/wp\/v2\/users\/1"}],"replies":[{"embeddable":true,"href":"https:\/\/hyundaiantitheft.com\/es\/wp-json\/wp\/v2\/comments?post=235"}],"version-history":[{"count":3,"href":"https:\/\/hyundaiantitheft.com\/es\/wp-json\/wp\/v2\/pages\/235\/revisions"}],"predecessor-version":[{"id":299,"href":"https:\/\/hyundaiantitheft.com\/es\/wp-json\/wp\/v2\/pages\/235\/revisions\/299"}],"wp:attachment":[{"href":"https:\/\/hyundaiantitheft.com\/es\/wp-json\/wp\/v2\/media?parent=235"}],"curies":[{"name":"wp","href":"https:\/\/api.w.org\/{rel}","templated":true}]}}