{"id":37,"date":"2022-11-09T23:24:24","date_gmt":"2022-11-09T23:24:24","guid":{"rendered":"https:\/\/dev-hyundai-landing.pantheonsite.io\/?page_id=37"},"modified":"2025-12-10T16:55:54","modified_gmt":"2025-12-10T21:55:54","slug":"inicio","status":"publish","type":"page","link":"https:\/\/hyundaiantitheft.com\/es\/","title":{"rendered":"Inicio"},"content":{"rendered":"<h1>\n\t\t\tActualizaci\u00f3n del software antirrobo\t<\/h1>\n\t<p>En respuesta a los crecientes y persistentes robos dirigidos a determinados veh\u00edculos Hyundai sin bot\u00f3n de arranque y dispositivos antirrobo inmovilizadores, Hyundai ha introducido una actualizaci\u00f3n gratuita del software antirrobo para los clientes afectados.<\/p>\n<p>Todos los casi 4 millones de veh\u00edculos afectados pueden recibir ahora la actualizaci\u00f3n de software.<\/p>\n\t\t\t<a href=\"https:\/\/autoservice.hyundaiusa.com\/Campaign993\/MicroSiteTemplate\/MicroSiteTemplateVINValidate\/4457\"  target=\"_blank\" rel=\"noopener\">\n\t\t\t\t\t\t\tPrograme su actualizaci\u00f3n de software\n\t\t\t\t\t<\/a>\n<h2>\n\t\t\tVeh\u00edculos afectados\t<\/h2>\n\t\t\t <p>2018-2022 Accent<\/p>\t\t\n\t\t\t <p>Elantra 2011-2022<\/p>\t\t\n\t\t\t <p>2013-2020 Elantra GT<\/p>\t\t\n\t\t\t <p>Genesis Coup\u00e9 2013-2014<\/p>\t\t\n\t\t\t <p>2018-2022 Kona<\/p>\t\t\n\t\t\t <p>2020-2021 Palizada<\/p>\t\t\n\t\t\t <p>2013-2022 Santa Fe<\/p>\t\t\n\t\t\t <p>2013-2018 Santa Fe Sport<\/p>\t\t\n\t\t\t <p>2019 Santa Fe XL<\/p>\t\t\n\t\t\t <p>2011-2019 Sonata<\/p>\t\t\n\t\t\t <p>2011-2022 Tucson<\/p>\t\t\n\t\t\t <p>2012-2017 y 2019-2021 Veloster<\/p>\t\t\n\t\t\t <p>2020-2021 Sede<\/p>\t\t\n\t<h2  data-animation-delay=\"0\" data-animation-duration=\"1\">\n\t\t\tSoluciones para los clientes afectados\t<\/h2>\n\t<p>Hyundai est\u00e1 notificando a los clientes afectados la actualizaci\u00f3n del software y facilitando la <a href=\"https:\/\/autoservice.hyundaiusa.com\/Campaign993\/MicroSiteTemplate\/MicroSiteTemplateVINValidate\/4457\" target=\"_blank\" rel=\"noopener\">programaci\u00f3n<\/a> de citas para la instalaci\u00f3n mediante una combinaci\u00f3n de correo directo, tel\u00e9fono, publicidad digital espec\u00edfica y redes sociales.  Nuestro objetivo es llevar cada uno de estos veh\u00edculos a un concesionario para actualizar el software.\u00a0<\/p>\n<p>Para aquellos clientes que tienen dificultades para conseguir y mantener un seguro de autom\u00f3vil como consecuencia de la actividad delictiva dirigida contra los veh\u00edculos Hyundai, hemos colaborado con las aseguradoras AAA para ofrecer opciones de seguro en la mayor\u00eda de los estados. Visite <a href=\"http:\/\/www.aaa.com\/insurance\" target=\"_blank\" rel=\"noopener\">AAA.com\/insurance<\/a> para recibir un presupuesto. <a href=\"https:\/\/www.hyundainews.com\/en-us\/releases\/3810\" target=\"_blank\" rel=\"noopener\">M\u00e1s informaci\u00f3n<\/a>.<\/p>\n<p>Si su veh\u00edculo del a\u00f1o modelo 2011-2022 no estaba equipado con un inmovilizador del motor o si no es elegible para recibir la actualizaci\u00f3n gratuita del software antirrobo, su concesionario Hyundai le proporcionar\u00e1 un\u00a0<b>GRATIS<\/b>\u00a0Bloqueo del volante.\u00a0<b>Hyundai recomienda ponerse en contacto con su concesionario Hyundai con antelaci\u00f3n para asegurarse de que el bloqueo del volante est\u00e1 en stock y disponible.<\/b>.  Para encontrar tu concesionario Hyundai m\u00e1s cercano, visita <a title=\"http:\/\/www.hyundaiusa.com\/dealer-locator\" href=\"http:\/\/www.hyundaiusa.com\/dealer-locator\">http:\/\/www.hyundaiusa.com\/dealer-locator<\/a>\u00a0e introduzca su c\u00f3digo postal.<\/p>\n<p>Hyundai tambi\u00e9n est\u00e1 poniendo a disposici\u00f3n de los clientes afectados bloqueos del volante a trav\u00e9s de una <a href=\"\/claims\/\">programa de reembolso<\/a>\u00a0o mediante su distribuci\u00f3n a trav\u00e9s de cientos de cuerpos de seguridad de todo el pa\u00eds. Los inmovilizadores de motor son ahora est\u00e1ndar en todos los veh\u00edculos Hyundai producidos a partir de noviembre de 2021.<\/p>\n<p>M\u00e1s informaci\u00f3n sobre la colaboraci\u00f3n de Hyundai con las comunidades locales <a href=\"https:\/\/hyundaiantitheft.com\/wp-content\/uploads\/2024\/02\/Hyundai-Community-Anti-Theft-Community-Partnerships-Overview.pdf\">aqu\u00ed<\/a>.<\/p>\n<h2  data-animation-delay=\"0\" data-animation-duration=\"1\">\n\t\t\tAsegurar el veh\u00edculo\t<\/h2>\n\t<p>El software actualiza determinados veh\u00edculos Hyundai equipados con sistemas de encendido est\u00e1ndar \"llave en mano para arrancar\" para que no puedan ponerse en marcha sin sus llaves cuando sean objeto del popularizado m\u00e9todo de robo. Al salir de sus veh\u00edculos, los clientes tendr\u00e1n que cerrar las puertas con el llavero para activar la alarma de f\u00e1brica y la funci\u00f3n \"ignition kill\" del software.<\/p>\n<p>M\u00e1s informaci\u00f3n sobre prevenci\u00f3n de robos de veh\u00edculos <a href=\"https:\/\/www.nhtsa.gov\/road-safety\/vehicle-theft-prevention\" target=\"_blank\" rel=\"noopener\">aqu\u00ed<\/a>.<\/p>\n\t\t<meta itemprop=\"url\" content=\"https:\/\/hyundaiantitheft.com\/wp-content\/uploads\/2024\/02\/hyundai_update_1_31_24-1080p.mp4\" \/><div style=\"width: 640px;\" class=\"wp-video\"><video class=\"wp-video-shortcode\" id=\"video-37-1\" width=\"640\" height=\"360\" preload=\"metadata\" controls=\"controls\"><source type=\"video\/mp4\" src=\"https:\/\/hyundaiantitheft.com\/wp-content\/uploads\/2024\/02\/hyundai_update_1_31_24-1080p.mp4?_=1\" \/><source type=\"video\/mp4\" src=\"https:\/\/hyundaiantitheft.com\/wp-content\/uploads\/2024\/02\/hyundai_update_1_31_24-1080p.mp4?_=1\" \/><a href=\"https:\/\/hyundaiantitheft.com\/wp-content\/uploads\/2024\/02\/hyundai_update_1_31_24-1080p.mp4\">https:\/\/hyundaiantitheft.com\/wp-content\/uploads\/2024\/02\/hyundai_update_1_31_24-1080p.mp4<\/a><\/video><\/div>\t\n<h2  data-animation-delay=\"0.0\" data-animation-duration=\"1\">\n\t\t\tFondo\t<\/h2>\n\t<p>Tras unos \u00edndices de robo hist\u00f3ricamente bajos entre los veh\u00edculos Hyundai, los robos empezaron a repuntar en el verano de 2022 en respuesta a los v\u00eddeos publicados por ladrones de coches en TikTok y otros canales de las redes sociales en lo que se conoci\u00f3 como el \"Desaf\u00edo Kia\". En estos v\u00eddeos, los ladrones documentaban y promocionaban un m\u00e9todo espec\u00edfico para saltarse los dispositivos de seguridad de los veh\u00edculos, desmontar sus columnas de direcci\u00f3n y crear un acceso directo a sus encendidos, y retaban a otros a imitar sus delitos. Hyundai ha trabajado con TikTok y otros para eliminar el contenido il\u00edcito, pero los ladrones siguen publicando nuevos v\u00eddeos de desaf\u00edo.<\/p>\n<p>Alrededor de 4 millones de veh\u00edculos Hyundai que circulan actualmente en EE.UU. -principalmente modelos b\u00e1sicos, que no est\u00e1n equipados con botones de arranque y dispositivos antirrobo inmovilizadores- son o eran susceptibles de sufrir estos robos promovidos por las redes sociales.  Aunque estos veh\u00edculos cumplen plenamente los requisitos federales antirrobo, Hyundai ha tomado medidas para apoyar la seguridad de sus clientes.<\/p>","protected":false},"excerpt":{"rendered":"<p>Actualizaci\u00f3n del software antirrobo En respuesta a los crecientes y persistentes robos dirigidos a determinados veh\u00edculos Hyundai sin bot\u00f3n de arranque y dispositivos antirrobo de inmovilizaci\u00f3n, Hyundai ha introducido una actualizaci\u00f3n gratuita del software antirrobo para los clientes afectados. Todos los casi 4 millones de veh\u00edculos afectados son ahora elegibles para recibir la actualizaci\u00f3n de software. Programe su actualizaci\u00f3n de software Veh\u00edculos afectados 2018-2022...<\/p>","protected":false},"author":1,"featured_media":0,"parent":0,"menu_order":0,"comment_status":"closed","ping_status":"closed","template":"","meta":{"_acf_changed":false,"inline_featured_image":false,"footnotes":""},"class_list":["post-37","page","type-page","status-publish","hentry"],"acf":[],"yoast_head":"<!-- This site is optimized with the Yoast SEO plugin v26.5 - https:\/\/yoast.com\/wordpress\/plugins\/seo\/ -->\n<title>Home - Hyundai<\/title>\n<meta name=\"robots\" content=\"index, follow, max-snippet:-1, max-image-preview:large, max-video-preview:-1\" \/>\n<link rel=\"canonical\" href=\"https:\/\/hyundaiantitheft.com\/es\/\" \/>\n<meta property=\"og:locale\" content=\"es_MX\" \/>\n<meta property=\"og:type\" content=\"article\" \/>\n<meta property=\"og:title\" content=\"Home - Hyundai\" \/>\n<meta property=\"og:description\" content=\"Anti-Theft Software Upgrade In response to increasing and persistent thefts targeting certain Hyundai vehicles without push-button ignitions and immobilizing anti-theft devices, Hyundai has introduced a free anti-theft software upgrade for affected customers. All of the nearly 4 million vehicles involved are now eligible to receive the software upgrade. Schedule your software upgrade Affected Vehicles 2018-2022&hellip;\" \/>\n<meta property=\"og:url\" content=\"https:\/\/hyundaiantitheft.com\/es\/\" \/>\n<meta property=\"og:site_name\" content=\"Hyundai\" \/>\n<meta property=\"article:modified_time\" content=\"2025-12-10T21:55:54+00:00\" \/>\n<meta name=\"twitter:card\" content=\"summary_large_image\" \/>\n<meta name=\"twitter:label1\" content=\"Est. reading time\" \/>\n\t<meta name=\"twitter:data1\" content=\"3 minutos\" \/>\n<script type=\"application\/ld+json\" class=\"yoast-schema-graph\">{\"@context\":\"https:\/\/schema.org\",\"@graph\":[{\"@type\":\"WebPage\",\"@id\":\"https:\/\/hyundaiantitheft.com\/\",\"url\":\"https:\/\/hyundaiantitheft.com\/\",\"name\":\"Home - Hyundai\",\"isPartOf\":{\"@id\":\"https:\/\/hyundaiantitheft.com\/#website\"},\"datePublished\":\"2022-11-09T23:24:24+00:00\",\"dateModified\":\"2025-12-10T21:55:54+00:00\",\"breadcrumb\":{\"@id\":\"https:\/\/hyundaiantitheft.com\/#breadcrumb\"},\"inLanguage\":\"es-MX\",\"potentialAction\":[{\"@type\":\"ReadAction\",\"target\":[\"https:\/\/hyundaiantitheft.com\/\"]}]},{\"@type\":\"BreadcrumbList\",\"@id\":\"https:\/\/hyundaiantitheft.com\/#breadcrumb\",\"itemListElement\":[{\"@type\":\"ListItem\",\"position\":1,\"name\":\"Home\",\"item\":\"https:\/\/hyundaiantitheft.com\/\"},{\"@type\":\"ListItem\",\"position\":2,\"name\":\"Home\"}]},{\"@type\":\"WebSite\",\"@id\":\"https:\/\/hyundaiantitheft.com\/#website\",\"url\":\"https:\/\/hyundaiantitheft.com\/\",\"name\":\"Hyundai\",\"description\":\"Anti-Theft Software Upgrade\",\"potentialAction\":[{\"@type\":\"SearchAction\",\"target\":{\"@type\":\"EntryPoint\",\"urlTemplate\":\"https:\/\/hyundaiantitheft.com\/?s={search_term_string}\"},\"query-input\":{\"@type\":\"PropertyValueSpecification\",\"valueRequired\":true,\"valueName\":\"search_term_string\"}}],\"inLanguage\":\"es-MX\"}]}<\/script>\n<!-- \/ Yoast SEO plugin. -->","yoast_head_json":{"title":"Inicio - Hyundai","robots":{"index":"index","follow":"follow","max-snippet":"max-snippet:-1","max-image-preview":"max-image-preview:large","max-video-preview":"max-video-preview:-1"},"canonical":"https:\/\/hyundaiantitheft.com\/es\/","og_locale":"es_MX","og_type":"article","og_title":"Home - Hyundai","og_description":"Anti-Theft Software Upgrade In response to increasing and persistent thefts targeting certain Hyundai vehicles without push-button ignitions and immobilizing anti-theft devices, Hyundai has introduced a free anti-theft software upgrade for affected customers. All of the nearly 4 million vehicles involved are now eligible to receive the software upgrade. Schedule your software upgrade Affected Vehicles 2018-2022&hellip;","og_url":"https:\/\/hyundaiantitheft.com\/es\/","og_site_name":"Hyundai","article_modified_time":"2025-12-10T21:55:54+00:00","twitter_card":"summary_large_image","twitter_misc":{"Est. reading time":"3 minutos"},"schema":{"@context":"https:\/\/schema.org","@graph":[{"@type":"WebPage","@id":"https:\/\/hyundaiantitheft.com\/","url":"https:\/\/hyundaiantitheft.com\/","name":"Inicio - Hyundai","isPartOf":{"@id":"https:\/\/hyundaiantitheft.com\/#website"},"datePublished":"2022-11-09T23:24:24+00:00","dateModified":"2025-12-10T21:55:54+00:00","breadcrumb":{"@id":"https:\/\/hyundaiantitheft.com\/#breadcrumb"},"inLanguage":"es-MX","potentialAction":[{"@type":"ReadAction","target":["https:\/\/hyundaiantitheft.com\/"]}]},{"@type":"BreadcrumbList","@id":"https:\/\/hyundaiantitheft.com\/#breadcrumb","itemListElement":[{"@type":"ListItem","position":1,"name":"Home","item":"https:\/\/hyundaiantitheft.com\/"},{"@type":"ListItem","position":2,"name":"Home"}]},{"@type":"WebSite","@id":"https:\/\/hyundaiantitheft.com\/#website","url":"https:\/\/hyundaiantitheft.com\/","name":"Hyundai","description":"Actualizaci\u00f3n del software antirrobo","potentialAction":[{"@type":"SearchAction","target":{"@type":"EntryPoint","urlTemplate":"https:\/\/hyundaiantitheft.com\/?s={search_term_string}"},"query-input":{"@type":"PropertyValueSpecification","valueRequired":true,"valueName":"search_term_string"}}],"inLanguage":"es-MX"}]}},"_links":{"self":[{"href":"https:\/\/hyundaiantitheft.com\/es\/wp-json\/wp\/v2\/pages\/37","targetHints":{"allow":["GET"]}}],"collection":[{"href":"https:\/\/hyundaiantitheft.com\/es\/wp-json\/wp\/v2\/pages"}],"about":[{"href":"https:\/\/hyundaiantitheft.com\/es\/wp-json\/wp\/v2\/types\/page"}],"author":[{"embeddable":true,"href":"https:\/\/hyundaiantitheft.com\/es\/wp-json\/wp\/v2\/users\/1"}],"replies":[{"embeddable":true,"href":"https:\/\/hyundaiantitheft.com\/es\/wp-json\/wp\/v2\/comments?post=37"}],"version-history":[{"count":11,"href":"https:\/\/hyundaiantitheft.com\/es\/wp-json\/wp\/v2\/pages\/37\/revisions"}],"predecessor-version":[{"id":1015,"href":"https:\/\/hyundaiantitheft.com\/es\/wp-json\/wp\/v2\/pages\/37\/revisions\/1015"}],"wp:attachment":[{"href":"https:\/\/hyundaiantitheft.com\/es\/wp-json\/wp\/v2\/media?parent=37"}],"curies":[{"name":"wp","href":"https:\/\/api.w.org\/{rel}","templated":true}]}}