{"id":443,"date":"2023-09-14T11:26:40","date_gmt":"2023-09-14T15:26:40","guid":{"rendered":"https:\/\/dev-hyundai-landing.pantheonsite.io\/?page_id=443"},"modified":"2023-09-14T11:27:02","modified_gmt":"2023-09-14T15:27:02","slug":"copia-clinica-movil-antirrobo-phoenix","status":"publish","type":"page","link":"https:\/\/hyundaiantitheft.com\/es\/copia-clinica-movil-antirrobo-phoenix\/","title":{"rendered":"Cl\u00ednica m\u00f3vil antirrobo Phoenix"},"content":{"rendered":"<iframe src=\"https:\/\/www.google.com\/maps\/embed?pb=!1m18!1m12!1m3!1d3324.141516354302!2d-112.12435882366611!3d33.57567474274314!2m3!1f0!2f0!3f0!3m2!1i1024!2i768!4f13.1!3m3!1m2!1s0x872b6c685b8b4469%3A0x150af06c98c6d067!2s9617%20N%20Metro%20Pkwy%20W%2C%20Phoenix%2C%20AZ%2085051!5e0!3m2!1sen!2sus!4v1694704662317!5m2!1sen!2sus\" width=\"600\" height=\"450\" allowfullscreen=\"\" loading=\"lazy\" referrerpolicy=\"no-referrer-when-downgrade\"><\/iframe>\n\t<h2>\n\t\t\t\tMetrocenter Mall de Phoenix 17 y 24 de septiembre de 9.00 a 15.00 horas\n\t\t\t<\/h2>\n\t\t\t<p>En respuesta a los robos persistentes dirigidos a ciertos veh\u00edculos Hyundai modelo 2011 - 2022 sin bot\u00f3n de encendido y dispositivos antirrobo de inmovilizaci\u00f3n, Hyundai Motor America est\u00e1 colaborando con Camelback Hyundai y la Polic\u00eda de Phoenix, incluyendo las Reservas de la Polic\u00eda de Phoenix y los Cadetes de la Polic\u00eda de Phoenix, para proporcionar un centro de servicio m\u00f3vil en el Metrocenter Mall ubicado en 9617 N. Metro Pkwy. W, Phoenix, AZ 85051.&nbsp;<strong>Este evento se celebrar\u00e1 DOS domingos: 17 y 24 de septiembre de 9:00 a 15:00.<\/strong>&nbsp;El objetivo de la cl\u00ednica m\u00f3vil es complementar la red nacional de concesionarios de Hyundai e impulsar nuevas instalaciones de la actualizaci\u00f3n gratuita del software antirrobo de Hyundai para los clientes que siguen vi\u00e9ndose afectados por los robos. T\u00e9cnicos de servicio m\u00f3viles especialmente formados estar\u00e1n in situ para instalar y completar la actualizaci\u00f3n del software, que deber\u00eda durar menos de una hora. Para m\u00e1s informaci\u00f3n, visite <a href=\"http:\/\/www.hyundaiantitheft.com\/\" data-saferedirecturl=\"https:\/\/www.google.com\/url?q=http:\/\/www.hyundaiantitheft.com&amp;source=gmail&amp;ust=1694030078942000&amp;usg=AOvVaw1BQ28i_59g6kOWWGU7oocZ\">www.hyundaiantitheft.com<\/a><\/p>\t\n\t<p><strong><em>D\u00d3NDE:<\/em><\/strong><em>&nbsp;<\/em><\/p>\n<p><em>Centro comercial Metrocenter<\/em><\/p>\n<p><em>9617 N Metro Pkwy. W, Phoenix, AZ 85051<\/em><\/p>\n<p><em>&nbsp;<\/em><\/p>\n\n\t<p><strong><em>HORARIO:<\/em><\/strong><\/p>\n<p><em>De 9.00 a 15.00 horas<\/em><\/p>\n\t<p><strong><em>FECHAS:<\/em><\/strong><\/p>\n<p><em>Domingos 17 y 24 de septiembre<\/em><\/p>\n\t\t\t\t<img loading=\"lazy\" decoding=\"async\" src=\"https:\/\/dev-hyundai-landing.pantheonsite.io\/wp-content\/uploads\/2023\/09\/patch_graphic.jpg\" alt=\"parche_gr\u00e1fico\" itemprop=\"image\" height=\"558\" width=\"550\" title=\"parche_gr\u00e1fico\" onerror=\"this.style.display='none'\">\n\t\t\t\t<img decoding=\"async\" src=\"https:\/\/www.hyundaiantitheft.com\/wp-content\/uploads\/2023\/07\/hyundai-logo.png\" alt=\"hyundai-logo\" itemprop=\"image\" title=\"hyundai-logo\" onerror=\"this.style.display='none'\">","protected":false},"excerpt":{"rendered":"<p>Metrocenter Mall en Phoenix 17 y 24 de septiembre de 9:00 AM a 3:00 PM En respuesta a los robos persistentes dirigidos a ciertos veh\u00edculos Hyundai modelo 2011 - 2022 sin bot\u00f3n de encendido y dispositivos antirrobo de inmovilizaci\u00f3n, Hyundai Motor America est\u00e1 colaborando con Camelback Hyundai y la Polic\u00eda de Phoenix, incluyendo la Polic\u00eda de Phoenix...<\/p>","protected":false},"author":2,"featured_media":0,"parent":0,"menu_order":0,"comment_status":"closed","ping_status":"closed","template":"","meta":{"_acf_changed":false,"inline_featured_image":false,"footnotes":""},"class_list":["post-443","page","type-page","status-publish","hentry"],"acf":[],"yoast_head":"<!-- This site is optimized with the Yoast SEO plugin v26.5 - https:\/\/yoast.com\/wordpress\/plugins\/seo\/ -->\n<title>Phoenix Anti-Theft Mobile Clinic - Hyundai<\/title>\n<meta name=\"robots\" content=\"index, follow, max-snippet:-1, max-image-preview:large, max-video-preview:-1\" \/>\n<link rel=\"canonical\" href=\"https:\/\/hyundaiantitheft.com\/es\/copia-clinica-movil-antirrobo-phoenix\/\" \/>\n<meta property=\"og:locale\" content=\"es_MX\" \/>\n<meta property=\"og:type\" content=\"article\" \/>\n<meta property=\"og:title\" content=\"Phoenix Anti-Theft Mobile Clinic - Hyundai\" \/>\n<meta property=\"og:description\" content=\"Metrocenter Mall in Phoenix September 17 and 24 from 9:00 AM to 3:00 PM In response to persistent thefts targeting certain model year 2011 &#8211; 2022 Hyundai vehicles without push-button ignitions and immobilizing anti-theft devices, Hyundai Motor America is collaborating with Camelback Hyundai and the Phoenix Police, including the Phoenix Police Reserves and Phoenix Police&hellip;\" \/>\n<meta property=\"og:url\" content=\"https:\/\/hyundaiantitheft.com\/es\/copia-clinica-movil-antirrobo-phoenix\/\" \/>\n<meta property=\"og:site_name\" content=\"Hyundai\" \/>\n<meta property=\"article:modified_time\" content=\"2023-09-14T15:27:02+00:00\" \/>\n<meta property=\"og:image\" content=\"https:\/\/dev-hyundai-landing.pantheonsite.io\/wp-content\/uploads\/2023\/09\/patch_graphic.jpg\" \/>\n<meta name=\"twitter:card\" content=\"summary_large_image\" \/>\n<meta name=\"twitter:label1\" content=\"Est. reading time\" \/>\n\t<meta name=\"twitter:data1\" content=\"1 minuto\" \/>\n<script type=\"application\/ld+json\" class=\"yoast-schema-graph\">{\"@context\":\"https:\/\/schema.org\",\"@graph\":[{\"@type\":\"WebPage\",\"@id\":\"https:\/\/hyundaiantitheft.com\/es\/copia-clinica-movil-antirrobo-phoenix\/\",\"url\":\"https:\/\/hyundaiantitheft.com\/es\/copia-clinica-movil-antirrobo-phoenix\/\",\"name\":\"Phoenix Anti-Theft Mobile Clinic - Hyundai\",\"isPartOf\":{\"@id\":\"https:\/\/hyundaiantitheft.com\/#website\"},\"primaryImageOfPage\":{\"@id\":\"https:\/\/hyundaiantitheft.com\/es\/copia-clinica-movil-antirrobo-phoenix\/#primaryimage\"},\"image\":{\"@id\":\"https:\/\/hyundaiantitheft.com\/es\/copia-clinica-movil-antirrobo-phoenix\/#primaryimage\"},\"thumbnailUrl\":\"https:\/\/dev-hyundai-landing.pantheonsite.io\/wp-content\/uploads\/2023\/09\/patch_graphic.jpg\",\"datePublished\":\"2023-09-14T15:26:40+00:00\",\"dateModified\":\"2023-09-14T15:27:02+00:00\",\"breadcrumb\":{\"@id\":\"https:\/\/hyundaiantitheft.com\/es\/copia-clinica-movil-antirrobo-phoenix\/#breadcrumb\"},\"inLanguage\":\"es-MX\",\"potentialAction\":[{\"@type\":\"ReadAction\",\"target\":[\"https:\/\/hyundaiantitheft.com\/es\/copia-clinica-movil-antirrobo-phoenix\/\"]}]},{\"@type\":\"ImageObject\",\"inLanguage\":\"es-MX\",\"@id\":\"https:\/\/hyundaiantitheft.com\/es\/copia-clinica-movil-antirrobo-phoenix\/#primaryimage\",\"url\":\"https:\/\/dev-hyundai-landing.pantheonsite.io\/wp-content\/uploads\/2023\/09\/patch_graphic.jpg\",\"contentUrl\":\"https:\/\/dev-hyundai-landing.pantheonsite.io\/wp-content\/uploads\/2023\/09\/patch_graphic.jpg\"},{\"@type\":\"BreadcrumbList\",\"@id\":\"https:\/\/hyundaiantitheft.com\/es\/copia-clinica-movil-antirrobo-phoenix\/#breadcrumb\",\"itemListElement\":[{\"@type\":\"ListItem\",\"position\":1,\"name\":\"Home\",\"item\":\"https:\/\/hyundaiantitheft.com\/\"},{\"@type\":\"ListItem\",\"position\":2,\"name\":\"Phoenix Anti-Theft Mobile Clinic\"}]},{\"@type\":\"WebSite\",\"@id\":\"https:\/\/hyundaiantitheft.com\/#website\",\"url\":\"https:\/\/hyundaiantitheft.com\/\",\"name\":\"Hyundai\",\"description\":\"Anti-Theft Software Upgrade\",\"potentialAction\":[{\"@type\":\"SearchAction\",\"target\":{\"@type\":\"EntryPoint\",\"urlTemplate\":\"https:\/\/hyundaiantitheft.com\/?s={search_term_string}\"},\"query-input\":{\"@type\":\"PropertyValueSpecification\",\"valueRequired\":true,\"valueName\":\"search_term_string\"}}],\"inLanguage\":\"es-MX\"}]}<\/script>\n<!-- \/ Yoast SEO plugin. -->","yoast_head_json":{"title":"Cl\u00ednica m\u00f3vil antirrobo Phoenix - Hyundai","robots":{"index":"index","follow":"follow","max-snippet":"max-snippet:-1","max-image-preview":"max-image-preview:large","max-video-preview":"max-video-preview:-1"},"canonical":"https:\/\/hyundaiantitheft.com\/es\/copia-clinica-movil-antirrobo-phoenix\/","og_locale":"es_MX","og_type":"article","og_title":"Phoenix Anti-Theft Mobile Clinic - Hyundai","og_description":"Metrocenter Mall in Phoenix September 17 and 24 from 9:00 AM to 3:00 PM In response to persistent thefts targeting certain model year 2011 &#8211; 2022 Hyundai vehicles without push-button ignitions and immobilizing anti-theft devices, Hyundai Motor America is collaborating with Camelback Hyundai and the Phoenix Police, including the Phoenix Police Reserves and Phoenix Police&hellip;","og_url":"https:\/\/hyundaiantitheft.com\/es\/copia-clinica-movil-antirrobo-phoenix\/","og_site_name":"Hyundai","article_modified_time":"2023-09-14T15:27:02+00:00","og_image":[{"url":"https:\/\/dev-hyundai-landing.pantheonsite.io\/wp-content\/uploads\/2023\/09\/patch_graphic.jpg","type":"","width":"","height":""}],"twitter_card":"summary_large_image","twitter_misc":{"Est. reading time":"1 minuto"},"schema":{"@context":"https:\/\/schema.org","@graph":[{"@type":"WebPage","@id":"https:\/\/hyundaiantitheft.com\/es\/copia-clinica-movil-antirrobo-phoenix\/","url":"https:\/\/hyundaiantitheft.com\/es\/copia-clinica-movil-antirrobo-phoenix\/","name":"Cl\u00ednica m\u00f3vil antirrobo Phoenix - Hyundai","isPartOf":{"@id":"https:\/\/hyundaiantitheft.com\/#website"},"primaryImageOfPage":{"@id":"https:\/\/hyundaiantitheft.com\/es\/copia-clinica-movil-antirrobo-phoenix\/#primaryimage"},"image":{"@id":"https:\/\/hyundaiantitheft.com\/es\/copia-clinica-movil-antirrobo-phoenix\/#primaryimage"},"thumbnailUrl":"https:\/\/dev-hyundai-landing.pantheonsite.io\/wp-content\/uploads\/2023\/09\/patch_graphic.jpg","datePublished":"2023-09-14T15:26:40+00:00","dateModified":"2023-09-14T15:27:02+00:00","breadcrumb":{"@id":"https:\/\/hyundaiantitheft.com\/es\/copia-clinica-movil-antirrobo-phoenix\/#breadcrumb"},"inLanguage":"es-MX","potentialAction":[{"@type":"ReadAction","target":["https:\/\/hyundaiantitheft.com\/es\/copia-clinica-movil-antirrobo-phoenix\/"]}]},{"@type":"ImageObject","inLanguage":"es-MX","@id":"https:\/\/hyundaiantitheft.com\/es\/copia-clinica-movil-antirrobo-phoenix\/#primaryimage","url":"https:\/\/dev-hyundai-landing.pantheonsite.io\/wp-content\/uploads\/2023\/09\/patch_graphic.jpg","contentUrl":"https:\/\/dev-hyundai-landing.pantheonsite.io\/wp-content\/uploads\/2023\/09\/patch_graphic.jpg"},{"@type":"BreadcrumbList","@id":"https:\/\/hyundaiantitheft.com\/es\/copia-clinica-movil-antirrobo-phoenix\/#breadcrumb","itemListElement":[{"@type":"ListItem","position":1,"name":"Home","item":"https:\/\/hyundaiantitheft.com\/"},{"@type":"ListItem","position":2,"name":"Phoenix Anti-Theft Mobile Clinic"}]},{"@type":"WebSite","@id":"https:\/\/hyundaiantitheft.com\/#website","url":"https:\/\/hyundaiantitheft.com\/","name":"Hyundai","description":"Actualizaci\u00f3n del software antirrobo","potentialAction":[{"@type":"SearchAction","target":{"@type":"EntryPoint","urlTemplate":"https:\/\/hyundaiantitheft.com\/?s={search_term_string}"},"query-input":{"@type":"PropertyValueSpecification","valueRequired":true,"valueName":"search_term_string"}}],"inLanguage":"es-MX"}]}},"_links":{"self":[{"href":"https:\/\/hyundaiantitheft.com\/es\/wp-json\/wp\/v2\/pages\/443","targetHints":{"allow":["GET"]}}],"collection":[{"href":"https:\/\/hyundaiantitheft.com\/es\/wp-json\/wp\/v2\/pages"}],"about":[{"href":"https:\/\/hyundaiantitheft.com\/es\/wp-json\/wp\/v2\/types\/page"}],"author":[{"embeddable":true,"href":"https:\/\/hyundaiantitheft.com\/es\/wp-json\/wp\/v2\/users\/2"}],"replies":[{"embeddable":true,"href":"https:\/\/hyundaiantitheft.com\/es\/wp-json\/wp\/v2\/comments?post=443"}],"version-history":[{"count":3,"href":"https:\/\/hyundaiantitheft.com\/es\/wp-json\/wp\/v2\/pages\/443\/revisions"}],"predecessor-version":[{"id":447,"href":"https:\/\/hyundaiantitheft.com\/es\/wp-json\/wp\/v2\/pages\/443\/revisions\/447"}],"wp:attachment":[{"href":"https:\/\/hyundaiantitheft.com\/es\/wp-json\/wp\/v2\/media?parent=443"}],"curies":[{"name":"wp","href":"https:\/\/api.w.org\/{rel}","templated":true}]}}