{"id":491,"date":"2023-10-24T13:37:47","date_gmt":"2023-10-24T17:37:47","guid":{"rendered":"https:\/\/hyundaiantitheft.com\/?page_id=491"},"modified":"2023-10-27T15:45:37","modified_gmt":"2023-10-27T19:45:37","slug":"clinica-movil-antirrobo-de-nyc","status":"publish","type":"page","link":"https:\/\/hyundaiantitheft.com\/es\/clinica-movil-antirrobo-de-nyc\/","title":{"rendered":"Cl\u00ednica m\u00f3vil antirrobo de Nueva York"},"content":{"rendered":"<iframe src=\"https:\/\/www.google.com\/maps\/embed?pb=!1m18!1m12!1m3!1d3020.9896116308514!2d-73.83134012342751!3d40.78424253318907!2m3!1f0!2f0!3f0!3m2!1i1024!2i768!4f13.1!3m3!1m2!1s0x89c28aa525888709%3A0xae03ca3788b152da!2sCenter%20for%20Automotive%20Education%20%26%20Training!5e0!3m2!1sen!2sus!4v1698166450132!5m2!1sen!2sus\" width=\"600\" height=\"450\" allowfullscreen=\"\" loading=\"lazy\" referrerpolicy=\"no-referrer-when-downgrade\"><\/iframe>\n\t<h2>\n\t\t\t\tGNYADA's Center for Automotive Education &amp; Training en Whitestone, NY 28 y 29 de octubre de 7:00 AM a 7:00 PM\n\t\t\t<\/h2>\n\t\t\t<p>En respuesta a los robos persistentes que tienen como objetivo ciertos veh\u00edculos Hyundai sin bot\u00f3n de encendido y dispositivos antirrobo de inmovilizaci\u00f3n, Hyundai Motor America est\u00e1 colaborando con la Oficina de Seguridad P\u00fablica de Nueva York, la polic\u00eda de Nueva York, Hyundai Motor America, y la Greater New York Automobile Dealers Association (GNYADA) para proporcionar un centro de servicio m\u00f3vil en el Centro de GNYADA para la Educaci\u00f3n y Formaci\u00f3n Automotriz, ubicado en 15-30 Petracca Place, Whitestone, NY, 11357.<strong>Este acto se celebrar\u00e1 los d\u00edas 28 y 29 de octubre de 7.00 a 19.00 horas.<\/strong>El objetivo de la cl\u00ednica m\u00f3vil es complementar la red nacional de concesionarios de Hyundai e impulsar nuevas instalaciones de la actualizaci\u00f3n gratuita del software antirrobo de Hyundai para los clientes que siguen vi\u00e9ndose afectados por los robos. T\u00e9cnicos de servicio m\u00f3viles especialmente formados estar\u00e1n in situ para instalar y completar la actualizaci\u00f3n del software, que deber\u00eda durar menos de una hora. Para m\u00e1s informaci\u00f3n, visite <a href=\"http:\/\/www.hyundaiantitheft.com\">www.hyundaiantitheft.com<\/a><\/p>\t\n\t<p><strong><em>D\u00d3NDE:<\/em><\/strong><em>\u00a0<\/em><\/p>\n<p>Centro de educaci\u00f3n y formaci\u00f3n en automoci\u00f3n de GNYADA<\/p>\n<p>15-30 Petracca Place<\/p>\n<p>Whitestone, NY, 11357<\/p>\n\n\t<p><strong><em>HORARIO:<\/em><\/strong><\/p>\n<p>De 7:00 a 19:00<\/p>\n\t<p><strong><em>FECHAS:<\/em><\/strong><\/p>\n<p>28 y 29 de octubre<\/p>\n\t\t\t\t<img loading=\"lazy\" decoding=\"async\" src=\"https:\/\/www.hyundaiantitheft.com\/wp-content\/uploads\/2023\/10\/Patch_of_the_New_York_City_Police_Department.svg-241x300.png\" alt=\"Parche_del_Departamento_de_Polic\u00eda_de_Nueva_York.svg\" itemprop=\"image\" height=\"300\" width=\"241\" title=\"Parche_del_Departamento_de_Polic\u00eda_de_Nueva_York.svg\" onerror=\"this.style.display='none'\"  \/>\n\t\t\t\t<img decoding=\"async\" src=\"https:\/\/hyundaiantitheft.com\/wp-content\/uploads\/2023\/07\/hyundai-logo.png\" alt=\"hyundai-logo\" itemprop=\"image\" title=\"hyundai-logo\" onerror=\"this.style.display='none'\"  \/>\n\t\t\t\t<img loading=\"lazy\" decoding=\"async\" src=\"https:\/\/www.hyundaiantitheft.com\/wp-content\/uploads\/2023\/10\/OfficeOfTheMayor_Blue-300x174.png\" alt=\"OficinaDelAlcalde_Azul\" itemprop=\"image\" height=\"174\" width=\"300\" title=\"OficinaDelAlcalde_Azul\" onerror=\"this.style.display='none'\"  \/>\n\t\t\t\t<img loading=\"lazy\" decoding=\"async\" src=\"https:\/\/www.hyundaiantitheft.com\/wp-content\/uploads\/2023\/10\/GNYADA-Logo-300x226.png\" alt=\"GNYADA-Logo\" itemprop=\"image\" height=\"226\" width=\"300\" title=\"GNYADA-Logo\" onerror=\"this.style.display='none'\"  \/>","protected":false},"excerpt":{"rendered":"<p>GNYADA's Center for Automotive Education &amp; Training en Whitestone, NY 28 y 29 de octubre de 7:00 AM a 7:00 PM En respuesta a los robos persistentes dirigidos a ciertos veh\u00edculos Hyundai sin bot\u00f3n de encendido y dispositivos antirrobo de inmovilizaci\u00f3n, Hyundai Motor America est\u00e1 colaborando con la Oficina de Seguridad P\u00fablica de NYC, NYPD, Hyundai Motor America, y el Greater...<\/p>","protected":false},"author":2,"featured_media":0,"parent":0,"menu_order":0,"comment_status":"closed","ping_status":"closed","template":"","meta":{"_acf_changed":false,"inline_featured_image":false,"footnotes":""},"class_list":["post-491","page","type-page","status-publish","hentry"],"acf":[],"yoast_head":"<!-- This site is optimized with the Yoast SEO plugin v26.5 - https:\/\/yoast.com\/wordpress\/plugins\/seo\/ -->\n<title>NYC Anti-Theft Mobile Clinic - Hyundai<\/title>\n<meta name=\"robots\" content=\"index, follow, max-snippet:-1, max-image-preview:large, max-video-preview:-1\" \/>\n<link rel=\"canonical\" href=\"https:\/\/hyundaiantitheft.com\/es\/clinica-movil-antirrobo-de-nyc\/\" \/>\n<meta property=\"og:locale\" content=\"es_MX\" \/>\n<meta property=\"og:type\" content=\"article\" \/>\n<meta property=\"og:title\" content=\"NYC Anti-Theft Mobile Clinic - Hyundai\" \/>\n<meta property=\"og:description\" content=\"GNYADA&#8217;s Center for Automotive Education &#038; Training in Whitestone, NY October 28 and 29 from 7:00 AM to 7:00 PM In response to persistent thefts targeting certain Hyundai vehicles without push-button ignitions and immobilizing anti-theft devices, Hyundai Motor America is collaborating with the NYC Office of Public Safety, NYPD, Hyundai Motor America, and the Greater&hellip;\" \/>\n<meta property=\"og:url\" content=\"https:\/\/hyundaiantitheft.com\/es\/clinica-movil-antirrobo-de-nyc\/\" \/>\n<meta property=\"og:site_name\" content=\"Hyundai\" \/>\n<meta property=\"article:modified_time\" content=\"2023-10-27T19:45:37+00:00\" \/>\n<meta property=\"og:image\" content=\"https:\/\/www.hyundaiantitheft.com\/wp-content\/uploads\/2023\/10\/Patch_of_the_New_York_City_Police_Department.svg-241x300.png\" \/>\n<meta name=\"twitter:card\" content=\"summary_large_image\" \/>\n<script type=\"application\/ld+json\" class=\"yoast-schema-graph\">{\"@context\":\"https:\/\/schema.org\",\"@graph\":[{\"@type\":\"WebPage\",\"@id\":\"https:\/\/hyundaiantitheft.com\/nyc-anti-theft-mobile-clinic\/\",\"url\":\"https:\/\/hyundaiantitheft.com\/nyc-anti-theft-mobile-clinic\/\",\"name\":\"NYC Anti-Theft Mobile Clinic - Hyundai\",\"isPartOf\":{\"@id\":\"https:\/\/hyundaiantitheft.com\/#website\"},\"primaryImageOfPage\":{\"@id\":\"https:\/\/hyundaiantitheft.com\/nyc-anti-theft-mobile-clinic\/#primaryimage\"},\"image\":{\"@id\":\"https:\/\/hyundaiantitheft.com\/nyc-anti-theft-mobile-clinic\/#primaryimage\"},\"thumbnailUrl\":\"https:\/\/www.hyundaiantitheft.com\/wp-content\/uploads\/2023\/10\/Patch_of_the_New_York_City_Police_Department.svg-241x300.png\",\"datePublished\":\"2023-10-24T17:37:47+00:00\",\"dateModified\":\"2023-10-27T19:45:37+00:00\",\"breadcrumb\":{\"@id\":\"https:\/\/hyundaiantitheft.com\/nyc-anti-theft-mobile-clinic\/#breadcrumb\"},\"inLanguage\":\"es-MX\",\"potentialAction\":[{\"@type\":\"ReadAction\",\"target\":[\"https:\/\/hyundaiantitheft.com\/nyc-anti-theft-mobile-clinic\/\"]}]},{\"@type\":\"ImageObject\",\"inLanguage\":\"es-MX\",\"@id\":\"https:\/\/hyundaiantitheft.com\/nyc-anti-theft-mobile-clinic\/#primaryimage\",\"url\":\"https:\/\/www.hyundaiantitheft.com\/wp-content\/uploads\/2023\/10\/Patch_of_the_New_York_City_Police_Department.svg-241x300.png\",\"contentUrl\":\"https:\/\/www.hyundaiantitheft.com\/wp-content\/uploads\/2023\/10\/Patch_of_the_New_York_City_Police_Department.svg-241x300.png\"},{\"@type\":\"BreadcrumbList\",\"@id\":\"https:\/\/hyundaiantitheft.com\/nyc-anti-theft-mobile-clinic\/#breadcrumb\",\"itemListElement\":[{\"@type\":\"ListItem\",\"position\":1,\"name\":\"Home\",\"item\":\"https:\/\/hyundaiantitheft.com\/\"},{\"@type\":\"ListItem\",\"position\":2,\"name\":\"NYC Anti-Theft Mobile Clinic\"}]},{\"@type\":\"WebSite\",\"@id\":\"https:\/\/hyundaiantitheft.com\/#website\",\"url\":\"https:\/\/hyundaiantitheft.com\/\",\"name\":\"Hyundai\",\"description\":\"Anti-Theft Software Upgrade\",\"potentialAction\":[{\"@type\":\"SearchAction\",\"target\":{\"@type\":\"EntryPoint\",\"urlTemplate\":\"https:\/\/hyundaiantitheft.com\/?s={search_term_string}\"},\"query-input\":{\"@type\":\"PropertyValueSpecification\",\"valueRequired\":true,\"valueName\":\"search_term_string\"}}],\"inLanguage\":\"es-MX\"}]}<\/script>\n<!-- \/ Yoast SEO plugin. -->","yoast_head_json":{"title":"Cl\u00ednica m\u00f3vil antirrobo de NYC - Hyundai","robots":{"index":"index","follow":"follow","max-snippet":"max-snippet:-1","max-image-preview":"max-image-preview:large","max-video-preview":"max-video-preview:-1"},"canonical":"https:\/\/hyundaiantitheft.com\/es\/clinica-movil-antirrobo-de-nyc\/","og_locale":"es_MX","og_type":"article","og_title":"NYC Anti-Theft Mobile Clinic - Hyundai","og_description":"GNYADA&#8217;s Center for Automotive Education &#038; Training in Whitestone, NY October 28 and 29 from 7:00 AM to 7:00 PM In response to persistent thefts targeting certain Hyundai vehicles without push-button ignitions and immobilizing anti-theft devices, Hyundai Motor America is collaborating with the NYC Office of Public Safety, NYPD, Hyundai Motor America, and the Greater&hellip;","og_url":"https:\/\/hyundaiantitheft.com\/es\/clinica-movil-antirrobo-de-nyc\/","og_site_name":"Hyundai","article_modified_time":"2023-10-27T19:45:37+00:00","og_image":[{"url":"https:\/\/www.hyundaiantitheft.com\/wp-content\/uploads\/2023\/10\/Patch_of_the_New_York_City_Police_Department.svg-241x300.png","type":"","width":"","height":""}],"twitter_card":"summary_large_image","schema":{"@context":"https:\/\/schema.org","@graph":[{"@type":"WebPage","@id":"https:\/\/hyundaiantitheft.com\/nyc-anti-theft-mobile-clinic\/","url":"https:\/\/hyundaiantitheft.com\/nyc-anti-theft-mobile-clinic\/","name":"Cl\u00ednica m\u00f3vil antirrobo de NYC - Hyundai","isPartOf":{"@id":"https:\/\/hyundaiantitheft.com\/#website"},"primaryImageOfPage":{"@id":"https:\/\/hyundaiantitheft.com\/nyc-anti-theft-mobile-clinic\/#primaryimage"},"image":{"@id":"https:\/\/hyundaiantitheft.com\/nyc-anti-theft-mobile-clinic\/#primaryimage"},"thumbnailUrl":"https:\/\/www.hyundaiantitheft.com\/wp-content\/uploads\/2023\/10\/Patch_of_the_New_York_City_Police_Department.svg-241x300.png","datePublished":"2023-10-24T17:37:47+00:00","dateModified":"2023-10-27T19:45:37+00:00","breadcrumb":{"@id":"https:\/\/hyundaiantitheft.com\/nyc-anti-theft-mobile-clinic\/#breadcrumb"},"inLanguage":"es-MX","potentialAction":[{"@type":"ReadAction","target":["https:\/\/hyundaiantitheft.com\/nyc-anti-theft-mobile-clinic\/"]}]},{"@type":"ImageObject","inLanguage":"es-MX","@id":"https:\/\/hyundaiantitheft.com\/nyc-anti-theft-mobile-clinic\/#primaryimage","url":"https:\/\/www.hyundaiantitheft.com\/wp-content\/uploads\/2023\/10\/Patch_of_the_New_York_City_Police_Department.svg-241x300.png","contentUrl":"https:\/\/www.hyundaiantitheft.com\/wp-content\/uploads\/2023\/10\/Patch_of_the_New_York_City_Police_Department.svg-241x300.png"},{"@type":"BreadcrumbList","@id":"https:\/\/hyundaiantitheft.com\/nyc-anti-theft-mobile-clinic\/#breadcrumb","itemListElement":[{"@type":"ListItem","position":1,"name":"Home","item":"https:\/\/hyundaiantitheft.com\/"},{"@type":"ListItem","position":2,"name":"NYC Anti-Theft Mobile Clinic"}]},{"@type":"WebSite","@id":"https:\/\/hyundaiantitheft.com\/#website","url":"https:\/\/hyundaiantitheft.com\/","name":"Hyundai","description":"Actualizaci\u00f3n del software antirrobo","potentialAction":[{"@type":"SearchAction","target":{"@type":"EntryPoint","urlTemplate":"https:\/\/hyundaiantitheft.com\/?s={search_term_string}"},"query-input":{"@type":"PropertyValueSpecification","valueRequired":true,"valueName":"search_term_string"}}],"inLanguage":"es-MX"}]}},"_links":{"self":[{"href":"https:\/\/hyundaiantitheft.com\/es\/wp-json\/wp\/v2\/pages\/491","targetHints":{"allow":["GET"]}}],"collection":[{"href":"https:\/\/hyundaiantitheft.com\/es\/wp-json\/wp\/v2\/pages"}],"about":[{"href":"https:\/\/hyundaiantitheft.com\/es\/wp-json\/wp\/v2\/types\/page"}],"author":[{"embeddable":true,"href":"https:\/\/hyundaiantitheft.com\/es\/wp-json\/wp\/v2\/users\/2"}],"replies":[{"embeddable":true,"href":"https:\/\/hyundaiantitheft.com\/es\/wp-json\/wp\/v2\/comments?post=491"}],"version-history":[{"count":8,"href":"https:\/\/hyundaiantitheft.com\/es\/wp-json\/wp\/v2\/pages\/491\/revisions"}],"predecessor-version":[{"id":524,"href":"https:\/\/hyundaiantitheft.com\/es\/wp-json\/wp\/v2\/pages\/491\/revisions\/524"}],"wp:attachment":[{"href":"https:\/\/hyundaiantitheft.com\/es\/wp-json\/wp\/v2\/media?parent=491"}],"curies":[{"name":"wp","href":"https:\/\/api.w.org\/{rel}","templated":true}]}}