{"id":559,"date":"2023-11-02T16:35:20","date_gmt":"2023-11-02T20:35:20","guid":{"rendered":"https:\/\/hyundaiantitheft.com\/?page_id=559"},"modified":"2024-01-19T18:49:49","modified_gmt":"2024-01-19T23:49:49","slug":"informacion-para-las-comunidades","status":"publish","type":"page","link":"https:\/\/hyundaiantitheft.com\/es\/informacion-para-las-comunidades\/","title":{"rendered":"Informaci\u00f3n para las Comunidades"},"content":{"rendered":"<meta itemprop=\"url\" content=\"https:\/\/hyundaiantitheft.com\/wp-content\/uploads\/2024\/01\/hyundai-anti-theft-clinics-summary.mp4\" \/><div style=\"width: 640px;\" class=\"wp-video\"><video class=\"wp-video-shortcode\" id=\"video-559-1\" width=\"640\" height=\"360\" poster=\"https:\/\/hyundaiantitheft.com\/wp-content\/uploads\/2024\/01\/placeholder.jpg\" preload=\"none\" controls=\"controls\"><source type=\"video\/mp4\" src=\"https:\/\/hyundaiantitheft.com\/wp-content\/uploads\/2024\/01\/hyundai-anti-theft-clinics-summary.mp4?_=1\" \/><a href=\"https:\/\/hyundaiantitheft.com\/wp-content\/uploads\/2024\/01\/hyundai-anti-theft-clinics-summary.mp4\">https:\/\/hyundaiantitheft.com\/wp-content\/uploads\/2024\/01\/hyundai-anti-theft-clinics-summary.mp4<\/a><\/video><\/div>\n<h2>\n\t\tMedidas adoptadas frente a los robos a trav\u00e9s de las redes sociales\n\t<\/h2>\n\t<p>Hyundai est\u00e1 tomando medidas exhaustivas para ayudar a los clientes y a las comunidades afectadas por los robos de veh\u00edculos promovidos en las redes sociales. En todo el pa\u00eds, estamos trabajando en colaboraci\u00f3n con los funcionarios del gobierno local, los departamentos de polic\u00eda y otras organizaciones para garantizar la seguridad de nuestros clientes, sus veh\u00edculos y las comunidades en las que vivimos y hacemos negocios.<\/p>\n\t<ul>\n\t\t\t<li>\n\t\t\t\tHyundai est\u00e1 colaborando estrechamente con las fuerzas del orden locales y los funcionarios p\u00fablicos para dar a conocer las actualizaciones gratuitas del software antirrobo para los veh\u00edculos que re\u00fanan los requisitos y para proporcionar bloqueos del volante a los clientes afectados. \n\t\t\t<\/li>\n\t\t\t<li>\n\t\t\t\tLos concesionarios Hyundai de todo el pa\u00eds est\u00e1n maximizando el n\u00famero de instalaciones de software antirrobo que pueden realizarse diariamente, acelerando los \u00edndices de finalizaci\u00f3n que se comunican a la Administraci\u00f3n Nacional de Seguridad del Tr\u00e1fico en Carretera. \n\t\t\t<\/li>\n\t\t\t<li>\n\t\t\t\tAdem\u00e1s de estas instalaciones en los concesionarios, Hyundai est\u00e1 organizando centros m\u00f3viles de servicio antirrobo en ciudades de todo el pa\u00eds para impulsar a\u00fan m\u00e1s las instalaciones de software. Las cl\u00ednicas son en asociaci\u00f3n con funcionarios del gobierno local, agencias de aplicaci\u00f3n de la ley, y grupos comunitarios, incluyendo el alcalde Muriel Bowser y el Departamento de Polic\u00eda Metropolitana en Washington, DC, el alcalde Eric Adams y el Departamento de Pol\u00edtica de Nueva York en la ciudad de Nueva York, y la Liga Urbana de Metropolitan St.\n\t\t\t<\/li>\n\t\t\t<li>\n\t\t\t\tEsta iniciativa se est\u00e1 repitiendo en otras grandes \u00e1reas metropolitanas, como Chicago, Minneapolis, St. Paul, Rochester y Cleveland. Hyundai tambi\u00e9n est\u00e1 apoyando varias cl\u00ednicas regionales de un solo d\u00eda operadas por concesionarios Hyundai en todo el pa\u00eds, incluyendo Arizona, California, Georgia, Florida, Nevada y Ohio.\n\t\t\t<\/li>\n\t\t\t<li>\n\t\t\t\tEn colaboraci\u00f3n con las aseguradoras AAA, Hyundai ofrece opciones de seguro en la mayor\u00eda de los estados para los propietarios de determinados veh\u00edculos Hyundai sin dispositivos antirrobo inmovilizadores.\n\t\t\t<\/li>\n\t\t\t<li>\n\t\t\t\tHyundai tambi\u00e9n supervisa continuamente las plataformas de las redes sociales y colabora con ellas para eliminar los v\u00eddeos que promueven los robos. Nuestra colaboraci\u00f3n con estas empresas ayuda a disuadir de nuevos intentos de robo contra veh\u00edculos Hyundai. \n\t\t\t<\/li>\n\t\t\t<li>\n\t\t\t\tLos inmovilizadores de motor son ahora de serie en todos los veh\u00edculos Hyundai producidos a partir de noviembre de 2021.\n\t\t\t<\/li>\n\t\t<\/ul>\n\t<p>La colaboraci\u00f3n a nivel estatal y local es fundamental para proteger a nuestras comunidades de los robos de veh\u00edculos. Por eso hemos colaborado de forma constante con las autoridades locales y con m\u00e1s de 850 cuerpos de seguridad de todo el pa\u00eds, no solo para concienciar sobre este problema, sino tambi\u00e9n para proporcionar a los ciudadanos las herramientas, los recursos y los dispositivos antirrobo adecuados que les ayuden a proteger sus veh\u00edculos y a protegerse a s\u00ed mismos.<\/p>\n<p>&nbsp;<\/p>\n<p><strong>Explorar la posibilidad de asociarse con Hyundai, <a href=\"mailto:igabriel@hmausa.com\">contacte con nuestro equipo<\/a><\/strong><\/p>","protected":false},"excerpt":{"rendered":"<p>Hyundai est\u00e1 tomando medidas exhaustivas para ayudar a los clientes y a las comunidades afectadas por los robos de veh\u00edculos promovidos en las redes sociales. En todo el pa\u00eds, estamos trabajando en colaboraci\u00f3n con las autoridades locales, los departamentos de polic\u00eda y otras organizaciones para garantizar la seguridad de nuestros clientes, sus veh\u00edculos y las comunidades...<\/p>","protected":false},"author":2,"featured_media":0,"parent":0,"menu_order":0,"comment_status":"closed","ping_status":"closed","template":"","meta":{"_acf_changed":false,"inline_featured_image":false,"footnotes":""},"class_list":["post-559","page","type-page","status-publish","hentry"],"acf":[],"yoast_head":"<!-- This site is optimized with the Yoast SEO plugin v26.5 - https:\/\/yoast.com\/wordpress\/plugins\/seo\/ -->\n<title>Information for Communities - Hyundai<\/title>\n<meta name=\"robots\" content=\"index, follow, max-snippet:-1, max-image-preview:large, max-video-preview:-1\" \/>\n<link rel=\"canonical\" href=\"https:\/\/hyundaiantitheft.com\/es\/informacion-para-las-comunidades\/\" \/>\n<meta property=\"og:locale\" content=\"es_MX\" \/>\n<meta property=\"og:type\" content=\"article\" \/>\n<meta property=\"og:title\" content=\"Information for Communities - Hyundai\" \/>\n<meta property=\"og:description\" content=\"Actions Taken to Address Social Media-driven Thefts Hyundai is taking comprehensive action to assist customers and communities affected by vehicle thefts promoted on social media. Across the country, we are working collaboratively with local government officials, police departments, and other organizations to ensure the safety and security of our customers, their vehicles, and the communities&hellip;\" \/>\n<meta property=\"og:url\" content=\"https:\/\/hyundaiantitheft.com\/es\/informacion-para-las-comunidades\/\" \/>\n<meta property=\"og:site_name\" content=\"Hyundai\" \/>\n<meta property=\"article:modified_time\" content=\"2024-01-19T23:49:49+00:00\" \/>\n<meta name=\"twitter:card\" content=\"summary_large_image\" \/>\n<script type=\"application\/ld+json\" class=\"yoast-schema-graph\">{\"@context\":\"https:\/\/schema.org\",\"@graph\":[{\"@type\":\"WebPage\",\"@id\":\"https:\/\/hyundaiantitheft.com\/information-for-communities\/\",\"url\":\"https:\/\/hyundaiantitheft.com\/information-for-communities\/\",\"name\":\"Information for Communities - Hyundai\",\"isPartOf\":{\"@id\":\"https:\/\/hyundaiantitheft.com\/#website\"},\"datePublished\":\"2023-11-02T20:35:20+00:00\",\"dateModified\":\"2024-01-19T23:49:49+00:00\",\"breadcrumb\":{\"@id\":\"https:\/\/hyundaiantitheft.com\/information-for-communities\/#breadcrumb\"},\"inLanguage\":\"es-MX\",\"potentialAction\":[{\"@type\":\"ReadAction\",\"target\":[\"https:\/\/hyundaiantitheft.com\/information-for-communities\/\"]}]},{\"@type\":\"BreadcrumbList\",\"@id\":\"https:\/\/hyundaiantitheft.com\/information-for-communities\/#breadcrumb\",\"itemListElement\":[{\"@type\":\"ListItem\",\"position\":1,\"name\":\"Home\",\"item\":\"https:\/\/hyundaiantitheft.com\/\"},{\"@type\":\"ListItem\",\"position\":2,\"name\":\"Information for Communities\"}]},{\"@type\":\"WebSite\",\"@id\":\"https:\/\/hyundaiantitheft.com\/#website\",\"url\":\"https:\/\/hyundaiantitheft.com\/\",\"name\":\"Hyundai\",\"description\":\"Anti-Theft Software Upgrade\",\"potentialAction\":[{\"@type\":\"SearchAction\",\"target\":{\"@type\":\"EntryPoint\",\"urlTemplate\":\"https:\/\/hyundaiantitheft.com\/?s={search_term_string}\"},\"query-input\":{\"@type\":\"PropertyValueSpecification\",\"valueRequired\":true,\"valueName\":\"search_term_string\"}}],\"inLanguage\":\"es-MX\"}]}<\/script>\n<!-- \/ Yoast SEO plugin. -->","yoast_head_json":{"title":"Informaci\u00f3n para las Comunidades - Hyundai","robots":{"index":"index","follow":"follow","max-snippet":"max-snippet:-1","max-image-preview":"max-image-preview:large","max-video-preview":"max-video-preview:-1"},"canonical":"https:\/\/hyundaiantitheft.com\/es\/informacion-para-las-comunidades\/","og_locale":"es_MX","og_type":"article","og_title":"Information for Communities - Hyundai","og_description":"Actions Taken to Address Social Media-driven Thefts Hyundai is taking comprehensive action to assist customers and communities affected by vehicle thefts promoted on social media. Across the country, we are working collaboratively with local government officials, police departments, and other organizations to ensure the safety and security of our customers, their vehicles, and the communities&hellip;","og_url":"https:\/\/hyundaiantitheft.com\/es\/informacion-para-las-comunidades\/","og_site_name":"Hyundai","article_modified_time":"2024-01-19T23:49:49+00:00","twitter_card":"summary_large_image","schema":{"@context":"https:\/\/schema.org","@graph":[{"@type":"WebPage","@id":"https:\/\/hyundaiantitheft.com\/information-for-communities\/","url":"https:\/\/hyundaiantitheft.com\/information-for-communities\/","name":"Informaci\u00f3n para las Comunidades - Hyundai","isPartOf":{"@id":"https:\/\/hyundaiantitheft.com\/#website"},"datePublished":"2023-11-02T20:35:20+00:00","dateModified":"2024-01-19T23:49:49+00:00","breadcrumb":{"@id":"https:\/\/hyundaiantitheft.com\/information-for-communities\/#breadcrumb"},"inLanguage":"es-MX","potentialAction":[{"@type":"ReadAction","target":["https:\/\/hyundaiantitheft.com\/information-for-communities\/"]}]},{"@type":"BreadcrumbList","@id":"https:\/\/hyundaiantitheft.com\/information-for-communities\/#breadcrumb","itemListElement":[{"@type":"ListItem","position":1,"name":"Home","item":"https:\/\/hyundaiantitheft.com\/"},{"@type":"ListItem","position":2,"name":"Information for Communities"}]},{"@type":"WebSite","@id":"https:\/\/hyundaiantitheft.com\/#website","url":"https:\/\/hyundaiantitheft.com\/","name":"Hyundai","description":"Actualizaci\u00f3n del software antirrobo","potentialAction":[{"@type":"SearchAction","target":{"@type":"EntryPoint","urlTemplate":"https:\/\/hyundaiantitheft.com\/?s={search_term_string}"},"query-input":{"@type":"PropertyValueSpecification","valueRequired":true,"valueName":"search_term_string"}}],"inLanguage":"es-MX"}]}},"_links":{"self":[{"href":"https:\/\/hyundaiantitheft.com\/es\/wp-json\/wp\/v2\/pages\/559","targetHints":{"allow":["GET"]}}],"collection":[{"href":"https:\/\/hyundaiantitheft.com\/es\/wp-json\/wp\/v2\/pages"}],"about":[{"href":"https:\/\/hyundaiantitheft.com\/es\/wp-json\/wp\/v2\/types\/page"}],"author":[{"embeddable":true,"href":"https:\/\/hyundaiantitheft.com\/es\/wp-json\/wp\/v2\/users\/2"}],"replies":[{"embeddable":true,"href":"https:\/\/hyundaiantitheft.com\/es\/wp-json\/wp\/v2\/comments?post=559"}],"version-history":[{"count":10,"href":"https:\/\/hyundaiantitheft.com\/es\/wp-json\/wp\/v2\/pages\/559\/revisions"}],"predecessor-version":[{"id":647,"href":"https:\/\/hyundaiantitheft.com\/es\/wp-json\/wp\/v2\/pages\/559\/revisions\/647"}],"wp:attachment":[{"href":"https:\/\/hyundaiantitheft.com\/es\/wp-json\/wp\/v2\/media?parent=559"}],"curies":[{"name":"wp","href":"https:\/\/api.w.org\/{rel}","templated":true}]}}