{"id":574,"date":"2023-11-07T17:41:47","date_gmt":"2023-11-07T22:41:47","guid":{"rendered":"https:\/\/hyundaiantitheft.com\/?page_id=574"},"modified":"2023-11-09T08:39:04","modified_gmt":"2023-11-09T13:39:04","slug":"clinica-movil-antirrobo-de-mn","status":"publish","type":"page","link":"https:\/\/hyundaiantitheft.com\/es\/clinica-movil-antirrobo-de-mn\/","title":{"rendered":"Cl\u00ednica m\u00f3vil antirrobo de Minnesota"},"content":{"rendered":"<iframe src=\"https:\/\/www.google.com\/maps\/embed?pb=!1m18!1m12!1m3!1d2823.7016725051726!2d-93.2809002232693!3d44.94973226761684!2m3!1f0!2f0!3f0!3m2!1i1024!2i768!4f13.1!3m3!1m2!1s0x87f627f4ca20b961%3A0xf9a749a0ca2a0703!2s10%20W%20Lake%20St%2C%20Minneapolis%2C%20MN%2055408!5e0!3m2!1sen!2sus!4v1699396486602!5m2!1sen!2sus\" width=\"600\" height=\"450\" allowfullscreen=\"\" loading=\"lazy\" referrerpolicy=\"no-referrer-when-downgrade\"><\/iframe>\n\t<iframe src=\"https:\/\/www.google.com\/maps\/embed?pb=!1m18!1m12!1m3!1d2823.526183159284!2d-93.1679187232692!3d44.95329926738089!2m3!1f0!2f0!3f0!3m2!1i1024!2i768!4f13.1!3m3!1m2!1s0x87f62a08df91acb3%3A0x2efe4cd80c657c1!2s400%20Snelling%20Ave%20N%2C%20St%20Paul%2C%20MN%2055104!5e0!3m2!1sen!2sus!4v1699396514272!5m2!1sen!2sus\" width=\"600\" height=\"450\" allowfullscreen=\"\" loading=\"lazy\" referrerpolicy=\"no-referrer-when-downgrade\"><\/iframe>\n\t<h2>\n\t\t\t\tEvento gratuito este fin de semana en dos localidades de las Ciudades Gemelas para instalar software antirrobo a los propietarios de Hyundai afectados para combatir los robos de coches.\n\t\t\t<\/h2>\n\t\t\t<p><strong>Minneapolis<\/strong>10 W Lake StreetD\u00edas 10 y 11 de noviembre, de 8.00 a 17.00 horas\u00a0<strong>San Pablo<\/strong>400 Snelling Ave NNoviembre 12 - 13, 8 am - 5 pm El Departamento de Polic\u00eda de Minneapolis, el Departamento de Polic\u00eda de St. Paul y Hyundai organizar\u00e1n un evento gratuito este fin de semana para instalar software antirrobo a los propietarios de Hyundai afectados para combatir los robos de coches en dos lugares de las Ciudades Gemelas.\u00a0<strong>La cl\u00ednica se celebrar\u00e1 de 8.00 a 17.00 horas cada d\u00eda, el viernes y el s\u00e1bado en Minneapolis, y el domingo y el lunes en St. Paul.<\/strong>\u00a0El objetivo de la cl\u00ednica m\u00f3vil es complementar la red nacional de concesionarios Hyundai e impulsar nuevas instalaciones de la actualizaci\u00f3n gratuita del software antirrobo de Hyundai para los clientes que siguen vi\u00e9ndose afectados por los robos. T\u00e9cnicos de servicio m\u00f3viles especialmente formados estar\u00e1n in situ para instalar y completar la actualizaci\u00f3n del software, que deber\u00eda llevar menos de 30 minutos. Gratuita. No es necesario registrarse. Sala de atenci\u00f3n al cliente.\u00a0<\/p>\t\n\t\t\t\t<img loading=\"lazy\" decoding=\"async\" src=\"https:\/\/hyundaiantitheft.com\/wp-content\/uploads\/2023\/07\/hyundai-logo.png\" alt=\"hyundai-logo\" itemprop=\"image\" height=\"155\" width=\"223\" title=\"hyundai-logo\" onerror=\"this.style.display='none'\"  \/>\n\t<p><strong><em>Minneapolis:<\/em><\/strong><em>\u00a0<\/em><\/p>\n<p><strong>Date:<\/strong>\u00a0Viernes 10 y s\u00e1bado 11 de noviembre.<\/p>\n<p><strong>Ubicaci\u00f3n:<\/strong> Antiguo aparcamiento de Kmart<\/p>\n<p><strong>Direcci\u00f3n:<\/strong>\u00a010 W. Lake St, Minneapolis, MN 55408<\/p>\n\n\t\t\t\t<img loading=\"lazy\" decoding=\"async\" src=\"https:\/\/hyundaiantitheft.com\/wp-content\/uploads\/2023\/11\/City-logo-with-police-badge-lock-up.jpg\" alt=\"Logotipo de la ciudad con insignia de polic\u00eda\" itemprop=\"image\" height=\"365\" width=\"994\" title=\"Logotipo de la ciudad con insignia de polic\u00eda\" onerror=\"this.style.display='none'\"  \/>\n\t<p><strong><em>HORARIO:<\/em><\/strong><\/p>\n<p>De 8:00 a 17:00<\/p>\n\t<p><strong><em>San Pablo:<\/em><\/strong><em>\u00a0<\/em><\/p>\n<p><strong>Date:<\/strong>\u00a0Domingo 12 y lunes 13 de noviembre<\/p>\n<p><strong>Ubicaci\u00f3n:<\/strong> Allianz Arena - Aparcamiento del centro comercial<\/p>\n<p><strong>Direcci\u00f3n:<\/strong>\u00a0400 Snelling Ave, N. St. Paul, MN 55104<\/p>\n\n\t\t\t\t<img loading=\"lazy\" decoding=\"async\" src=\"https:\/\/hyundaiantitheft.com\/wp-content\/uploads\/2023\/11\/SPPD-New-Logo-2023-BLUE.png\" alt=\"SPPD - Nuevo logotipo - 2023 - AZUL\" itemprop=\"image\" height=\"337\" width=\"792\" title=\"SPPD - Nuevo logotipo - 2023 - AZUL\" onerror=\"this.style.display='none'\"  \/>","protected":false},"excerpt":{"rendered":"<p>Evento gratuito este fin de semana en dos lugares de las Ciudades Gemelas para instalar software antirrobo a los propietarios de Hyundai afectados para combatir los robos de coches Minneapolis10 W Lake Street10 - 11 de noviembre, 8 am - 5 pm St. Paul400 Snelling Ave N12 - 13 de noviembre, 8 am - 5 pm El Departamento de Polic\u00eda de Minneapolis, el Departamento de Polic\u00eda de St...<\/p>","protected":false},"author":2,"featured_media":0,"parent":0,"menu_order":0,"comment_status":"closed","ping_status":"closed","template":"","meta":{"_acf_changed":false,"inline_featured_image":false,"footnotes":""},"class_list":["post-574","page","type-page","status-publish","hentry"],"acf":[],"yoast_head":"<!-- This site is optimized with the Yoast SEO plugin v26.5 - https:\/\/yoast.com\/wordpress\/plugins\/seo\/ -->\n<title>Minnesota Anti-Theft Mobile Clinic - Hyundai<\/title>\n<meta name=\"robots\" content=\"index, follow, max-snippet:-1, max-image-preview:large, max-video-preview:-1\" \/>\n<link rel=\"canonical\" href=\"https:\/\/hyundaiantitheft.com\/es\/clinica-movil-antirrobo-de-mn\/\" \/>\n<meta property=\"og:locale\" content=\"es_MX\" \/>\n<meta property=\"og:type\" content=\"article\" \/>\n<meta property=\"og:title\" content=\"Minnesota Anti-Theft Mobile Clinic - Hyundai\" \/>\n<meta property=\"og:description\" content=\"Free event this weekend at two locations in the Twin Cities to install anti-theft software for affected Hyundai owners to combat car thefts Minneapolis10 W Lake StreetNovember 10 &#8211; 11, 8 am &#8211; 5 pm\u00a0St. Paul400 Snelling Ave NNovember 12 &#8211; 13, 8 am &#8211; 5 pm\u00a0The Minneapolis Police Department, St. Paul Police Department, and&hellip;\" \/>\n<meta property=\"og:url\" content=\"https:\/\/hyundaiantitheft.com\/es\/clinica-movil-antirrobo-de-mn\/\" \/>\n<meta property=\"og:site_name\" content=\"Hyundai\" \/>\n<meta property=\"article:modified_time\" content=\"2023-11-09T13:39:04+00:00\" \/>\n<meta property=\"og:image\" content=\"https:\/\/hyundaiantitheft.com\/wp-content\/uploads\/2023\/07\/hyundai-logo.png\" \/>\n<meta name=\"twitter:card\" content=\"summary_large_image\" \/>\n<script type=\"application\/ld+json\" class=\"yoast-schema-graph\">{\"@context\":\"https:\/\/schema.org\",\"@graph\":[{\"@type\":\"WebPage\",\"@id\":\"https:\/\/hyundaiantitheft.com\/mn-anti-theft-mobile-clinic\/\",\"url\":\"https:\/\/hyundaiantitheft.com\/mn-anti-theft-mobile-clinic\/\",\"name\":\"Minnesota Anti-Theft Mobile Clinic - Hyundai\",\"isPartOf\":{\"@id\":\"https:\/\/hyundaiantitheft.com\/#website\"},\"primaryImageOfPage\":{\"@id\":\"https:\/\/hyundaiantitheft.com\/mn-anti-theft-mobile-clinic\/#primaryimage\"},\"image\":{\"@id\":\"https:\/\/hyundaiantitheft.com\/mn-anti-theft-mobile-clinic\/#primaryimage\"},\"thumbnailUrl\":\"https:\/\/hyundaiantitheft.com\/wp-content\/uploads\/2023\/07\/hyundai-logo.png\",\"datePublished\":\"2023-11-07T22:41:47+00:00\",\"dateModified\":\"2023-11-09T13:39:04+00:00\",\"breadcrumb\":{\"@id\":\"https:\/\/hyundaiantitheft.com\/mn-anti-theft-mobile-clinic\/#breadcrumb\"},\"inLanguage\":\"es-MX\",\"potentialAction\":[{\"@type\":\"ReadAction\",\"target\":[\"https:\/\/hyundaiantitheft.com\/mn-anti-theft-mobile-clinic\/\"]}]},{\"@type\":\"ImageObject\",\"inLanguage\":\"es-MX\",\"@id\":\"https:\/\/hyundaiantitheft.com\/mn-anti-theft-mobile-clinic\/#primaryimage\",\"url\":\"https:\/\/hyundaiantitheft.com\/wp-content\/uploads\/2023\/07\/hyundai-logo.png\",\"contentUrl\":\"https:\/\/hyundaiantitheft.com\/wp-content\/uploads\/2023\/07\/hyundai-logo.png\"},{\"@type\":\"BreadcrumbList\",\"@id\":\"https:\/\/hyundaiantitheft.com\/mn-anti-theft-mobile-clinic\/#breadcrumb\",\"itemListElement\":[{\"@type\":\"ListItem\",\"position\":1,\"name\":\"Home\",\"item\":\"https:\/\/hyundaiantitheft.com\/\"},{\"@type\":\"ListItem\",\"position\":2,\"name\":\"Minnesota Anti-Theft Mobile Clinic\"}]},{\"@type\":\"WebSite\",\"@id\":\"https:\/\/hyundaiantitheft.com\/#website\",\"url\":\"https:\/\/hyundaiantitheft.com\/\",\"name\":\"Hyundai\",\"description\":\"Anti-Theft Software Upgrade\",\"potentialAction\":[{\"@type\":\"SearchAction\",\"target\":{\"@type\":\"EntryPoint\",\"urlTemplate\":\"https:\/\/hyundaiantitheft.com\/?s={search_term_string}\"},\"query-input\":{\"@type\":\"PropertyValueSpecification\",\"valueRequired\":true,\"valueName\":\"search_term_string\"}}],\"inLanguage\":\"es-MX\"}]}<\/script>\n<!-- \/ Yoast SEO plugin. -->","yoast_head_json":{"title":"Cl\u00ednica m\u00f3vil antirrobo de Minnesota - Hyundai","robots":{"index":"index","follow":"follow","max-snippet":"max-snippet:-1","max-image-preview":"max-image-preview:large","max-video-preview":"max-video-preview:-1"},"canonical":"https:\/\/hyundaiantitheft.com\/es\/clinica-movil-antirrobo-de-mn\/","og_locale":"es_MX","og_type":"article","og_title":"Minnesota Anti-Theft Mobile Clinic - Hyundai","og_description":"Free event this weekend at two locations in the Twin Cities to install anti-theft software for affected Hyundai owners to combat car thefts Minneapolis10 W Lake StreetNovember 10 &#8211; 11, 8 am &#8211; 5 pm\u00a0St. Paul400 Snelling Ave NNovember 12 &#8211; 13, 8 am &#8211; 5 pm\u00a0The Minneapolis Police Department, St. Paul Police Department, and&hellip;","og_url":"https:\/\/hyundaiantitheft.com\/es\/clinica-movil-antirrobo-de-mn\/","og_site_name":"Hyundai","article_modified_time":"2023-11-09T13:39:04+00:00","og_image":[{"url":"https:\/\/hyundaiantitheft.com\/wp-content\/uploads\/2023\/07\/hyundai-logo.png","type":"","width":"","height":""}],"twitter_card":"summary_large_image","schema":{"@context":"https:\/\/schema.org","@graph":[{"@type":"WebPage","@id":"https:\/\/hyundaiantitheft.com\/mn-anti-theft-mobile-clinic\/","url":"https:\/\/hyundaiantitheft.com\/mn-anti-theft-mobile-clinic\/","name":"Cl\u00ednica m\u00f3vil antirrobo de Minnesota - Hyundai","isPartOf":{"@id":"https:\/\/hyundaiantitheft.com\/#website"},"primaryImageOfPage":{"@id":"https:\/\/hyundaiantitheft.com\/mn-anti-theft-mobile-clinic\/#primaryimage"},"image":{"@id":"https:\/\/hyundaiantitheft.com\/mn-anti-theft-mobile-clinic\/#primaryimage"},"thumbnailUrl":"https:\/\/hyundaiantitheft.com\/wp-content\/uploads\/2023\/07\/hyundai-logo.png","datePublished":"2023-11-07T22:41:47+00:00","dateModified":"2023-11-09T13:39:04+00:00","breadcrumb":{"@id":"https:\/\/hyundaiantitheft.com\/mn-anti-theft-mobile-clinic\/#breadcrumb"},"inLanguage":"es-MX","potentialAction":[{"@type":"ReadAction","target":["https:\/\/hyundaiantitheft.com\/mn-anti-theft-mobile-clinic\/"]}]},{"@type":"ImageObject","inLanguage":"es-MX","@id":"https:\/\/hyundaiantitheft.com\/mn-anti-theft-mobile-clinic\/#primaryimage","url":"https:\/\/hyundaiantitheft.com\/wp-content\/uploads\/2023\/07\/hyundai-logo.png","contentUrl":"https:\/\/hyundaiantitheft.com\/wp-content\/uploads\/2023\/07\/hyundai-logo.png"},{"@type":"BreadcrumbList","@id":"https:\/\/hyundaiantitheft.com\/mn-anti-theft-mobile-clinic\/#breadcrumb","itemListElement":[{"@type":"ListItem","position":1,"name":"Home","item":"https:\/\/hyundaiantitheft.com\/"},{"@type":"ListItem","position":2,"name":"Minnesota Anti-Theft Mobile Clinic"}]},{"@type":"WebSite","@id":"https:\/\/hyundaiantitheft.com\/#website","url":"https:\/\/hyundaiantitheft.com\/","name":"Hyundai","description":"Actualizaci\u00f3n del software antirrobo","potentialAction":[{"@type":"SearchAction","target":{"@type":"EntryPoint","urlTemplate":"https:\/\/hyundaiantitheft.com\/?s={search_term_string}"},"query-input":{"@type":"PropertyValueSpecification","valueRequired":true,"valueName":"search_term_string"}}],"inLanguage":"es-MX"}]}},"_links":{"self":[{"href":"https:\/\/hyundaiantitheft.com\/es\/wp-json\/wp\/v2\/pages\/574","targetHints":{"allow":["GET"]}}],"collection":[{"href":"https:\/\/hyundaiantitheft.com\/es\/wp-json\/wp\/v2\/pages"}],"about":[{"href":"https:\/\/hyundaiantitheft.com\/es\/wp-json\/wp\/v2\/types\/page"}],"author":[{"embeddable":true,"href":"https:\/\/hyundaiantitheft.com\/es\/wp-json\/wp\/v2\/users\/2"}],"replies":[{"embeddable":true,"href":"https:\/\/hyundaiantitheft.com\/es\/wp-json\/wp\/v2\/comments?post=574"}],"version-history":[{"count":8,"href":"https:\/\/hyundaiantitheft.com\/es\/wp-json\/wp\/v2\/pages\/574\/revisions"}],"predecessor-version":[{"id":587,"href":"https:\/\/hyundaiantitheft.com\/es\/wp-json\/wp\/v2\/pages\/574\/revisions\/587"}],"wp:attachment":[{"href":"https:\/\/hyundaiantitheft.com\/es\/wp-json\/wp\/v2\/media?parent=574"}],"curies":[{"name":"wp","href":"https:\/\/api.w.org\/{rel}","templated":true}]}}