{"id":589,"date":"2023-11-13T20:52:10","date_gmt":"2023-11-14T01:52:10","guid":{"rendered":"https:\/\/hyundaiantitheft.com\/?page_id=589"},"modified":"2023-11-13T21:47:16","modified_gmt":"2023-11-14T02:47:16","slug":"rochester-anti-theft-mobile-clinic","status":"publish","type":"page","link":"https:\/\/hyundaiantitheft.com\/es\/rochester-anti-theft-mobile-clinic\/","title":{"rendered":"Cl\u00ednica m\u00f3vil antirrobo de Rochester, NY"},"content":{"rendered":"<iframe src=\"https:\/\/www.google.com\/maps\/embed?pb=!1m18!1m12!1m3!1d1455.2020314003244!2d-77.62336218069956!3d43.15904190531984!2m3!1f0!2f0!3f0!3m2!1i1024!2i768!4f13.1!3m3!1m2!1s0x89d6b459a9dfc72f%3A0x61f00623728df47c!2s131%20Verona%20St%2C%20Rochester%2C%20NY%2014608!5e0!3m2!1sen!2sus!4v1699926342062!5m2!1sen!2sus\" width=\"600\" height=\"450\" allowfullscreen=\"\" loading=\"lazy\" referrerpolicy=\"no-referrer-when-downgrade\"><\/iframe>\n\t<h2>\n\t\t\t\tLOTE D \u2013 Frente a Innovative Field, del 17 al 18 de noviembre, de 8:00 a. m. a 5:00 p. m.\n\t\t\t<\/h2>\n\t\t\t<p>El departamento de polic\u00eda de Rochester y Hyundai organizar\u00e1n un evento gratuito el viernes (17\/11) y el s\u00e1bado (18\/11) para instalar software antirrobo a los propietarios de Hyundai afectados con el fin de combatir los robos de veh\u00edculos.&nbsp;<strong>La cl\u00ednica se llevar\u00e1 a cabo de 8 am a 5 pm viernes y s\u00e1bado en el Lote D frente a Innovative Field en 131 Verona Street, Rochester, NY 14608 (La entrada del evento est\u00e1 en la esquina de Morrie Silver Way y Oak Street).<\/strong>&nbsp;La cl\u00ednica m\u00f3vil tiene como objetivo complementar la red nacional de concesionarios de Hyundai e impulsar nuevas instalaciones de la actualizaci\u00f3n gratuita del software antirrobo de Hyundai para los clientes que siguen siendo v\u00edctimas de robos. T\u00e9cnicos de servicio m\u00f3vil especialmente capacitados estar\u00e1n en el lugar para instalar y completar la actualizaci\u00f3n del software, lo que deber\u00eda llevar menos de 30 minutos. Gratis. No es necesario registrarse. Sala de espera para clientes.&nbsp;<\/p>\t\n\t<p><strong><em>D\u00d3NDE:<\/em><\/strong><em>&nbsp;<\/em><\/p>\nLOTE D \u2013 <strong><u>Frente a Innovative<\/u><\/strong><strong>&nbsp;<u>Campo<\/u><\/strong><br>\n131 de la calle Verona,<br>\nRochester, NY 14608\n<p>(La entrada del acto est\u00e1 en la esquina de Morrie Silver Way y Oak Street)<\/p>\n\n\t<p><strong><em>HORARIO:<\/em><\/strong><\/p>\n<p>De 8:00 a 17:00<\/p>\n\t<p><strong><em>FECHAS:<\/em><\/strong><\/p>\n<p>17 y 18 de noviembre<\/p>\n\t\t\t\t<img loading=\"lazy\" decoding=\"async\" src=\"https:\/\/hyundaiantitheft.com\/wp-content\/uploads\/2023\/11\/Rochester_Police_Department_patch-150x150.jpg\" alt=\"Rochester_Police_Department_patch\" itemprop=\"image\" height=\"150\" width=\"150\" title=\"Rochester_Police_Department_patch\" onerror=\"this.style.display='none'\">\n\t\t\t\t<img loading=\"lazy\" decoding=\"async\" src=\"https:\/\/hyundaiantitheft.com\/wp-content\/uploads\/2023\/07\/hyundai-logo.png\" alt=\"hyundai-logo\" itemprop=\"image\" height=\"155\" width=\"223\" title=\"hyundai-logo\" onerror=\"this.style.display='none'\">","protected":false},"excerpt":{"rendered":"<p>LOTE D \u2013 Frente a Innovative Field, el 17 y 18 de noviembre, de 8:00 a. m. a 5:00 p. m. El departamento de polic\u00eda de Rochester y Hyundai organizar\u00e1n un evento gratuito el viernes (17 de noviembre) y el s\u00e1bado (18 de noviembre) para instalar software antirrobo a los propietarios de Hyundai afectados, con el fin de combatir los robos de autom\u00f3viles. La cl\u00ednica se llevar\u00e1 a cabo de 8:00 a. m. a...<\/p>","protected":false},"author":2,"featured_media":0,"parent":0,"menu_order":0,"comment_status":"closed","ping_status":"closed","template":"","meta":{"_acf_changed":false,"inline_featured_image":false,"footnotes":""},"class_list":["post-589","page","type-page","status-publish","hentry"],"acf":[],"yoast_head":"<!-- This site is optimized with the Yoast SEO plugin v26.5 - https:\/\/yoast.com\/wordpress\/plugins\/seo\/ -->\n<title>Rochester, NY Anti-Theft Mobile Clinic - Hyundai<\/title>\n<meta name=\"robots\" content=\"index, follow, max-snippet:-1, max-image-preview:large, max-video-preview:-1\" \/>\n<link rel=\"canonical\" href=\"https:\/\/hyundaiantitheft.com\/es\/rochester-anti-theft-mobile-clinic\/\" \/>\n<meta property=\"og:locale\" content=\"es_MX\" \/>\n<meta property=\"og:type\" content=\"article\" \/>\n<meta property=\"og:title\" content=\"Rochester, NY Anti-Theft Mobile Clinic - Hyundai\" \/>\n<meta property=\"og:description\" content=\"LOT D &#8211; Across from Innovative Field on November 17 &#8211; 18 from 8:00 AM to 5:00 PM The Rochester police department and Hyundai will host a free event on Friday (11\/17) and Saturday (11\/18) to install anti-theft software for affected Hyundai owners to combat car thefts.&nbsp;The clinic will be held from 8 am to&hellip;\" \/>\n<meta property=\"og:url\" content=\"https:\/\/hyundaiantitheft.com\/es\/rochester-anti-theft-mobile-clinic\/\" \/>\n<meta property=\"og:site_name\" content=\"Hyundai\" \/>\n<meta property=\"article:modified_time\" content=\"2023-11-14T02:47:16+00:00\" \/>\n<meta property=\"og:image\" content=\"https:\/\/hyundaiantitheft.com\/wp-content\/uploads\/2023\/11\/Rochester_Police_Department_patch-150x150.jpg\" \/>\n<meta name=\"twitter:card\" content=\"summary_large_image\" \/>\n<meta name=\"twitter:label1\" content=\"Est. reading time\" \/>\n\t<meta name=\"twitter:data1\" content=\"2 minutos\" \/>\n<script type=\"application\/ld+json\" class=\"yoast-schema-graph\">{\"@context\":\"https:\/\/schema.org\",\"@graph\":[{\"@type\":\"WebPage\",\"@id\":\"https:\/\/hyundaiantitheft.com\/rochester-anti-theft-mobile-clinic\/\",\"url\":\"https:\/\/hyundaiantitheft.com\/rochester-anti-theft-mobile-clinic\/\",\"name\":\"Rochester, NY Anti-Theft Mobile Clinic - Hyundai\",\"isPartOf\":{\"@id\":\"https:\/\/hyundaiantitheft.com\/#website\"},\"primaryImageOfPage\":{\"@id\":\"https:\/\/hyundaiantitheft.com\/rochester-anti-theft-mobile-clinic\/#primaryimage\"},\"image\":{\"@id\":\"https:\/\/hyundaiantitheft.com\/rochester-anti-theft-mobile-clinic\/#primaryimage\"},\"thumbnailUrl\":\"https:\/\/hyundaiantitheft.com\/wp-content\/uploads\/2023\/11\/Rochester_Police_Department_patch-150x150.jpg\",\"datePublished\":\"2023-11-14T01:52:10+00:00\",\"dateModified\":\"2023-11-14T02:47:16+00:00\",\"breadcrumb\":{\"@id\":\"https:\/\/hyundaiantitheft.com\/rochester-anti-theft-mobile-clinic\/#breadcrumb\"},\"inLanguage\":\"es-MX\",\"potentialAction\":[{\"@type\":\"ReadAction\",\"target\":[\"https:\/\/hyundaiantitheft.com\/rochester-anti-theft-mobile-clinic\/\"]}]},{\"@type\":\"ImageObject\",\"inLanguage\":\"es-MX\",\"@id\":\"https:\/\/hyundaiantitheft.com\/rochester-anti-theft-mobile-clinic\/#primaryimage\",\"url\":\"https:\/\/hyundaiantitheft.com\/wp-content\/uploads\/2023\/11\/Rochester_Police_Department_patch-150x150.jpg\",\"contentUrl\":\"https:\/\/hyundaiantitheft.com\/wp-content\/uploads\/2023\/11\/Rochester_Police_Department_patch-150x150.jpg\"},{\"@type\":\"BreadcrumbList\",\"@id\":\"https:\/\/hyundaiantitheft.com\/rochester-anti-theft-mobile-clinic\/#breadcrumb\",\"itemListElement\":[{\"@type\":\"ListItem\",\"position\":1,\"name\":\"Home\",\"item\":\"https:\/\/hyundaiantitheft.com\/\"},{\"@type\":\"ListItem\",\"position\":2,\"name\":\"Rochester, NY Anti-Theft Mobile Clinic\"}]},{\"@type\":\"WebSite\",\"@id\":\"https:\/\/hyundaiantitheft.com\/#website\",\"url\":\"https:\/\/hyundaiantitheft.com\/\",\"name\":\"Hyundai\",\"description\":\"Anti-Theft Software Upgrade\",\"potentialAction\":[{\"@type\":\"SearchAction\",\"target\":{\"@type\":\"EntryPoint\",\"urlTemplate\":\"https:\/\/hyundaiantitheft.com\/?s={search_term_string}\"},\"query-input\":{\"@type\":\"PropertyValueSpecification\",\"valueRequired\":true,\"valueName\":\"search_term_string\"}}],\"inLanguage\":\"es-MX\"}]}<\/script>\n<!-- \/ Yoast SEO plugin. -->","yoast_head_json":{"title":"Rochester, NY Cl\u00ednica m\u00f3vil antirrobo - Hyundai","robots":{"index":"index","follow":"follow","max-snippet":"max-snippet:-1","max-image-preview":"max-image-preview:large","max-video-preview":"max-video-preview:-1"},"canonical":"https:\/\/hyundaiantitheft.com\/es\/rochester-anti-theft-mobile-clinic\/","og_locale":"es_MX","og_type":"article","og_title":"Rochester, NY Anti-Theft Mobile Clinic - Hyundai","og_description":"LOT D &#8211; Across from Innovative Field on November 17 &#8211; 18 from 8:00 AM to 5:00 PM The Rochester police department and Hyundai will host a free event on Friday (11\/17) and Saturday (11\/18) to install anti-theft software for affected Hyundai owners to combat car thefts.&nbsp;The clinic will be held from 8 am to&hellip;","og_url":"https:\/\/hyundaiantitheft.com\/es\/rochester-anti-theft-mobile-clinic\/","og_site_name":"Hyundai","article_modified_time":"2023-11-14T02:47:16+00:00","og_image":[{"url":"https:\/\/hyundaiantitheft.com\/wp-content\/uploads\/2023\/11\/Rochester_Police_Department_patch-150x150.jpg","type":"","width":"","height":""}],"twitter_card":"summary_large_image","twitter_misc":{"Est. reading time":"2 minutos"},"schema":{"@context":"https:\/\/schema.org","@graph":[{"@type":"WebPage","@id":"https:\/\/hyundaiantitheft.com\/rochester-anti-theft-mobile-clinic\/","url":"https:\/\/hyundaiantitheft.com\/rochester-anti-theft-mobile-clinic\/","name":"Rochester, NY Cl\u00ednica m\u00f3vil antirrobo - Hyundai","isPartOf":{"@id":"https:\/\/hyundaiantitheft.com\/#website"},"primaryImageOfPage":{"@id":"https:\/\/hyundaiantitheft.com\/rochester-anti-theft-mobile-clinic\/#primaryimage"},"image":{"@id":"https:\/\/hyundaiantitheft.com\/rochester-anti-theft-mobile-clinic\/#primaryimage"},"thumbnailUrl":"https:\/\/hyundaiantitheft.com\/wp-content\/uploads\/2023\/11\/Rochester_Police_Department_patch-150x150.jpg","datePublished":"2023-11-14T01:52:10+00:00","dateModified":"2023-11-14T02:47:16+00:00","breadcrumb":{"@id":"https:\/\/hyundaiantitheft.com\/rochester-anti-theft-mobile-clinic\/#breadcrumb"},"inLanguage":"es-MX","potentialAction":[{"@type":"ReadAction","target":["https:\/\/hyundaiantitheft.com\/rochester-anti-theft-mobile-clinic\/"]}]},{"@type":"ImageObject","inLanguage":"es-MX","@id":"https:\/\/hyundaiantitheft.com\/rochester-anti-theft-mobile-clinic\/#primaryimage","url":"https:\/\/hyundaiantitheft.com\/wp-content\/uploads\/2023\/11\/Rochester_Police_Department_patch-150x150.jpg","contentUrl":"https:\/\/hyundaiantitheft.com\/wp-content\/uploads\/2023\/11\/Rochester_Police_Department_patch-150x150.jpg"},{"@type":"BreadcrumbList","@id":"https:\/\/hyundaiantitheft.com\/rochester-anti-theft-mobile-clinic\/#breadcrumb","itemListElement":[{"@type":"ListItem","position":1,"name":"Home","item":"https:\/\/hyundaiantitheft.com\/"},{"@type":"ListItem","position":2,"name":"Rochester, NY Anti-Theft Mobile Clinic"}]},{"@type":"WebSite","@id":"https:\/\/hyundaiantitheft.com\/#website","url":"https:\/\/hyundaiantitheft.com\/","name":"Hyundai","description":"Actualizaci\u00f3n del software antirrobo","potentialAction":[{"@type":"SearchAction","target":{"@type":"EntryPoint","urlTemplate":"https:\/\/hyundaiantitheft.com\/?s={search_term_string}"},"query-input":{"@type":"PropertyValueSpecification","valueRequired":true,"valueName":"search_term_string"}}],"inLanguage":"es-MX"}]}},"_links":{"self":[{"href":"https:\/\/hyundaiantitheft.com\/es\/wp-json\/wp\/v2\/pages\/589","targetHints":{"allow":["GET"]}}],"collection":[{"href":"https:\/\/hyundaiantitheft.com\/es\/wp-json\/wp\/v2\/pages"}],"about":[{"href":"https:\/\/hyundaiantitheft.com\/es\/wp-json\/wp\/v2\/types\/page"}],"author":[{"embeddable":true,"href":"https:\/\/hyundaiantitheft.com\/es\/wp-json\/wp\/v2\/users\/2"}],"replies":[{"embeddable":true,"href":"https:\/\/hyundaiantitheft.com\/es\/wp-json\/wp\/v2\/comments?post=589"}],"version-history":[{"count":4,"href":"https:\/\/hyundaiantitheft.com\/es\/wp-json\/wp\/v2\/pages\/589\/revisions"}],"predecessor-version":[{"id":598,"href":"https:\/\/hyundaiantitheft.com\/es\/wp-json\/wp\/v2\/pages\/589\/revisions\/598"}],"wp:attachment":[{"href":"https:\/\/hyundaiantitheft.com\/es\/wp-json\/wp\/v2\/media?parent=589"}],"curies":[{"name":"wp","href":"https:\/\/api.w.org\/{rel}","templated":true}]}}