{"id":649,"date":"2024-01-22T08:12:48","date_gmt":"2024-01-22T13:12:48","guid":{"rendered":"https:\/\/hyundaiantitheft.com\/?page_id=649"},"modified":"2024-01-22T08:12:48","modified_gmt":"2024-01-22T13:12:48","slug":"lancaster-antirrobo-copia-clinica-movil","status":"publish","type":"page","link":"https:\/\/hyundaiantitheft.com\/es\/lancaster-antirrobo-copia-clinica-movil\/","title":{"rendered":"Cl\u00ednica m\u00f3vil antirrobo de Lancaster, CA"},"content":{"rendered":"<iframe src=\"https:\/\/www.google.com\/maps\/embed?pb=!1m18!1m12!1m3!1d1640.529225162597!2d-118.17709509447847!3d34.721626309355806!2m3!1f0!2f0!3f0!3m2!1i1024!2i768!4f13.1!3m3!1m2!1s0x80c244e98af3052d%3A0xb4f3054ad0554fb2!2sAV%20Fair%20%26%20Event%20Center!5e0!3m2!1sen!2sus!4v1705928352269!5m2!1sen!2sus\" width=\"600\" height=\"450\" allowfullscreen=\"\" loading=\"lazy\" referrerpolicy=\"no-referrer-when-downgrade\"><\/iframe>\n\t<h2>\n\t\t\t\tAntelope Valley Fair &amp; Event Center Lote A del 26 al 28 de enero (de 8.00 a 17.00 el viernes y el s\u00e1bado, y de 8.00 a 14.00 el domingo)\n\t\t\t<\/h2>\n\t\t\t<p>En respuesta a los robos persistentes dirigidos a ciertos veh\u00edculos Hyundai sin bot\u00f3n de encendido y dispositivos antirrobo de inmovilizaci\u00f3n, Hyundai Motor America, en colaboraci\u00f3n con el Sheriff del Condado de Los \u00c1ngeles y el Departamento de Polic\u00eda de Lancaster, est\u00e1 proporcionando una instalaci\u00f3n gratuita de software antirrobo en Antelope Valley Fair &amp; Event Center (Lote A) en 2551 W Avenue H, Lancaster, CA 93536.\u00a0<strong>La cl\u00ednica se celebrar\u00e1 de 8.00 a 17.00 horas el viernes (1\/26) y el s\u00e1bado (1\/27) y de 8.00 a 14.00 horas el domingo (1\/28).<\/strong>\u00a0El objetivo de la cl\u00ednica m\u00f3vil es complementar la red nacional de concesionarios Hyundai e impulsar nuevas instalaciones de la actualizaci\u00f3n gratuita del software antirrobo de Hyundai para los clientes que siguen vi\u00e9ndose afectados por los robos. T\u00e9cnicos de servicio m\u00f3viles especialmente formados estar\u00e1n in situ para instalar y completar la actualizaci\u00f3n del software, que deber\u00eda llevar menos de 30 minutos.<\/p>\t\n\t<p><strong><em>D\u00d3NDE:<\/em><\/strong><em>\u00a0<\/em><\/p>\n<p>Feria y Centro de Eventos de Antelope Valley<\/p>\n<p>2551 W Avenida H (Lote A)<\/p>\n<p>Lancaster, CA 93536<\/p>\n\n\t<p><strong><em>HORARIO:<\/em><\/strong><\/p>\n<p>De 8:00 a 17:00 (viernes y s\u00e1bado)<\/p>\n<p>De 8:00 a 14:00 (domingo)<\/p>\n\t<p><strong><em>FECHAS:<\/em><\/strong><\/p>\n<p>Del 26 al 28 de enero<\/p>\n\t\t\t\t<img loading=\"lazy\" decoding=\"async\" src=\"https:\/\/hyundaiantitheft.com\/wp-content\/uploads\/2023\/07\/hyundai-logo.png\" alt=\"hyundai-logo\" itemprop=\"image\" height=\"155\" width=\"223\" title=\"hyundai-logo\" onerror=\"this.style.display='none'\"  \/>","protected":false},"excerpt":{"rendered":"<p>Antelope Valley Fair &amp; Event Center Lot A del 26 al 28 de enero (de 8:00 a 17:00 el viernes y el s\u00e1bado, de 8:00 a 14:00 el domingo) En respuesta a los robos persistentes dirigidos a ciertos veh\u00edculos Hyundai sin bot\u00f3n de encendido y dispositivos antirrobo de inmovilizaci\u00f3n, Hyundai Motor America, en colaboraci\u00f3n con el Sheriff del Condado de Los \u00c1ngeles y la Polic\u00eda de Lancaster...<\/p>","protected":false},"author":2,"featured_media":0,"parent":0,"menu_order":0,"comment_status":"closed","ping_status":"closed","template":"","meta":{"_acf_changed":false,"inline_featured_image":false,"footnotes":""},"class_list":["post-649","page","type-page","status-publish","hentry"],"acf":[],"yoast_head":"<!-- This site is optimized with the Yoast SEO plugin v26.5 - https:\/\/yoast.com\/wordpress\/plugins\/seo\/ -->\n<title>Lancaster, CA Anti-Theft Mobile Clinic - Hyundai<\/title>\n<meta name=\"robots\" content=\"index, follow, max-snippet:-1, max-image-preview:large, max-video-preview:-1\" \/>\n<link rel=\"canonical\" href=\"https:\/\/hyundaiantitheft.com\/es\/lancaster-antirrobo-copia-clinica-movil\/\" \/>\n<meta property=\"og:locale\" content=\"es_MX\" \/>\n<meta property=\"og:type\" content=\"article\" \/>\n<meta property=\"og:title\" content=\"Lancaster, CA Anti-Theft Mobile Clinic - Hyundai\" \/>\n<meta property=\"og:description\" content=\"Antelope Valley Fair &#038; Event Center Lot A on January 26 &#8211; 28 (8am to 5pm on Friday and Saturday, 8am &#8211; 2pm on Sunday) In response to persistent thefts targeting certain Hyundai vehicles without push-button ignitions and immobilizing anti-theft devices, Hyundai Motor America, in partnership with the Los Angeles County Sheriff and Lancaster Police&hellip;\" \/>\n<meta property=\"og:url\" content=\"https:\/\/hyundaiantitheft.com\/es\/lancaster-antirrobo-copia-clinica-movil\/\" \/>\n<meta property=\"og:site_name\" content=\"Hyundai\" \/>\n<meta property=\"og:image\" content=\"https:\/\/hyundaiantitheft.com\/wp-content\/uploads\/2023\/07\/hyundai-logo.png\" \/>\n<meta name=\"twitter:card\" content=\"summary_large_image\" \/>\n<meta name=\"twitter:label1\" content=\"Est. reading time\" \/>\n\t<meta name=\"twitter:data1\" content=\"1 minuto\" \/>\n<script type=\"application\/ld+json\" class=\"yoast-schema-graph\">{\"@context\":\"https:\/\/schema.org\",\"@graph\":[{\"@type\":\"WebPage\",\"@id\":\"https:\/\/hyundaiantitheft.com\/lancaster-anti-theft-mobile-clinic-copy\/\",\"url\":\"https:\/\/hyundaiantitheft.com\/lancaster-anti-theft-mobile-clinic-copy\/\",\"name\":\"Lancaster, CA Anti-Theft Mobile Clinic - Hyundai\",\"isPartOf\":{\"@id\":\"https:\/\/hyundaiantitheft.com\/#website\"},\"primaryImageOfPage\":{\"@id\":\"https:\/\/hyundaiantitheft.com\/lancaster-anti-theft-mobile-clinic-copy\/#primaryimage\"},\"image\":{\"@id\":\"https:\/\/hyundaiantitheft.com\/lancaster-anti-theft-mobile-clinic-copy\/#primaryimage\"},\"thumbnailUrl\":\"https:\/\/hyundaiantitheft.com\/wp-content\/uploads\/2023\/07\/hyundai-logo.png\",\"datePublished\":\"2024-01-22T13:12:48+00:00\",\"breadcrumb\":{\"@id\":\"https:\/\/hyundaiantitheft.com\/lancaster-anti-theft-mobile-clinic-copy\/#breadcrumb\"},\"inLanguage\":\"es-MX\",\"potentialAction\":[{\"@type\":\"ReadAction\",\"target\":[\"https:\/\/hyundaiantitheft.com\/lancaster-anti-theft-mobile-clinic-copy\/\"]}]},{\"@type\":\"ImageObject\",\"inLanguage\":\"es-MX\",\"@id\":\"https:\/\/hyundaiantitheft.com\/lancaster-anti-theft-mobile-clinic-copy\/#primaryimage\",\"url\":\"https:\/\/hyundaiantitheft.com\/wp-content\/uploads\/2023\/07\/hyundai-logo.png\",\"contentUrl\":\"https:\/\/hyundaiantitheft.com\/wp-content\/uploads\/2023\/07\/hyundai-logo.png\"},{\"@type\":\"BreadcrumbList\",\"@id\":\"https:\/\/hyundaiantitheft.com\/lancaster-anti-theft-mobile-clinic-copy\/#breadcrumb\",\"itemListElement\":[{\"@type\":\"ListItem\",\"position\":1,\"name\":\"Home\",\"item\":\"https:\/\/hyundaiantitheft.com\/\"},{\"@type\":\"ListItem\",\"position\":2,\"name\":\"Lancaster, CA Anti-Theft Mobile Clinic\"}]},{\"@type\":\"WebSite\",\"@id\":\"https:\/\/hyundaiantitheft.com\/#website\",\"url\":\"https:\/\/hyundaiantitheft.com\/\",\"name\":\"Hyundai\",\"description\":\"Anti-Theft Software Upgrade\",\"potentialAction\":[{\"@type\":\"SearchAction\",\"target\":{\"@type\":\"EntryPoint\",\"urlTemplate\":\"https:\/\/hyundaiantitheft.com\/?s={search_term_string}\"},\"query-input\":{\"@type\":\"PropertyValueSpecification\",\"valueRequired\":true,\"valueName\":\"search_term_string\"}}],\"inLanguage\":\"es-MX\"}]}<\/script>\n<!-- \/ Yoast SEO plugin. -->","yoast_head_json":{"title":"Lancaster, CA Cl\u00ednica m\u00f3vil antirrobo - Hyundai","robots":{"index":"index","follow":"follow","max-snippet":"max-snippet:-1","max-image-preview":"max-image-preview:large","max-video-preview":"max-video-preview:-1"},"canonical":"https:\/\/hyundaiantitheft.com\/es\/lancaster-antirrobo-copia-clinica-movil\/","og_locale":"es_MX","og_type":"article","og_title":"Lancaster, CA Anti-Theft Mobile Clinic - Hyundai","og_description":"Antelope Valley Fair &#038; Event Center Lot A on January 26 &#8211; 28 (8am to 5pm on Friday and Saturday, 8am &#8211; 2pm on Sunday) In response to persistent thefts targeting certain Hyundai vehicles without push-button ignitions and immobilizing anti-theft devices, Hyundai Motor America, in partnership with the Los Angeles County Sheriff and Lancaster Police&hellip;","og_url":"https:\/\/hyundaiantitheft.com\/es\/lancaster-antirrobo-copia-clinica-movil\/","og_site_name":"Hyundai","og_image":[{"url":"https:\/\/hyundaiantitheft.com\/wp-content\/uploads\/2023\/07\/hyundai-logo.png","type":"","width":"","height":""}],"twitter_card":"summary_large_image","twitter_misc":{"Est. reading time":"1 minuto"},"schema":{"@context":"https:\/\/schema.org","@graph":[{"@type":"WebPage","@id":"https:\/\/hyundaiantitheft.com\/lancaster-anti-theft-mobile-clinic-copy\/","url":"https:\/\/hyundaiantitheft.com\/lancaster-anti-theft-mobile-clinic-copy\/","name":"Lancaster, CA Cl\u00ednica m\u00f3vil antirrobo - Hyundai","isPartOf":{"@id":"https:\/\/hyundaiantitheft.com\/#website"},"primaryImageOfPage":{"@id":"https:\/\/hyundaiantitheft.com\/lancaster-anti-theft-mobile-clinic-copy\/#primaryimage"},"image":{"@id":"https:\/\/hyundaiantitheft.com\/lancaster-anti-theft-mobile-clinic-copy\/#primaryimage"},"thumbnailUrl":"https:\/\/hyundaiantitheft.com\/wp-content\/uploads\/2023\/07\/hyundai-logo.png","datePublished":"2024-01-22T13:12:48+00:00","breadcrumb":{"@id":"https:\/\/hyundaiantitheft.com\/lancaster-anti-theft-mobile-clinic-copy\/#breadcrumb"},"inLanguage":"es-MX","potentialAction":[{"@type":"ReadAction","target":["https:\/\/hyundaiantitheft.com\/lancaster-anti-theft-mobile-clinic-copy\/"]}]},{"@type":"ImageObject","inLanguage":"es-MX","@id":"https:\/\/hyundaiantitheft.com\/lancaster-anti-theft-mobile-clinic-copy\/#primaryimage","url":"https:\/\/hyundaiantitheft.com\/wp-content\/uploads\/2023\/07\/hyundai-logo.png","contentUrl":"https:\/\/hyundaiantitheft.com\/wp-content\/uploads\/2023\/07\/hyundai-logo.png"},{"@type":"BreadcrumbList","@id":"https:\/\/hyundaiantitheft.com\/lancaster-anti-theft-mobile-clinic-copy\/#breadcrumb","itemListElement":[{"@type":"ListItem","position":1,"name":"Home","item":"https:\/\/hyundaiantitheft.com\/"},{"@type":"ListItem","position":2,"name":"Lancaster, CA Anti-Theft Mobile Clinic"}]},{"@type":"WebSite","@id":"https:\/\/hyundaiantitheft.com\/#website","url":"https:\/\/hyundaiantitheft.com\/","name":"Hyundai","description":"Actualizaci\u00f3n del software antirrobo","potentialAction":[{"@type":"SearchAction","target":{"@type":"EntryPoint","urlTemplate":"https:\/\/hyundaiantitheft.com\/?s={search_term_string}"},"query-input":{"@type":"PropertyValueSpecification","valueRequired":true,"valueName":"search_term_string"}}],"inLanguage":"es-MX"}]}},"_links":{"self":[{"href":"https:\/\/hyundaiantitheft.com\/es\/wp-json\/wp\/v2\/pages\/649","targetHints":{"allow":["GET"]}}],"collection":[{"href":"https:\/\/hyundaiantitheft.com\/es\/wp-json\/wp\/v2\/pages"}],"about":[{"href":"https:\/\/hyundaiantitheft.com\/es\/wp-json\/wp\/v2\/types\/page"}],"author":[{"embeddable":true,"href":"https:\/\/hyundaiantitheft.com\/es\/wp-json\/wp\/v2\/users\/2"}],"replies":[{"embeddable":true,"href":"https:\/\/hyundaiantitheft.com\/es\/wp-json\/wp\/v2\/comments?post=649"}],"version-history":[{"count":2,"href":"https:\/\/hyundaiantitheft.com\/es\/wp-json\/wp\/v2\/pages\/649\/revisions"}],"predecessor-version":[{"id":651,"href":"https:\/\/hyundaiantitheft.com\/es\/wp-json\/wp\/v2\/pages\/649\/revisions\/651"}],"wp:attachment":[{"href":"https:\/\/hyundaiantitheft.com\/es\/wp-json\/wp\/v2\/media?parent=649"}],"curies":[{"name":"wp","href":"https:\/\/api.w.org\/{rel}","templated":true}]}}