{"id":669,"date":"2024-02-01T22:51:20","date_gmt":"2024-02-02T03:51:20","guid":{"rendered":"https:\/\/hyundaiantitheft.com\/?page_id=669"},"modified":"2024-02-08T09:01:43","modified_gmt":"2024-02-08T14:01:43","slug":"el-paso-clinica-movil-antirrobo-copia","status":"publish","type":"page","link":"https:\/\/hyundaiantitheft.com\/es\/el-paso-clinica-movil-antirrobo-copia\/","title":{"rendered":"Cl\u00ednica m\u00f3vil antirrobo de El Paso"},"content":{"rendered":"<iframe src=\"https:\/\/www.google.com\/maps\/embed?pb=!1m18!1m12!1m3!1d3387.537051105095!2d-106.4390681242844!3d31.892002528687126!2m3!1f0!2f0!3f0!3m2!1i1024!2i768!4f13.1!3m3!1m2!1s0x86e75115e0d70ef9%3A0xcdd6d7c3446094d2!2sCamp%20Cohen%20Water%20Park!5e0!3m2!1sen!2sus!4v1706845533231!5m2!1sen!2sus\" width=\"600\" height=\"450\" allowfullscreen=\"\" loading=\"lazy\" referrerpolicy=\"no-referrer-when-downgrade\"><\/iframe>\n\t<h2>\n\t\t\t\tParque acu\u00e1tico Camp Cohen en El Paso del 7 al 8 de febrero, de 8.00 a 18.00 horas\n\t\t\t<\/h2>\n\t\t\t<p>El objetivo de la cl\u00ednica m\u00f3vil es complementar la red nacional de concesionarios de Hyundai e impulsar nuevas instalaciones de la actualizaci\u00f3n gratuita del software antirrobo de Hyundai para los clientes que siguen vi\u00e9ndose afectados por los robos. T\u00e9cnicos de servicio m\u00f3viles especialmente formados estar\u00e1n in situ para instalar y completar la actualizaci\u00f3n del software, que deber\u00eda durar menos de una hora. Para m\u00e1s informaci\u00f3n, visite <a href=\"http:\/\/www.hyundaiantitheft.com\/\" data-saferedirecturl=\"https:\/\/www.google.com\/url?q=http:\/\/www.hyundaiantitheft.com&amp;source=gmail&amp;ust=1694030078942000&amp;usg=AOvVaw1BQ28i_59g6kOWWGU7oocZ\">www.hyundaiantitheft.com<\/a><\/p>\t\n\t<p><strong><em>D\u00d3NDE:<\/em><\/strong><em>\u00a0<\/em><\/p>\nParque acu\u00e1tico Camp Cohen<br \/>\n9700 Gateway North Blvd<br \/>\nEl Paso, TX 79924<br \/>\n<em>Aparcamiento frente a la US 54<\/em>\n\t<p><strong><em>HORARIO:<\/em><\/strong><\/p>\n<p><em>de 8.00 a 18.00 horas<\/em><\/p>\n\t<p><strong><em>FECHAS:<\/em><\/strong><\/p>\n<em>Mi\u00e9rcoles 7 de febrero<\/em><br \/>\n<em>Jueves 8 de febrero<\/em>\n\t\t\t\t<img loading=\"lazy\" decoding=\"async\" src=\"https:\/\/hyundaiantitheft.com\/wp-content\/uploads\/2024\/02\/EPPD.png\" alt=\"EPPD\" itemprop=\"image\" height=\"360\" width=\"360\" title=\"EPPD\" onerror=\"this.style.display='none'\"  \/>\n\t\t\t\t<img decoding=\"async\" src=\"https:\/\/www.hyundaiantitheft.com\/wp-content\/uploads\/2023\/07\/hyundai-logo.png\" alt=\"hyundai-logo\" itemprop=\"image\" title=\"hyundai-logo\" onerror=\"this.style.display='none'\"  \/>","protected":false},"excerpt":{"rendered":"<p>Camp Cohen Water Park en El Paso del 7 al 8 de febrero, de 8 am a 6 pm La cl\u00ednica m\u00f3vil est\u00e1 destinada a complementar la red nacional de concesionarios de Hyundai e impulsar nuevas instalaciones de la actualizaci\u00f3n gratuita del software antirrobo de Hyundai para los clientes que siguen siendo afectados por los robos. T\u00e9cnicos de servicio m\u00f3viles especialmente formados estar\u00e1n in situ para...<\/p>","protected":false},"author":2,"featured_media":0,"parent":0,"menu_order":0,"comment_status":"closed","ping_status":"closed","template":"","meta":{"_acf_changed":false,"inline_featured_image":false,"footnotes":""},"class_list":["post-669","page","type-page","status-publish","hentry"],"acf":[],"yoast_head":"<!-- This site is optimized with the Yoast SEO plugin v26.5 - https:\/\/yoast.com\/wordpress\/plugins\/seo\/ -->\n<title>El Paso Anti-Theft Mobile Clinic - Hyundai<\/title>\n<meta name=\"robots\" content=\"index, follow, max-snippet:-1, max-image-preview:large, max-video-preview:-1\" \/>\n<link rel=\"canonical\" href=\"https:\/\/hyundaiantitheft.com\/es\/el-paso-clinica-movil-antirrobo-copia\/\" \/>\n<meta property=\"og:locale\" content=\"es_MX\" \/>\n<meta property=\"og:type\" content=\"article\" \/>\n<meta property=\"og:title\" content=\"El Paso Anti-Theft Mobile Clinic - Hyundai\" \/>\n<meta property=\"og:description\" content=\"Camp Cohen Water Park in El Paso from Feb 7 &#8211; 8, 8 am-6 pm The mobile clinic is intended to complement Hyundai&#8217;s nationwide network of dealerships and drive further installations of Hyundai&#8217;s free anti-theft software upgrade for customers who continue to be affected by the thefts.\u00a0Specially trained mobile service technicians will be on-site to&hellip;\" \/>\n<meta property=\"og:url\" content=\"https:\/\/hyundaiantitheft.com\/es\/el-paso-clinica-movil-antirrobo-copia\/\" \/>\n<meta property=\"og:site_name\" content=\"Hyundai\" \/>\n<meta property=\"article:modified_time\" content=\"2024-02-08T14:01:43+00:00\" \/>\n<meta property=\"og:image\" content=\"https:\/\/hyundaiantitheft.com\/wp-content\/uploads\/2024\/02\/EPPD.png\" \/>\n<meta name=\"twitter:card\" content=\"summary_large_image\" \/>\n<meta name=\"twitter:label1\" content=\"Est. reading time\" \/>\n\t<meta name=\"twitter:data1\" content=\"1 minuto\" \/>\n<script type=\"application\/ld+json\" class=\"yoast-schema-graph\">{\"@context\":\"https:\/\/schema.org\",\"@graph\":[{\"@type\":\"WebPage\",\"@id\":\"https:\/\/hyundaiantitheft.com\/el-paso-anti-theft-mobile-clinic-copy\/\",\"url\":\"https:\/\/hyundaiantitheft.com\/el-paso-anti-theft-mobile-clinic-copy\/\",\"name\":\"El Paso Anti-Theft Mobile Clinic - Hyundai\",\"isPartOf\":{\"@id\":\"https:\/\/hyundaiantitheft.com\/#website\"},\"primaryImageOfPage\":{\"@id\":\"https:\/\/hyundaiantitheft.com\/el-paso-anti-theft-mobile-clinic-copy\/#primaryimage\"},\"image\":{\"@id\":\"https:\/\/hyundaiantitheft.com\/el-paso-anti-theft-mobile-clinic-copy\/#primaryimage\"},\"thumbnailUrl\":\"https:\/\/hyundaiantitheft.com\/wp-content\/uploads\/2024\/02\/EPPD.png\",\"datePublished\":\"2024-02-02T03:51:20+00:00\",\"dateModified\":\"2024-02-08T14:01:43+00:00\",\"breadcrumb\":{\"@id\":\"https:\/\/hyundaiantitheft.com\/el-paso-anti-theft-mobile-clinic-copy\/#breadcrumb\"},\"inLanguage\":\"es-MX\",\"potentialAction\":[{\"@type\":\"ReadAction\",\"target\":[\"https:\/\/hyundaiantitheft.com\/el-paso-anti-theft-mobile-clinic-copy\/\"]}]},{\"@type\":\"ImageObject\",\"inLanguage\":\"es-MX\",\"@id\":\"https:\/\/hyundaiantitheft.com\/el-paso-anti-theft-mobile-clinic-copy\/#primaryimage\",\"url\":\"https:\/\/hyundaiantitheft.com\/wp-content\/uploads\/2024\/02\/EPPD.png\",\"contentUrl\":\"https:\/\/hyundaiantitheft.com\/wp-content\/uploads\/2024\/02\/EPPD.png\"},{\"@type\":\"BreadcrumbList\",\"@id\":\"https:\/\/hyundaiantitheft.com\/el-paso-anti-theft-mobile-clinic-copy\/#breadcrumb\",\"itemListElement\":[{\"@type\":\"ListItem\",\"position\":1,\"name\":\"Home\",\"item\":\"https:\/\/hyundaiantitheft.com\/\"},{\"@type\":\"ListItem\",\"position\":2,\"name\":\"El Paso Anti-Theft Mobile Clinic\"}]},{\"@type\":\"WebSite\",\"@id\":\"https:\/\/hyundaiantitheft.com\/#website\",\"url\":\"https:\/\/hyundaiantitheft.com\/\",\"name\":\"Hyundai\",\"description\":\"Anti-Theft Software Upgrade\",\"potentialAction\":[{\"@type\":\"SearchAction\",\"target\":{\"@type\":\"EntryPoint\",\"urlTemplate\":\"https:\/\/hyundaiantitheft.com\/?s={search_term_string}\"},\"query-input\":{\"@type\":\"PropertyValueSpecification\",\"valueRequired\":true,\"valueName\":\"search_term_string\"}}],\"inLanguage\":\"es-MX\"}]}<\/script>\n<!-- \/ Yoast SEO plugin. -->","yoast_head_json":{"title":"Cl\u00ednica m\u00f3vil antirrobo de El Paso - Hyundai","robots":{"index":"index","follow":"follow","max-snippet":"max-snippet:-1","max-image-preview":"max-image-preview:large","max-video-preview":"max-video-preview:-1"},"canonical":"https:\/\/hyundaiantitheft.com\/es\/el-paso-clinica-movil-antirrobo-copia\/","og_locale":"es_MX","og_type":"article","og_title":"El Paso Anti-Theft Mobile Clinic - Hyundai","og_description":"Camp Cohen Water Park in El Paso from Feb 7 &#8211; 8, 8 am-6 pm The mobile clinic is intended to complement Hyundai&#8217;s nationwide network of dealerships and drive further installations of Hyundai&#8217;s free anti-theft software upgrade for customers who continue to be affected by the thefts.\u00a0Specially trained mobile service technicians will be on-site to&hellip;","og_url":"https:\/\/hyundaiantitheft.com\/es\/el-paso-clinica-movil-antirrobo-copia\/","og_site_name":"Hyundai","article_modified_time":"2024-02-08T14:01:43+00:00","og_image":[{"url":"https:\/\/hyundaiantitheft.com\/wp-content\/uploads\/2024\/02\/EPPD.png","type":"","width":"","height":""}],"twitter_card":"summary_large_image","twitter_misc":{"Est. reading time":"1 minuto"},"schema":{"@context":"https:\/\/schema.org","@graph":[{"@type":"WebPage","@id":"https:\/\/hyundaiantitheft.com\/el-paso-anti-theft-mobile-clinic-copy\/","url":"https:\/\/hyundaiantitheft.com\/el-paso-anti-theft-mobile-clinic-copy\/","name":"Cl\u00ednica m\u00f3vil antirrobo de El Paso - Hyundai","isPartOf":{"@id":"https:\/\/hyundaiantitheft.com\/#website"},"primaryImageOfPage":{"@id":"https:\/\/hyundaiantitheft.com\/el-paso-anti-theft-mobile-clinic-copy\/#primaryimage"},"image":{"@id":"https:\/\/hyundaiantitheft.com\/el-paso-anti-theft-mobile-clinic-copy\/#primaryimage"},"thumbnailUrl":"https:\/\/hyundaiantitheft.com\/wp-content\/uploads\/2024\/02\/EPPD.png","datePublished":"2024-02-02T03:51:20+00:00","dateModified":"2024-02-08T14:01:43+00:00","breadcrumb":{"@id":"https:\/\/hyundaiantitheft.com\/el-paso-anti-theft-mobile-clinic-copy\/#breadcrumb"},"inLanguage":"es-MX","potentialAction":[{"@type":"ReadAction","target":["https:\/\/hyundaiantitheft.com\/el-paso-anti-theft-mobile-clinic-copy\/"]}]},{"@type":"ImageObject","inLanguage":"es-MX","@id":"https:\/\/hyundaiantitheft.com\/el-paso-anti-theft-mobile-clinic-copy\/#primaryimage","url":"https:\/\/hyundaiantitheft.com\/wp-content\/uploads\/2024\/02\/EPPD.png","contentUrl":"https:\/\/hyundaiantitheft.com\/wp-content\/uploads\/2024\/02\/EPPD.png"},{"@type":"BreadcrumbList","@id":"https:\/\/hyundaiantitheft.com\/el-paso-anti-theft-mobile-clinic-copy\/#breadcrumb","itemListElement":[{"@type":"ListItem","position":1,"name":"Home","item":"https:\/\/hyundaiantitheft.com\/"},{"@type":"ListItem","position":2,"name":"El Paso Anti-Theft Mobile Clinic"}]},{"@type":"WebSite","@id":"https:\/\/hyundaiantitheft.com\/#website","url":"https:\/\/hyundaiantitheft.com\/","name":"Hyundai","description":"Actualizaci\u00f3n del software antirrobo","potentialAction":[{"@type":"SearchAction","target":{"@type":"EntryPoint","urlTemplate":"https:\/\/hyundaiantitheft.com\/?s={search_term_string}"},"query-input":{"@type":"PropertyValueSpecification","valueRequired":true,"valueName":"search_term_string"}}],"inLanguage":"es-MX"}]}},"_links":{"self":[{"href":"https:\/\/hyundaiantitheft.com\/es\/wp-json\/wp\/v2\/pages\/669","targetHints":{"allow":["GET"]}}],"collection":[{"href":"https:\/\/hyundaiantitheft.com\/es\/wp-json\/wp\/v2\/pages"}],"about":[{"href":"https:\/\/hyundaiantitheft.com\/es\/wp-json\/wp\/v2\/types\/page"}],"author":[{"embeddable":true,"href":"https:\/\/hyundaiantitheft.com\/es\/wp-json\/wp\/v2\/users\/2"}],"replies":[{"embeddable":true,"href":"https:\/\/hyundaiantitheft.com\/es\/wp-json\/wp\/v2\/comments?post=669"}],"version-history":[{"count":5,"href":"https:\/\/hyundaiantitheft.com\/es\/wp-json\/wp\/v2\/pages\/669\/revisions"}],"predecessor-version":[{"id":681,"href":"https:\/\/hyundaiantitheft.com\/es\/wp-json\/wp\/v2\/pages\/669\/revisions\/681"}],"wp:attachment":[{"href":"https:\/\/hyundaiantitheft.com\/es\/wp-json\/wp\/v2\/media?parent=669"}],"curies":[{"name":"wp","href":"https:\/\/api.w.org\/{rel}","templated":true}]}}