{"id":685,"date":"2024-02-12T16:06:39","date_gmt":"2024-02-12T21:06:39","guid":{"rendered":"https:\/\/hyundaiantitheft.com\/?page_id=685"},"modified":"2024-05-13T11:37:37","modified_gmt":"2024-05-13T15:37:37","slug":"atlanta-antirrobo-copia-clinica-movil","status":"publish","type":"page","link":"https:\/\/hyundaiantitheft.com\/es\/atlanta-antirrobo-copia-clinica-movil\/","title":{"rendered":"Cl\u00ednica m\u00f3vil antirrobo de Atlanta"},"content":{"rendered":"<iframe src=\"https:\/\/www.google.com\/maps\/embed?pb=!1m18!1m12!1m3!1d13279.81084248725!2d-84.48760889755873!3d33.68428864519117!2m3!1f0!2f0!3f0!3m2!1i1024!2i768!4f13.1!3m3!1m2!1s0x88f51e40007fd111%3A0x5c5b01da3f1c40e4!2s2841%20Greenbriar%20Pkwy%20SW%2C%20Atlanta%2C%20GA%2030331!5e0!3m2!1sen!2sus!4v1707771791196!5m2!1sen!2sus\" width=\"600\" height=\"450\" allowfullscreen=\"\" loading=\"lazy\" referrerpolicy=\"no-referrer-when-downgrade\"><\/iframe>\n\t<h2>\n\t\t\t\tGreenbriar Mall (aparcamiento de Macy's) del 16 al 18 de febrero (de 8.00 a 18.00 el viernes y el s\u00e1bado, de 8.00 a 14.00 el domingo)\n\t\t\t<\/h2>\n\t\t\t<p>En respuesta a la persistencia de robos dirigidos a ciertos veh\u00edculos Hyundai sin bot\u00f3n de encendido y dispositivos antirrobo de inmovilizaci\u00f3n, Hyundai Motor America ofrece una instalaci\u00f3n gratuita de software antirrobo en Greenbriar Mall. <em>(Aparcamiento de Macy's) <\/em>en 2841 Greenbriar Pkwy SW, Atlanta, GA 30331.\u00a0<strong>La cl\u00ednica se celebrar\u00e1 de 8.00 a 18.00 horas el viernes (16.2) y el s\u00e1bado (17.2) y de 8.00 a 14.00 horas el domingo (18.2).<\/strong>\u00a0El objetivo de la cl\u00ednica m\u00f3vil es complementar la red nacional de concesionarios Hyundai e impulsar nuevas instalaciones de la actualizaci\u00f3n gratuita del software antirrobo de Hyundai para los clientes que siguen vi\u00e9ndose afectados por los robos. T\u00e9cnicos de servicio m\u00f3viles especialmente formados estar\u00e1n in situ para instalar y completar la actualizaci\u00f3n del software, que deber\u00eda llevar menos de 30 minutos.<\/p>\t\n\t<p><strong><em>D\u00d3NDE:<\/em><\/strong><em>\u00a0<\/em><\/p>\n<p>Greenbriar Mall (aparcamiento de Macy's)<\/p>\n<p>2841 Greenbriar Pkwy SW<\/p>\n<p>Atlanta, GA 30331<\/p>\n\n\t<p><strong><em>HORARIO:<\/em><\/strong><\/p>\n<p>De 8:00 a 18:00 (viernes y s\u00e1bado)<\/p>\n<p>De 8:00 a 14:00 (domingo)<\/p>\n\t<p><strong><em>FECHAS:<\/em><\/strong><\/p>\n<p>Del 16 al 18 de febrero<\/p>\n\t\t\t\t<img loading=\"lazy\" decoding=\"async\" src=\"https:\/\/hyundaiantitheft.com\/wp-content\/uploads\/2024\/02\/Seal_of_the_Atlanta_Police_Department.png\" alt=\"Sello_del_Departamento_de_Polic\u00eda_de_Atlanta\" itemprop=\"image\" height=\"1491\" width=\"1492\" title=\"Sello_del_Departamento_de_Polic\u00eda_de_Atlanta\" onerror=\"this.style.display='none'\"  \/>\n\t\t\t\t<img loading=\"lazy\" decoding=\"async\" src=\"https:\/\/hyundaiantitheft.com\/wp-content\/uploads\/2023\/07\/hyundai-logo.png\" alt=\"hyundai-logo\" itemprop=\"image\" height=\"155\" width=\"223\" title=\"hyundai-logo\" onerror=\"this.style.display='none'\"  \/>","protected":false},"excerpt":{"rendered":"<p>Greenbriar Mall (Macy's Parking Lot) del 16 al 18 de febrero (de 8am a 6pm el viernes y el s\u00e1bado, de 8am a 2pm el domingo) En respuesta a los robos persistentes dirigidos a ciertos veh\u00edculos Hyundai sin bot\u00f3n de encendido y dispositivos antirrobo de inmovilizaci\u00f3n, Hyundai Motor America est\u00e1 proporcionando una instalaci\u00f3n gratuita de software antirrobo en Greenbriar Mall (Macy's parking lot)....<\/p>","protected":false},"author":2,"featured_media":0,"parent":0,"menu_order":0,"comment_status":"closed","ping_status":"closed","template":"","meta":{"_acf_changed":false,"inline_featured_image":false,"footnotes":""},"class_list":["post-685","page","type-page","status-publish","hentry"],"acf":[],"yoast_head":"<!-- This site is optimized with the Yoast SEO plugin v26.5 - https:\/\/yoast.com\/wordpress\/plugins\/seo\/ -->\n<title>Atlanta Anti-Theft Mobile Clinic - Hyundai<\/title>\n<meta name=\"robots\" content=\"index, follow, max-snippet:-1, max-image-preview:large, max-video-preview:-1\" \/>\n<link rel=\"canonical\" href=\"https:\/\/hyundaiantitheft.com\/es\/atlanta-antirrobo-copia-clinica-movil\/\" \/>\n<meta property=\"og:locale\" content=\"es_MX\" \/>\n<meta property=\"og:type\" content=\"article\" \/>\n<meta property=\"og:title\" content=\"Atlanta Anti-Theft Mobile Clinic - Hyundai\" \/>\n<meta property=\"og:description\" content=\"Greenbriar Mall (Macy&#8217;s Parking Lot) on February 16 &#8211; 18 (8am to 6pm on Friday and Saturday, 8am &#8211; 2pm on Sunday) In response to persistent thefts targeting certain Hyundai vehicles without push-button ignitions and immobilizing anti-theft devices, Hyundai Motor America is providing a free installation of anti-theft software at Greenbriar Mall (Macy&#8217;s parking lot)&hellip;\" \/>\n<meta property=\"og:url\" content=\"https:\/\/hyundaiantitheft.com\/es\/atlanta-antirrobo-copia-clinica-movil\/\" \/>\n<meta property=\"og:site_name\" content=\"Hyundai\" \/>\n<meta property=\"article:modified_time\" content=\"2024-05-13T15:37:37+00:00\" \/>\n<meta property=\"og:image\" content=\"https:\/\/hyundaiantitheft.com\/wp-content\/uploads\/2024\/02\/Seal_of_the_Atlanta_Police_Department.png\" \/>\n<meta name=\"twitter:card\" content=\"summary_large_image\" \/>\n<meta name=\"twitter:label1\" content=\"Est. reading time\" \/>\n\t<meta name=\"twitter:data1\" content=\"2 minutos\" \/>\n<script type=\"application\/ld+json\" class=\"yoast-schema-graph\">{\"@context\":\"https:\/\/schema.org\",\"@graph\":[{\"@type\":\"WebPage\",\"@id\":\"https:\/\/hyundaiantitheft.com\/atlanta-anti-theft-mobile-clinic-copy\/\",\"url\":\"https:\/\/hyundaiantitheft.com\/atlanta-anti-theft-mobile-clinic-copy\/\",\"name\":\"Atlanta Anti-Theft Mobile Clinic - Hyundai\",\"isPartOf\":{\"@id\":\"https:\/\/hyundaiantitheft.com\/#website\"},\"primaryImageOfPage\":{\"@id\":\"https:\/\/hyundaiantitheft.com\/atlanta-anti-theft-mobile-clinic-copy\/#primaryimage\"},\"image\":{\"@id\":\"https:\/\/hyundaiantitheft.com\/atlanta-anti-theft-mobile-clinic-copy\/#primaryimage\"},\"thumbnailUrl\":\"https:\/\/hyundaiantitheft.com\/wp-content\/uploads\/2024\/02\/Seal_of_the_Atlanta_Police_Department.png\",\"datePublished\":\"2024-02-12T21:06:39+00:00\",\"dateModified\":\"2024-05-13T15:37:37+00:00\",\"breadcrumb\":{\"@id\":\"https:\/\/hyundaiantitheft.com\/atlanta-anti-theft-mobile-clinic-copy\/#breadcrumb\"},\"inLanguage\":\"es-MX\",\"potentialAction\":[{\"@type\":\"ReadAction\",\"target\":[\"https:\/\/hyundaiantitheft.com\/atlanta-anti-theft-mobile-clinic-copy\/\"]}]},{\"@type\":\"ImageObject\",\"inLanguage\":\"es-MX\",\"@id\":\"https:\/\/hyundaiantitheft.com\/atlanta-anti-theft-mobile-clinic-copy\/#primaryimage\",\"url\":\"https:\/\/hyundaiantitheft.com\/wp-content\/uploads\/2024\/02\/Seal_of_the_Atlanta_Police_Department.png\",\"contentUrl\":\"https:\/\/hyundaiantitheft.com\/wp-content\/uploads\/2024\/02\/Seal_of_the_Atlanta_Police_Department.png\"},{\"@type\":\"BreadcrumbList\",\"@id\":\"https:\/\/hyundaiantitheft.com\/atlanta-anti-theft-mobile-clinic-copy\/#breadcrumb\",\"itemListElement\":[{\"@type\":\"ListItem\",\"position\":1,\"name\":\"Home\",\"item\":\"https:\/\/hyundaiantitheft.com\/\"},{\"@type\":\"ListItem\",\"position\":2,\"name\":\"Atlanta Anti-Theft Mobile Clinic\"}]},{\"@type\":\"WebSite\",\"@id\":\"https:\/\/hyundaiantitheft.com\/#website\",\"url\":\"https:\/\/hyundaiantitheft.com\/\",\"name\":\"Hyundai\",\"description\":\"Anti-Theft Software Upgrade\",\"potentialAction\":[{\"@type\":\"SearchAction\",\"target\":{\"@type\":\"EntryPoint\",\"urlTemplate\":\"https:\/\/hyundaiantitheft.com\/?s={search_term_string}\"},\"query-input\":{\"@type\":\"PropertyValueSpecification\",\"valueRequired\":true,\"valueName\":\"search_term_string\"}}],\"inLanguage\":\"es-MX\"}]}<\/script>\n<!-- \/ Yoast SEO plugin. -->","yoast_head_json":{"title":"Cl\u00ednica m\u00f3vil antirrobo de Atlanta - Hyundai","robots":{"index":"index","follow":"follow","max-snippet":"max-snippet:-1","max-image-preview":"max-image-preview:large","max-video-preview":"max-video-preview:-1"},"canonical":"https:\/\/hyundaiantitheft.com\/es\/atlanta-antirrobo-copia-clinica-movil\/","og_locale":"es_MX","og_type":"article","og_title":"Atlanta Anti-Theft Mobile Clinic - Hyundai","og_description":"Greenbriar Mall (Macy&#8217;s Parking Lot) on February 16 &#8211; 18 (8am to 6pm on Friday and Saturday, 8am &#8211; 2pm on Sunday) In response to persistent thefts targeting certain Hyundai vehicles without push-button ignitions and immobilizing anti-theft devices, Hyundai Motor America is providing a free installation of anti-theft software at Greenbriar Mall (Macy&#8217;s parking lot)&hellip;","og_url":"https:\/\/hyundaiantitheft.com\/es\/atlanta-antirrobo-copia-clinica-movil\/","og_site_name":"Hyundai","article_modified_time":"2024-05-13T15:37:37+00:00","og_image":[{"url":"https:\/\/hyundaiantitheft.com\/wp-content\/uploads\/2024\/02\/Seal_of_the_Atlanta_Police_Department.png","type":"","width":"","height":""}],"twitter_card":"summary_large_image","twitter_misc":{"Est. reading time":"2 minutos"},"schema":{"@context":"https:\/\/schema.org","@graph":[{"@type":"WebPage","@id":"https:\/\/hyundaiantitheft.com\/atlanta-anti-theft-mobile-clinic-copy\/","url":"https:\/\/hyundaiantitheft.com\/atlanta-anti-theft-mobile-clinic-copy\/","name":"Cl\u00ednica m\u00f3vil antirrobo de Atlanta - Hyundai","isPartOf":{"@id":"https:\/\/hyundaiantitheft.com\/#website"},"primaryImageOfPage":{"@id":"https:\/\/hyundaiantitheft.com\/atlanta-anti-theft-mobile-clinic-copy\/#primaryimage"},"image":{"@id":"https:\/\/hyundaiantitheft.com\/atlanta-anti-theft-mobile-clinic-copy\/#primaryimage"},"thumbnailUrl":"https:\/\/hyundaiantitheft.com\/wp-content\/uploads\/2024\/02\/Seal_of_the_Atlanta_Police_Department.png","datePublished":"2024-02-12T21:06:39+00:00","dateModified":"2024-05-13T15:37:37+00:00","breadcrumb":{"@id":"https:\/\/hyundaiantitheft.com\/atlanta-anti-theft-mobile-clinic-copy\/#breadcrumb"},"inLanguage":"es-MX","potentialAction":[{"@type":"ReadAction","target":["https:\/\/hyundaiantitheft.com\/atlanta-anti-theft-mobile-clinic-copy\/"]}]},{"@type":"ImageObject","inLanguage":"es-MX","@id":"https:\/\/hyundaiantitheft.com\/atlanta-anti-theft-mobile-clinic-copy\/#primaryimage","url":"https:\/\/hyundaiantitheft.com\/wp-content\/uploads\/2024\/02\/Seal_of_the_Atlanta_Police_Department.png","contentUrl":"https:\/\/hyundaiantitheft.com\/wp-content\/uploads\/2024\/02\/Seal_of_the_Atlanta_Police_Department.png"},{"@type":"BreadcrumbList","@id":"https:\/\/hyundaiantitheft.com\/atlanta-anti-theft-mobile-clinic-copy\/#breadcrumb","itemListElement":[{"@type":"ListItem","position":1,"name":"Home","item":"https:\/\/hyundaiantitheft.com\/"},{"@type":"ListItem","position":2,"name":"Atlanta Anti-Theft Mobile Clinic"}]},{"@type":"WebSite","@id":"https:\/\/hyundaiantitheft.com\/#website","url":"https:\/\/hyundaiantitheft.com\/","name":"Hyundai","description":"Actualizaci\u00f3n del software antirrobo","potentialAction":[{"@type":"SearchAction","target":{"@type":"EntryPoint","urlTemplate":"https:\/\/hyundaiantitheft.com\/?s={search_term_string}"},"query-input":{"@type":"PropertyValueSpecification","valueRequired":true,"valueName":"search_term_string"}}],"inLanguage":"es-MX"}]}},"_links":{"self":[{"href":"https:\/\/hyundaiantitheft.com\/es\/wp-json\/wp\/v2\/pages\/685","targetHints":{"allow":["GET"]}}],"collection":[{"href":"https:\/\/hyundaiantitheft.com\/es\/wp-json\/wp\/v2\/pages"}],"about":[{"href":"https:\/\/hyundaiantitheft.com\/es\/wp-json\/wp\/v2\/types\/page"}],"author":[{"embeddable":true,"href":"https:\/\/hyundaiantitheft.com\/es\/wp-json\/wp\/v2\/users\/2"}],"replies":[{"embeddable":true,"href":"https:\/\/hyundaiantitheft.com\/es\/wp-json\/wp\/v2\/comments?post=685"}],"version-history":[{"count":3,"href":"https:\/\/hyundaiantitheft.com\/es\/wp-json\/wp\/v2\/pages\/685\/revisions"}],"predecessor-version":[{"id":841,"href":"https:\/\/hyundaiantitheft.com\/es\/wp-json\/wp\/v2\/pages\/685\/revisions\/841"}],"wp:attachment":[{"href":"https:\/\/hyundaiantitheft.com\/es\/wp-json\/wp\/v2\/media?parent=685"}],"curies":[{"name":"wp","href":"https:\/\/api.w.org\/{rel}","templated":true}]}}