{"id":716,"date":"2024-03-05T13:06:00","date_gmt":"2024-03-05T18:06:00","guid":{"rendered":"https:\/\/hyundaiantitheft.com\/?page_id=716"},"modified":"2024-03-05T14:05:13","modified_gmt":"2024-03-05T19:05:13","slug":"clinica-movil-antirrobo-de-austin","status":"publish","type":"page","link":"https:\/\/hyundaiantitheft.com\/es\/clinica-movil-antirrobo-de-austin\/","title":{"rendered":"Cl\u00ednica m\u00f3vil antirrobo de Austin"},"content":{"rendered":"<iframe src=\"https:\/\/www.google.com\/maps\/embed?pb=!1m18!1m12!1m3!1d3447.2626712641195!2d-97.8088391!3d30.2295851!2m3!1f0!2f0!3f0!3m2!1i1024!2i768!4f13.1!3m3!1m2!1s0x865b4b15bc9517cd%3A0xfa910b99102e3c2e!2s3200%20Jones%20Rd%2C%20Austin%2C%20TX%2078745!5e0!3m2!1sen!2sus!4v1709661940397!5m2!1sen!2sus\" width=\"600\" height=\"450\" allowfullscreen=\"\" loading=\"lazy\" referrerpolicy=\"no-referrer-when-downgrade\"><\/iframe>\n\t<h2>\n\t\t\t\tComplejo deportivo Burger del 8 al 10 de marzo (de 8.00 a 18.00 el viernes y el s\u00e1bado, de 8.00 a 14.00 el domingo)\n\t\t\t<\/h2>\n\t\t\t<p>En respuesta a los robos persistentes dirigidos a ciertos veh\u00edculos Hyundai sin bot\u00f3n de encendido y dispositivos antirrobo de inmovilizaci\u00f3n, Hyundai Motor America est\u00e1 proporcionando una instalaci\u00f3n gratuita de software antirrobo en Burger Sports Complex en 3200 Jones Rd, Austin, TX 78745.\u00a0<strong>La cl\u00ednica se celebrar\u00e1 de 8.00 a 18.00 horas el viernes (3\/8) y el s\u00e1bado (3\/9) y de 8.00 a 14.00 horas el domingo (3\/10).<\/strong>\u00a0El objetivo de la cl\u00ednica m\u00f3vil es complementar la red nacional de concesionarios Hyundai e impulsar nuevas instalaciones de la actualizaci\u00f3n gratuita del software antirrobo de Hyundai para los clientes que siguen vi\u00e9ndose afectados por los robos. T\u00e9cnicos de servicio m\u00f3viles especialmente formados estar\u00e1n in situ para instalar y completar la actualizaci\u00f3n del software, que deber\u00eda llevar menos de 30 minutos.<\/p>\t\n\t<p><strong><em>D\u00d3NDE:<\/em><\/strong><em>\u00a0<\/em><\/p>\n<p>Complejo deportivo Burger<\/p>\n<p>3200 Jones Rd.<\/p>\n<p>Austin, TX 78745<\/p>\n\n\t<p><strong><em>HORARIO:<\/em><\/strong><\/p>\n<p>De 8:00 a 18:00 (viernes y s\u00e1bado)<\/p>\n<p>De 8:00 a 14:00 (domingo)<\/p>\n\t<p><strong><em>FECHAS:<\/em><\/strong><\/p>\n<p>Del 8 al 10 de marzo<\/p>\n\t\t\t\t<img loading=\"lazy\" decoding=\"async\" src=\"https:\/\/hyundaiantitheft.com\/wp-content\/uploads\/2024\/03\/LjYYcA4O_400x400.jpg\" alt=\"LjYYcA4O_400x400\" itemprop=\"image\" height=\"400\" width=\"400\" title=\"LjYYcA4O_400x400\" onerror=\"this.style.display='none'\"  \/>\n\t\t\t\t<img loading=\"lazy\" decoding=\"async\" src=\"https:\/\/hyundaiantitheft.com\/wp-content\/uploads\/2023\/07\/hyundai-logo.png\" alt=\"hyundai-logo\" itemprop=\"image\" height=\"155\" width=\"223\" title=\"hyundai-logo\" onerror=\"this.style.display='none'\"  \/>","protected":false},"excerpt":{"rendered":"<p>Complejo deportivo Burger del 8 al 10 de marzo (de 8:00 a 18:00 el viernes y el s\u00e1bado, de 8:00 a 14:00 el domingo) En respuesta a los robos persistentes que tienen como objetivo determinados veh\u00edculos Hyundai sin bot\u00f3n de arranque y dispositivos antirrobo de inmovilizaci\u00f3n, Hyundai Motor America ofrece una instalaci\u00f3n gratuita de software antirrobo en el Complejo deportivo Burger en 3200 Jones Rd,...<\/p>","protected":false},"author":2,"featured_media":0,"parent":0,"menu_order":0,"comment_status":"closed","ping_status":"closed","template":"","meta":{"_acf_changed":false,"inline_featured_image":false,"footnotes":""},"class_list":["post-716","page","type-page","status-publish","hentry"],"acf":[],"yoast_head":"<!-- This site is optimized with the Yoast SEO plugin v26.5 - https:\/\/yoast.com\/wordpress\/plugins\/seo\/ -->\n<title>Austin Anti-Theft Mobile Clinic - Hyundai<\/title>\n<meta name=\"robots\" content=\"index, follow, max-snippet:-1, max-image-preview:large, max-video-preview:-1\" \/>\n<link rel=\"canonical\" href=\"https:\/\/www.hyundaiantitheft.com\/austin-anti-theft-mobile-clinic\/\" \/>\n<meta property=\"og:locale\" content=\"es_MX\" \/>\n<meta property=\"og:type\" content=\"article\" \/>\n<meta property=\"og:title\" content=\"Austin Anti-Theft Mobile Clinic - Hyundai\" \/>\n<meta property=\"og:description\" content=\"Burger Sports Complex on March 8 &#8211; 10 (8am to 6pm on Friday and Saturday, 8am &#8211; 2pm on Sunday) In response to persistent thefts targeting certain Hyundai vehicles without push-button ignitions and immobilizing anti-theft devices, Hyundai Motor America is providing a free installation of anti-theft software at Burger Sports Complex at 3200 Jones Rd,&hellip;\" \/>\n<meta property=\"og:url\" content=\"https:\/\/www.hyundaiantitheft.com\/austin-anti-theft-mobile-clinic\/\" \/>\n<meta property=\"og:site_name\" content=\"Hyundai\" \/>\n<meta property=\"article:modified_time\" content=\"2024-03-05T19:05:13+00:00\" \/>\n<meta property=\"og:image\" content=\"https:\/\/hyundaiantitheft.com\/wp-content\/uploads\/2024\/03\/LjYYcA4O_400x400.jpg\" \/>\n<meta name=\"twitter:card\" content=\"summary_large_image\" \/>\n<meta name=\"twitter:label1\" content=\"Est. reading time\" \/>\n\t<meta name=\"twitter:data1\" content=\"2 minutos\" \/>\n<script type=\"application\/ld+json\" class=\"yoast-schema-graph\">{\"@context\":\"https:\/\/schema.org\",\"@graph\":[{\"@type\":\"WebPage\",\"@id\":\"https:\/\/www.hyundaiantitheft.com\/austin-anti-theft-mobile-clinic\/\",\"url\":\"https:\/\/www.hyundaiantitheft.com\/austin-anti-theft-mobile-clinic\/\",\"name\":\"Austin Anti-Theft Mobile Clinic - Hyundai\",\"isPartOf\":{\"@id\":\"https:\/\/hyundaiantitheft.com\/#website\"},\"primaryImageOfPage\":{\"@id\":\"https:\/\/www.hyundaiantitheft.com\/austin-anti-theft-mobile-clinic\/#primaryimage\"},\"image\":{\"@id\":\"https:\/\/www.hyundaiantitheft.com\/austin-anti-theft-mobile-clinic\/#primaryimage\"},\"thumbnailUrl\":\"https:\/\/hyundaiantitheft.com\/wp-content\/uploads\/2024\/03\/LjYYcA4O_400x400.jpg\",\"datePublished\":\"2024-03-05T18:06:00+00:00\",\"dateModified\":\"2024-03-05T19:05:13+00:00\",\"breadcrumb\":{\"@id\":\"https:\/\/www.hyundaiantitheft.com\/austin-anti-theft-mobile-clinic\/#breadcrumb\"},\"inLanguage\":\"es-MX\",\"potentialAction\":[{\"@type\":\"ReadAction\",\"target\":[\"https:\/\/www.hyundaiantitheft.com\/austin-anti-theft-mobile-clinic\/\"]}]},{\"@type\":\"ImageObject\",\"inLanguage\":\"es-MX\",\"@id\":\"https:\/\/www.hyundaiantitheft.com\/austin-anti-theft-mobile-clinic\/#primaryimage\",\"url\":\"https:\/\/hyundaiantitheft.com\/wp-content\/uploads\/2024\/03\/LjYYcA4O_400x400.jpg\",\"contentUrl\":\"https:\/\/hyundaiantitheft.com\/wp-content\/uploads\/2024\/03\/LjYYcA4O_400x400.jpg\"},{\"@type\":\"BreadcrumbList\",\"@id\":\"https:\/\/www.hyundaiantitheft.com\/austin-anti-theft-mobile-clinic\/#breadcrumb\",\"itemListElement\":[{\"@type\":\"ListItem\",\"position\":1,\"name\":\"Home\",\"item\":\"https:\/\/hyundaiantitheft.com\/\"},{\"@type\":\"ListItem\",\"position\":2,\"name\":\"Austin Anti-Theft Mobile Clinic\"}]},{\"@type\":\"WebSite\",\"@id\":\"https:\/\/hyundaiantitheft.com\/#website\",\"url\":\"https:\/\/hyundaiantitheft.com\/\",\"name\":\"Hyundai\",\"description\":\"Anti-Theft Software Upgrade\",\"potentialAction\":[{\"@type\":\"SearchAction\",\"target\":{\"@type\":\"EntryPoint\",\"urlTemplate\":\"https:\/\/hyundaiantitheft.com\/?s={search_term_string}\"},\"query-input\":{\"@type\":\"PropertyValueSpecification\",\"valueRequired\":true,\"valueName\":\"search_term_string\"}}],\"inLanguage\":\"es-MX\"}]}<\/script>\n<!-- \/ Yoast SEO plugin. -->","yoast_head_json":{"title":"Cl\u00ednica m\u00f3vil antirrobo de Austin - Hyundai","robots":{"index":"index","follow":"follow","max-snippet":"max-snippet:-1","max-image-preview":"max-image-preview:large","max-video-preview":"max-video-preview:-1"},"canonical":"https:\/\/www.hyundaiantitheft.com\/austin-anti-theft-mobile-clinic\/","og_locale":"es_MX","og_type":"article","og_title":"Austin Anti-Theft Mobile Clinic - Hyundai","og_description":"Burger Sports Complex on March 8 &#8211; 10 (8am to 6pm on Friday and Saturday, 8am &#8211; 2pm on Sunday) In response to persistent thefts targeting certain Hyundai vehicles without push-button ignitions and immobilizing anti-theft devices, Hyundai Motor America is providing a free installation of anti-theft software at Burger Sports Complex at 3200 Jones Rd,&hellip;","og_url":"https:\/\/www.hyundaiantitheft.com\/austin-anti-theft-mobile-clinic\/","og_site_name":"Hyundai","article_modified_time":"2024-03-05T19:05:13+00:00","og_image":[{"url":"https:\/\/hyundaiantitheft.com\/wp-content\/uploads\/2024\/03\/LjYYcA4O_400x400.jpg","type":"","width":"","height":""}],"twitter_card":"summary_large_image","twitter_misc":{"Est. reading time":"2 minutos"},"schema":{"@context":"https:\/\/schema.org","@graph":[{"@type":"WebPage","@id":"https:\/\/www.hyundaiantitheft.com\/austin-anti-theft-mobile-clinic\/","url":"https:\/\/www.hyundaiantitheft.com\/austin-anti-theft-mobile-clinic\/","name":"Cl\u00ednica m\u00f3vil antirrobo de Austin - Hyundai","isPartOf":{"@id":"https:\/\/hyundaiantitheft.com\/#website"},"primaryImageOfPage":{"@id":"https:\/\/www.hyundaiantitheft.com\/austin-anti-theft-mobile-clinic\/#primaryimage"},"image":{"@id":"https:\/\/www.hyundaiantitheft.com\/austin-anti-theft-mobile-clinic\/#primaryimage"},"thumbnailUrl":"https:\/\/hyundaiantitheft.com\/wp-content\/uploads\/2024\/03\/LjYYcA4O_400x400.jpg","datePublished":"2024-03-05T18:06:00+00:00","dateModified":"2024-03-05T19:05:13+00:00","breadcrumb":{"@id":"https:\/\/www.hyundaiantitheft.com\/austin-anti-theft-mobile-clinic\/#breadcrumb"},"inLanguage":"es-MX","potentialAction":[{"@type":"ReadAction","target":["https:\/\/www.hyundaiantitheft.com\/austin-anti-theft-mobile-clinic\/"]}]},{"@type":"ImageObject","inLanguage":"es-MX","@id":"https:\/\/www.hyundaiantitheft.com\/austin-anti-theft-mobile-clinic\/#primaryimage","url":"https:\/\/hyundaiantitheft.com\/wp-content\/uploads\/2024\/03\/LjYYcA4O_400x400.jpg","contentUrl":"https:\/\/hyundaiantitheft.com\/wp-content\/uploads\/2024\/03\/LjYYcA4O_400x400.jpg"},{"@type":"BreadcrumbList","@id":"https:\/\/www.hyundaiantitheft.com\/austin-anti-theft-mobile-clinic\/#breadcrumb","itemListElement":[{"@type":"ListItem","position":1,"name":"Home","item":"https:\/\/hyundaiantitheft.com\/"},{"@type":"ListItem","position":2,"name":"Austin Anti-Theft Mobile Clinic"}]},{"@type":"WebSite","@id":"https:\/\/hyundaiantitheft.com\/#website","url":"https:\/\/hyundaiantitheft.com\/","name":"Hyundai","description":"Actualizaci\u00f3n del software antirrobo","potentialAction":[{"@type":"SearchAction","target":{"@type":"EntryPoint","urlTemplate":"https:\/\/hyundaiantitheft.com\/?s={search_term_string}"},"query-input":{"@type":"PropertyValueSpecification","valueRequired":true,"valueName":"search_term_string"}}],"inLanguage":"es-MX"}]}},"_links":{"self":[{"href":"https:\/\/hyundaiantitheft.com\/es\/wp-json\/wp\/v2\/pages\/716","targetHints":{"allow":["GET"]}}],"collection":[{"href":"https:\/\/hyundaiantitheft.com\/es\/wp-json\/wp\/v2\/pages"}],"about":[{"href":"https:\/\/hyundaiantitheft.com\/es\/wp-json\/wp\/v2\/types\/page"}],"author":[{"embeddable":true,"href":"https:\/\/hyundaiantitheft.com\/es\/wp-json\/wp\/v2\/users\/2"}],"replies":[{"embeddable":true,"href":"https:\/\/hyundaiantitheft.com\/es\/wp-json\/wp\/v2\/comments?post=716"}],"version-history":[{"count":4,"href":"https:\/\/hyundaiantitheft.com\/es\/wp-json\/wp\/v2\/pages\/716\/revisions"}],"predecessor-version":[{"id":723,"href":"https:\/\/hyundaiantitheft.com\/es\/wp-json\/wp\/v2\/pages\/716\/revisions\/723"}],"wp:attachment":[{"href":"https:\/\/hyundaiantitheft.com\/es\/wp-json\/wp\/v2\/media?parent=716"}],"curies":[{"name":"wp","href":"https:\/\/api.w.org\/{rel}","templated":true}]}}