{"id":744,"date":"2024-03-17T22:33:57","date_gmt":"2024-03-18T02:33:57","guid":{"rendered":"https:\/\/hyundaiantitheft.com\/?page_id=744"},"modified":"2024-03-23T22:45:54","modified_gmt":"2024-03-24T02:45:54","slug":"clinica-movil-antirrobo-lv","status":"publish","type":"page","link":"https:\/\/hyundaiantitheft.com\/es\/clinica-movil-antirrobo-lv\/","title":{"rendered":"Cl\u00ednica m\u00f3vil antirrobo de Las Vegas"},"content":{"rendered":"<h4>\n\t\t\tCaja modal\n\t\t\t\t\t<\/h4>\n\t\t<h5>modal-<\/h5>\n\t\tHaga clic aqu\u00ed para editar la configuraci\u00f3n del \"modal-box\". Este texto es s\u00f3lo para editar y no aparecer\u00e1 despu\u00e9s de publicar los cambios.\n\t\t\t\t\t\tVista previa\n\t\t\tmodal-\n\t\t\t\t\t\t\t\t\t\t\t<h4 id=\"modal-title-\">Cl\u00ednica m\u00f3vil antirrobo: \u00a1a partir de las 7 de la ma\u00f1ana!<\/h4>\t\t\t\t\t\t\t\t\t\t\t\t\t\t\t\t\n\t\t\t\t\t\t<p>Abierto de 7.00 a 18.00 horas el domingo 24 de marzo<\/p>\n\t<iframe src=\"https:\/\/www.google.com\/maps\/embed?pb=!1m18!1m12!1m3!1d25772.699801366736!2d-115.18553508759257!3d36.152256396437316!2m3!1f0!2f0!3f0!3m2!1i1024!2i768!4f13.1!3m3!1m2!1s0x80c8c66f001c5415%3A0x125965335f4eced4!2sLas%20Vegas%20Metropolitan%20Police%20Department!5e0!3m2!1sen!2sus!4v1710729523415!5m2!1sen!2sus\" width=\"600\" height=\"450\" allowfullscreen=\"\" loading=\"lazy\" referrerpolicy=\"no-referrer-when-downgrade\"><\/iframe>\n\t<h2>\n\t\t\t\tDepartamento de Polic\u00eda Metropolitana de Las Vegas, del 22 al 24 de marzo (de 7.00 a 18.00 h)\n\t\t\t<\/h2>\n\t\t\t<p>En respuesta a los robos persistentes que tienen como objetivo ciertos veh\u00edculos Hyundai sin bot\u00f3n de encendido y dispositivos antirrobo de inmovilizaci\u00f3n, Hyundai Motor America est\u00e1 proporcionando una instalaci\u00f3n gratuita de software antirrobo en el Departamento de Polic\u00eda Metropolitana de Las Vegas, 400 S. Martin L. King Blvd, Las Vegas, NV 89106.\u00a0<strong>La cl\u00ednica se celebrar\u00e1 de 8.00 a 18.00 horas el viernes (22.3) y el s\u00e1bado (23.3), y de 7.00 a 18.00 horas el domingo (24.3).<\/strong>\u00a0El objetivo de la cl\u00ednica m\u00f3vil es complementar la red nacional de concesionarios Hyundai e impulsar nuevas instalaciones de la actualizaci\u00f3n gratuita del software antirrobo de Hyundai para los clientes que siguen vi\u00e9ndose afectados por los robos. T\u00e9cnicos de servicio m\u00f3viles especialmente formados estar\u00e1n in situ para instalar y completar la actualizaci\u00f3n del software, que deber\u00eda llevar menos de 30 minutos.\u00a0<b>Todos los propietarios de Hyundai que nos visiten recibir\u00e1n un bloqueo de volante de regalo (hasta agotar existencias).<\/b><\/p>\t\n\t<p><strong><em>D\u00d3NDE:<\/em><\/strong><em>\u00a0<\/em><\/p>\n<p>Departamento de Polic\u00eda Metropolitana de Las Vegas<\/p>\n<p>400 S. Martin L. King Blvd.<\/p>\n<p>Las Vegas, NV 89106<\/p>\n\n\t<p><strong><em>HORARIO:<\/em><\/strong><\/p>\n<p>De 8:00 a 18:00 (viernes y s\u00e1bado)<\/p>\n<p>De 7:00 a 18:00 (domingo)<\/p>\n\t<p><strong><em>FECHAS:<\/em><\/strong><\/p>\n<p>Del 22 al 24 de marzo<\/p>\n<h2>\n\t\tVeh\u00edculos afectados\n\t<\/h2>\n<ul>\n<li>2018-2022 Accent<\/li>\n<li>Elantra 2011-2022<\/li>\n<li>2013-2020 Elantra GT<\/li>\n<li>Genesis Coup\u00e9 2013-2014<\/li>\n<li>2018-2022 Kona<\/li>\n<li>2020-2021 Palizada<\/li>\n<li>2013-2022 Santa Fe<\/li>\n<\/ul>\n<ul>\n<li>2013-2018 Santa Fe Sport<\/li>\n<li>2019 Santa Fe XL<\/li>\n<li>2011-2019 Sonata<\/li>\n<li>2011-2022 Tucson<\/li>\n<li>2012-2017 y 2019-2021 Veloster<\/li>\n<li>2020-2021 Sede<\/li>\n<\/ul>\n\t\t\t\t<img loading=\"lazy\" decoding=\"async\" src=\"https:\/\/hyundaiantitheft.com\/wp-content\/uploads\/2024\/03\/Badge_of_the_Las_Vegas_Metropolitan_Police_Department.png\" alt=\"Insignia_del_Departamento_de_Polic\u00eda_Metropolitana_de_Las_Vegas\" itemprop=\"image\" height=\"397\" width=\"405\" title=\"Insignia_del_Departamento_de_Polic\u00eda_Metropolitana_de_Las_Vegas\" onerror=\"this.style.display='none'\"  \/>\n\t\t\t\t<img loading=\"lazy\" decoding=\"async\" src=\"https:\/\/hyundaiantitheft.com\/wp-content\/uploads\/2023\/07\/hyundai-logo.png\" alt=\"hyundai-logo\" itemprop=\"image\" height=\"155\" width=\"223\" title=\"hyundai-logo\" onerror=\"this.style.display='none'\"  \/>","protected":false},"excerpt":{"rendered":"<p>Modal Box modal- Haga clic aqu\u00ed para editar la configuraci\u00f3n del \"modal-box\". Este texto es s\u00f3lo para editar y no aparecer\u00e1 despu\u00e9s de publicar los cambios. Preview modal- \u00a1La Cl\u00ednica M\u00f3vil Antirrobo empieza a las 7 de la ma\u00f1ana! Abierto de 7 am a 6 pm el domingo 24 de marzo Departamento de Polic\u00eda Metropolitana de Las Vegas el 22 de marzo - 24 (7am...<\/p>","protected":false},"author":2,"featured_media":0,"parent":0,"menu_order":0,"comment_status":"closed","ping_status":"closed","template":"","meta":{"_acf_changed":false,"inline_featured_image":false,"footnotes":""},"class_list":["post-744","page","type-page","status-publish","hentry"],"acf":[],"yoast_head":"<!-- This site is optimized with the Yoast SEO plugin v26.5 - https:\/\/yoast.com\/wordpress\/plugins\/seo\/ -->\n<title>Las Vegas Anti-Theft Mobile Clinic - Hyundai<\/title>\n<meta name=\"robots\" content=\"index, follow, max-snippet:-1, max-image-preview:large, max-video-preview:-1\" \/>\n<link rel=\"canonical\" href=\"https:\/\/www.hyundaiantitheft.com\/es\/clinica-movil-antirrobo-lv\/\" \/>\n<meta property=\"og:locale\" content=\"es_MX\" \/>\n<meta property=\"og:type\" content=\"article\" \/>\n<meta property=\"og:title\" content=\"Las Vegas Anti-Theft Mobile Clinic - Hyundai\" \/>\n<meta property=\"og:description\" content=\"Modal Box modal- Click here to edit the &#8220;modal-box&#8221; settings. This text is only for editing and will not appear after you publish the changes. Preview modal- Anti-Theft Mobile Clinic Starts at 7am! Open from 7 am to 6 pm on Sunday March 24th Las Vegas Metropolitan Police Department on March 22 &#8211; 24 (7am&hellip;\" \/>\n<meta property=\"og:url\" content=\"https:\/\/www.hyundaiantitheft.com\/es\/clinica-movil-antirrobo-lv\/\" \/>\n<meta property=\"og:site_name\" content=\"Hyundai\" \/>\n<meta property=\"article:modified_time\" content=\"2024-03-24T02:45:54+00:00\" \/>\n<meta property=\"og:image\" content=\"https:\/\/hyundaiantitheft.com\/wp-content\/uploads\/2024\/03\/Badge_of_the_Las_Vegas_Metropolitan_Police_Department.png\" \/>\n<meta name=\"twitter:card\" content=\"summary_large_image\" \/>\n<meta name=\"twitter:label1\" content=\"Est. reading time\" \/>\n\t<meta name=\"twitter:data1\" content=\"2 minutos\" \/>\n<script type=\"application\/ld+json\" class=\"yoast-schema-graph\">{\"@context\":\"https:\/\/schema.org\",\"@graph\":[{\"@type\":\"WebPage\",\"@id\":\"https:\/\/www.hyundaiantitheft.com\/es\/clinica-movil-antirrobo-lv\/\",\"url\":\"https:\/\/www.hyundaiantitheft.com\/es\/clinica-movil-antirrobo-lv\/\",\"name\":\"Las Vegas Anti-Theft Mobile Clinic - Hyundai\",\"isPartOf\":{\"@id\":\"https:\/\/hyundaiantitheft.com\/#website\"},\"primaryImageOfPage\":{\"@id\":\"https:\/\/www.hyundaiantitheft.com\/es\/clinica-movil-antirrobo-lv\/#primaryimage\"},\"image\":{\"@id\":\"https:\/\/www.hyundaiantitheft.com\/es\/clinica-movil-antirrobo-lv\/#primaryimage\"},\"thumbnailUrl\":\"https:\/\/hyundaiantitheft.com\/wp-content\/uploads\/2024\/03\/Badge_of_the_Las_Vegas_Metropolitan_Police_Department.png\",\"datePublished\":\"2024-03-18T02:33:57+00:00\",\"dateModified\":\"2024-03-24T02:45:54+00:00\",\"breadcrumb\":{\"@id\":\"https:\/\/www.hyundaiantitheft.com\/es\/clinica-movil-antirrobo-lv\/#breadcrumb\"},\"inLanguage\":\"es-MX\",\"potentialAction\":[{\"@type\":\"ReadAction\",\"target\":[\"https:\/\/www.hyundaiantitheft.com\/es\/clinica-movil-antirrobo-lv\/\"]}]},{\"@type\":\"ImageObject\",\"inLanguage\":\"es-MX\",\"@id\":\"https:\/\/www.hyundaiantitheft.com\/es\/clinica-movil-antirrobo-lv\/#primaryimage\",\"url\":\"https:\/\/hyundaiantitheft.com\/wp-content\/uploads\/2024\/03\/Badge_of_the_Las_Vegas_Metropolitan_Police_Department.png\",\"contentUrl\":\"https:\/\/hyundaiantitheft.com\/wp-content\/uploads\/2024\/03\/Badge_of_the_Las_Vegas_Metropolitan_Police_Department.png\"},{\"@type\":\"BreadcrumbList\",\"@id\":\"https:\/\/www.hyundaiantitheft.com\/es\/clinica-movil-antirrobo-lv\/#breadcrumb\",\"itemListElement\":[{\"@type\":\"ListItem\",\"position\":1,\"name\":\"Home\",\"item\":\"https:\/\/hyundaiantitheft.com\/\"},{\"@type\":\"ListItem\",\"position\":2,\"name\":\"Las Vegas Anti-Theft Mobile Clinic\"}]},{\"@type\":\"WebSite\",\"@id\":\"https:\/\/hyundaiantitheft.com\/#website\",\"url\":\"https:\/\/hyundaiantitheft.com\/\",\"name\":\"Hyundai\",\"description\":\"Anti-Theft Software Upgrade\",\"potentialAction\":[{\"@type\":\"SearchAction\",\"target\":{\"@type\":\"EntryPoint\",\"urlTemplate\":\"https:\/\/hyundaiantitheft.com\/?s={search_term_string}\"},\"query-input\":{\"@type\":\"PropertyValueSpecification\",\"valueRequired\":true,\"valueName\":\"search_term_string\"}}],\"inLanguage\":\"es-MX\"}]}<\/script>\n<!-- \/ Yoast SEO plugin. -->","yoast_head_json":{"title":"Cl\u00ednica m\u00f3vil antirrobo de Las Vegas - Hyundai","robots":{"index":"index","follow":"follow","max-snippet":"max-snippet:-1","max-image-preview":"max-image-preview:large","max-video-preview":"max-video-preview:-1"},"canonical":"https:\/\/www.hyundaiantitheft.com\/es\/clinica-movil-antirrobo-lv\/","og_locale":"es_MX","og_type":"article","og_title":"Las Vegas Anti-Theft Mobile Clinic - Hyundai","og_description":"Modal Box modal- Click here to edit the &#8220;modal-box&#8221; settings. This text is only for editing and will not appear after you publish the changes. Preview modal- Anti-Theft Mobile Clinic Starts at 7am! Open from 7 am to 6 pm on Sunday March 24th Las Vegas Metropolitan Police Department on March 22 &#8211; 24 (7am&hellip;","og_url":"https:\/\/www.hyundaiantitheft.com\/es\/clinica-movil-antirrobo-lv\/","og_site_name":"Hyundai","article_modified_time":"2024-03-24T02:45:54+00:00","og_image":[{"url":"https:\/\/hyundaiantitheft.com\/wp-content\/uploads\/2024\/03\/Badge_of_the_Las_Vegas_Metropolitan_Police_Department.png","type":"","width":"","height":""}],"twitter_card":"summary_large_image","twitter_misc":{"Est. reading time":"2 minutos"},"schema":{"@context":"https:\/\/schema.org","@graph":[{"@type":"WebPage","@id":"https:\/\/www.hyundaiantitheft.com\/es\/clinica-movil-antirrobo-lv\/","url":"https:\/\/www.hyundaiantitheft.com\/es\/clinica-movil-antirrobo-lv\/","name":"Cl\u00ednica m\u00f3vil antirrobo de Las Vegas - Hyundai","isPartOf":{"@id":"https:\/\/hyundaiantitheft.com\/#website"},"primaryImageOfPage":{"@id":"https:\/\/www.hyundaiantitheft.com\/es\/clinica-movil-antirrobo-lv\/#primaryimage"},"image":{"@id":"https:\/\/www.hyundaiantitheft.com\/es\/clinica-movil-antirrobo-lv\/#primaryimage"},"thumbnailUrl":"https:\/\/hyundaiantitheft.com\/wp-content\/uploads\/2024\/03\/Badge_of_the_Las_Vegas_Metropolitan_Police_Department.png","datePublished":"2024-03-18T02:33:57+00:00","dateModified":"2024-03-24T02:45:54+00:00","breadcrumb":{"@id":"https:\/\/www.hyundaiantitheft.com\/es\/clinica-movil-antirrobo-lv\/#breadcrumb"},"inLanguage":"es-MX","potentialAction":[{"@type":"ReadAction","target":["https:\/\/www.hyundaiantitheft.com\/es\/clinica-movil-antirrobo-lv\/"]}]},{"@type":"ImageObject","inLanguage":"es-MX","@id":"https:\/\/www.hyundaiantitheft.com\/es\/clinica-movil-antirrobo-lv\/#primaryimage","url":"https:\/\/hyundaiantitheft.com\/wp-content\/uploads\/2024\/03\/Badge_of_the_Las_Vegas_Metropolitan_Police_Department.png","contentUrl":"https:\/\/hyundaiantitheft.com\/wp-content\/uploads\/2024\/03\/Badge_of_the_Las_Vegas_Metropolitan_Police_Department.png"},{"@type":"BreadcrumbList","@id":"https:\/\/www.hyundaiantitheft.com\/es\/clinica-movil-antirrobo-lv\/#breadcrumb","itemListElement":[{"@type":"ListItem","position":1,"name":"Home","item":"https:\/\/hyundaiantitheft.com\/"},{"@type":"ListItem","position":2,"name":"Las Vegas Anti-Theft Mobile Clinic"}]},{"@type":"WebSite","@id":"https:\/\/hyundaiantitheft.com\/#website","url":"https:\/\/hyundaiantitheft.com\/","name":"Hyundai","description":"Actualizaci\u00f3n del software antirrobo","potentialAction":[{"@type":"SearchAction","target":{"@type":"EntryPoint","urlTemplate":"https:\/\/hyundaiantitheft.com\/?s={search_term_string}"},"query-input":{"@type":"PropertyValueSpecification","valueRequired":true,"valueName":"search_term_string"}}],"inLanguage":"es-MX"}]}},"_links":{"self":[{"href":"https:\/\/hyundaiantitheft.com\/es\/wp-json\/wp\/v2\/pages\/744","targetHints":{"allow":["GET"]}}],"collection":[{"href":"https:\/\/hyundaiantitheft.com\/es\/wp-json\/wp\/v2\/pages"}],"about":[{"href":"https:\/\/hyundaiantitheft.com\/es\/wp-json\/wp\/v2\/types\/page"}],"author":[{"embeddable":true,"href":"https:\/\/hyundaiantitheft.com\/es\/wp-json\/wp\/v2\/users\/2"}],"replies":[{"embeddable":true,"href":"https:\/\/hyundaiantitheft.com\/es\/wp-json\/wp\/v2\/comments?post=744"}],"version-history":[{"count":12,"href":"https:\/\/hyundaiantitheft.com\/es\/wp-json\/wp\/v2\/pages\/744\/revisions"}],"predecessor-version":[{"id":763,"href":"https:\/\/hyundaiantitheft.com\/es\/wp-json\/wp\/v2\/pages\/744\/revisions\/763"}],"wp:attachment":[{"href":"https:\/\/hyundaiantitheft.com\/es\/wp-json\/wp\/v2\/media?parent=744"}],"curies":[{"name":"wp","href":"https:\/\/api.w.org\/{rel}","templated":true}]}}