{"id":801,"date":"2024-04-22T15:34:38","date_gmt":"2024-04-22T19:34:38","guid":{"rendered":"https:\/\/hyundaiantitheft.com\/?page_id=801"},"modified":"2024-04-22T16:28:30","modified_gmt":"2024-04-22T20:28:30","slug":"atlanta-antirrobo-copia-clinica-movil-4","status":"publish","type":"page","link":"https:\/\/hyundaiantitheft.com\/es\/atlanta-antirrobo-copia-clinica-movil-4\/","title":{"rendered":"Cl\u00ednica m\u00f3vil antirrobo de Grand Rapids"},"content":{"rendered":"<iframe src=\"https:\/\/www.google.com\/maps\/embed?pb=!1m18!1m12!1m3!1d2919.236814446881!2d-85.67557592326656!3d42.973284896138864!2m3!1f0!2f0!3f0!3m2!1i1024!2i768!4f13.1!3m3!1m2!1s0x8819adcd9620d5b9%3A0xc9afb9dd66f043a7!2s555%20Monroe%20Ave%20NW%2C%20Grand%20Rapids%2C%20MI%2049503!5e0!3m2!1sen!2sus!4v1713814781451!5m2!1sen!2sus\" width=\"600\" height=\"450\" allowfullscreen=\"\" loading=\"lazy\" referrerpolicy=\"no-referrer-when-downgrade\"><\/iframe>\n\t<h2>\n\t\t\t\tGrand Rapids (555 Monroe Ave NW) del 28 al 30 de abril (de 12 a 18 h el domingo y de 8 a 18 h el lunes y el martes)\n\t\t\t<\/h2>\n\t\t\t<p>En respuesta a los robos persistentes dirigidos a ciertos veh\u00edculos Hyundai sin bot\u00f3n de encendido y dispositivos antirrobo de inmovilizaci\u00f3n, Hyundai Motor America est\u00e1 proporcionando una instalaci\u00f3n gratuita de software antirrobo en el centro de Grand Rapids en 555 Monroe Ave NW.\u00a0<strong>La cl\u00ednica se celebrar\u00e1 de 12.00 a 18.00 horas el domingo (28.4) y de 8.00 a 18.00 horas el lunes (29.4) y el martes (30.4).<\/strong>\u00a0El objetivo de la cl\u00ednica m\u00f3vil es complementar la red nacional de concesionarios Hyundai e impulsar nuevas instalaciones de la actualizaci\u00f3n gratuita del software antirrobo de Hyundai para los clientes que siguen vi\u00e9ndose afectados por los robos. T\u00e9cnicos de servicio m\u00f3viles especialmente formados estar\u00e1n in situ para instalar y completar la actualizaci\u00f3n del software, que deber\u00eda llevar menos de 30 minutos.<\/p>\t\n\t<p><strong><em>D\u00d3NDE:<\/em><\/strong><em>\u00a0<\/em><\/p>\n<p>Centro de Grand Rapids<\/p>\n<p>555 Monroe Ave NW<\/p>\n<p>Grand Rapids, MI 49503<\/p>\n\n\t<p><strong><em>HORARIO:<\/em><\/strong><\/p>\n<p>De 12:00 a 18:00 (domingo)<\/p>\n<p>De 8:00 a 18:00 (lunes y martes)<\/p>\n<p>&nbsp;<\/p>\n\t<p><strong><em>FECHAS:<\/em><\/strong><\/p>\n<p>Del 28 al 30 de abril<\/p>\n\t\t\t\t<img loading=\"lazy\" decoding=\"async\" src=\"https:\/\/hyundaiantitheft.com\/wp-content\/uploads\/2024\/04\/images.png\" alt=\"im\u00e1genes\" itemprop=\"image\" height=\"225\" width=\"225\" title=\"im\u00e1genes\" onerror=\"this.style.display='none'\"  \/>\n\t\t\t\t<img loading=\"lazy\" decoding=\"async\" src=\"https:\/\/hyundaiantitheft.com\/wp-content\/uploads\/2023\/07\/hyundai-logo.png\" alt=\"hyundai-logo\" itemprop=\"image\" height=\"155\" width=\"223\" title=\"hyundai-logo\" onerror=\"this.style.display='none'\"  \/>","protected":false},"excerpt":{"rendered":"<p>Grand Rapids (555 Monroe Ave NW) del 28 al 30 de abril (de 12:00 a 18:00 el domingo y de 8:00 a 18:00 el lunes y el martes) En respuesta a los robos persistentes dirigidos a ciertos veh\u00edculos Hyundai sin bot\u00f3n de encendido y dispositivos antirrobo de inmovilizaci\u00f3n, Hyundai Motor America ofrece una instalaci\u00f3n gratuita de software antirrobo en el centro de Grand Rapids en 555...<\/p>","protected":false},"author":2,"featured_media":0,"parent":0,"menu_order":0,"comment_status":"closed","ping_status":"closed","template":"","meta":{"_acf_changed":false,"inline_featured_image":false,"footnotes":""},"class_list":["post-801","page","type-page","status-publish","hentry"],"acf":[],"yoast_head":"<!-- This site is optimized with the Yoast SEO plugin v26.5 - https:\/\/yoast.com\/wordpress\/plugins\/seo\/ -->\n<title>Grand Rapids Anti-Theft Mobile Clinic - Hyundai<\/title>\n<meta name=\"robots\" content=\"index, follow, max-snippet:-1, max-image-preview:large, max-video-preview:-1\" \/>\n<link rel=\"canonical\" href=\"https:\/\/www.hyundaiantitheft.com\/grand-rapids-anti-theft-mobile-clinic\/\" \/>\n<meta property=\"og:locale\" content=\"es_MX\" \/>\n<meta property=\"og:type\" content=\"article\" \/>\n<meta property=\"og:title\" content=\"Grand Rapids Anti-Theft Mobile Clinic - Hyundai\" \/>\n<meta property=\"og:description\" content=\"Grand Rapids (555 Monroe Ave NW) on April 28-30 (12pm to 6pm on Sunday and 8am to 6pm on Monday and Tuesday) In response to persistent thefts targeting certain Hyundai vehicles without push-button ignitions and immobilizing anti-theft devices, Hyundai Motor America is providing a free installation of anti-theft software in downtown Grand Rapids at 555&hellip;\" \/>\n<meta property=\"og:url\" content=\"https:\/\/www.hyundaiantitheft.com\/grand-rapids-anti-theft-mobile-clinic\/\" \/>\n<meta property=\"og:site_name\" content=\"Hyundai\" \/>\n<meta property=\"article:modified_time\" content=\"2024-04-22T20:28:30+00:00\" \/>\n<meta property=\"og:image\" content=\"https:\/\/hyundaiantitheft.com\/wp-content\/uploads\/2024\/04\/images.png\" \/>\n<meta name=\"twitter:card\" content=\"summary_large_image\" \/>\n<meta name=\"twitter:label1\" content=\"Est. reading time\" \/>\n\t<meta name=\"twitter:data1\" content=\"2 minutos\" \/>\n<script type=\"application\/ld+json\" class=\"yoast-schema-graph\">{\"@context\":\"https:\/\/schema.org\",\"@graph\":[{\"@type\":\"WebPage\",\"@id\":\"https:\/\/www.hyundaiantitheft.com\/grand-rapids-anti-theft-mobile-clinic\/\",\"url\":\"https:\/\/www.hyundaiantitheft.com\/grand-rapids-anti-theft-mobile-clinic\/\",\"name\":\"Grand Rapids Anti-Theft Mobile Clinic - Hyundai\",\"isPartOf\":{\"@id\":\"https:\/\/hyundaiantitheft.com\/#website\"},\"primaryImageOfPage\":{\"@id\":\"https:\/\/www.hyundaiantitheft.com\/grand-rapids-anti-theft-mobile-clinic\/#primaryimage\"},\"image\":{\"@id\":\"https:\/\/www.hyundaiantitheft.com\/grand-rapids-anti-theft-mobile-clinic\/#primaryimage\"},\"thumbnailUrl\":\"https:\/\/hyundaiantitheft.com\/wp-content\/uploads\/2024\/04\/images.png\",\"datePublished\":\"2024-04-22T19:34:38+00:00\",\"dateModified\":\"2024-04-22T20:28:30+00:00\",\"breadcrumb\":{\"@id\":\"https:\/\/www.hyundaiantitheft.com\/grand-rapids-anti-theft-mobile-clinic\/#breadcrumb\"},\"inLanguage\":\"es-MX\",\"potentialAction\":[{\"@type\":\"ReadAction\",\"target\":[\"https:\/\/www.hyundaiantitheft.com\/grand-rapids-anti-theft-mobile-clinic\/\"]}]},{\"@type\":\"ImageObject\",\"inLanguage\":\"es-MX\",\"@id\":\"https:\/\/www.hyundaiantitheft.com\/grand-rapids-anti-theft-mobile-clinic\/#primaryimage\",\"url\":\"https:\/\/hyundaiantitheft.com\/wp-content\/uploads\/2024\/04\/images.png\",\"contentUrl\":\"https:\/\/hyundaiantitheft.com\/wp-content\/uploads\/2024\/04\/images.png\"},{\"@type\":\"BreadcrumbList\",\"@id\":\"https:\/\/www.hyundaiantitheft.com\/grand-rapids-anti-theft-mobile-clinic\/#breadcrumb\",\"itemListElement\":[{\"@type\":\"ListItem\",\"position\":1,\"name\":\"Home\",\"item\":\"https:\/\/hyundaiantitheft.com\/\"},{\"@type\":\"ListItem\",\"position\":2,\"name\":\"Grand Rapids Anti-Theft Mobile Clinic\"}]},{\"@type\":\"WebSite\",\"@id\":\"https:\/\/hyundaiantitheft.com\/#website\",\"url\":\"https:\/\/hyundaiantitheft.com\/\",\"name\":\"Hyundai\",\"description\":\"Anti-Theft Software Upgrade\",\"potentialAction\":[{\"@type\":\"SearchAction\",\"target\":{\"@type\":\"EntryPoint\",\"urlTemplate\":\"https:\/\/hyundaiantitheft.com\/?s={search_term_string}\"},\"query-input\":{\"@type\":\"PropertyValueSpecification\",\"valueRequired\":true,\"valueName\":\"search_term_string\"}}],\"inLanguage\":\"es-MX\"}]}<\/script>\n<!-- \/ Yoast SEO plugin. -->","yoast_head_json":{"title":"Cl\u00ednica m\u00f3vil antirrobo de Grand Rapids - Hyundai","robots":{"index":"index","follow":"follow","max-snippet":"max-snippet:-1","max-image-preview":"max-image-preview:large","max-video-preview":"max-video-preview:-1"},"canonical":"https:\/\/www.hyundaiantitheft.com\/grand-rapids-anti-theft-mobile-clinic\/","og_locale":"es_MX","og_type":"article","og_title":"Grand Rapids Anti-Theft Mobile Clinic - Hyundai","og_description":"Grand Rapids (555 Monroe Ave NW) on April 28-30 (12pm to 6pm on Sunday and 8am to 6pm on Monday and Tuesday) In response to persistent thefts targeting certain Hyundai vehicles without push-button ignitions and immobilizing anti-theft devices, Hyundai Motor America is providing a free installation of anti-theft software in downtown Grand Rapids at 555&hellip;","og_url":"https:\/\/www.hyundaiantitheft.com\/grand-rapids-anti-theft-mobile-clinic\/","og_site_name":"Hyundai","article_modified_time":"2024-04-22T20:28:30+00:00","og_image":[{"url":"https:\/\/hyundaiantitheft.com\/wp-content\/uploads\/2024\/04\/images.png","type":"","width":"","height":""}],"twitter_card":"summary_large_image","twitter_misc":{"Est. reading time":"2 minutos"},"schema":{"@context":"https:\/\/schema.org","@graph":[{"@type":"WebPage","@id":"https:\/\/www.hyundaiantitheft.com\/grand-rapids-anti-theft-mobile-clinic\/","url":"https:\/\/www.hyundaiantitheft.com\/grand-rapids-anti-theft-mobile-clinic\/","name":"Cl\u00ednica m\u00f3vil antirrobo de Grand Rapids - Hyundai","isPartOf":{"@id":"https:\/\/hyundaiantitheft.com\/#website"},"primaryImageOfPage":{"@id":"https:\/\/www.hyundaiantitheft.com\/grand-rapids-anti-theft-mobile-clinic\/#primaryimage"},"image":{"@id":"https:\/\/www.hyundaiantitheft.com\/grand-rapids-anti-theft-mobile-clinic\/#primaryimage"},"thumbnailUrl":"https:\/\/hyundaiantitheft.com\/wp-content\/uploads\/2024\/04\/images.png","datePublished":"2024-04-22T19:34:38+00:00","dateModified":"2024-04-22T20:28:30+00:00","breadcrumb":{"@id":"https:\/\/www.hyundaiantitheft.com\/grand-rapids-anti-theft-mobile-clinic\/#breadcrumb"},"inLanguage":"es-MX","potentialAction":[{"@type":"ReadAction","target":["https:\/\/www.hyundaiantitheft.com\/grand-rapids-anti-theft-mobile-clinic\/"]}]},{"@type":"ImageObject","inLanguage":"es-MX","@id":"https:\/\/www.hyundaiantitheft.com\/grand-rapids-anti-theft-mobile-clinic\/#primaryimage","url":"https:\/\/hyundaiantitheft.com\/wp-content\/uploads\/2024\/04\/images.png","contentUrl":"https:\/\/hyundaiantitheft.com\/wp-content\/uploads\/2024\/04\/images.png"},{"@type":"BreadcrumbList","@id":"https:\/\/www.hyundaiantitheft.com\/grand-rapids-anti-theft-mobile-clinic\/#breadcrumb","itemListElement":[{"@type":"ListItem","position":1,"name":"Home","item":"https:\/\/hyundaiantitheft.com\/"},{"@type":"ListItem","position":2,"name":"Grand Rapids Anti-Theft Mobile Clinic"}]},{"@type":"WebSite","@id":"https:\/\/hyundaiantitheft.com\/#website","url":"https:\/\/hyundaiantitheft.com\/","name":"Hyundai","description":"Actualizaci\u00f3n del software antirrobo","potentialAction":[{"@type":"SearchAction","target":{"@type":"EntryPoint","urlTemplate":"https:\/\/hyundaiantitheft.com\/?s={search_term_string}"},"query-input":{"@type":"PropertyValueSpecification","valueRequired":true,"valueName":"search_term_string"}}],"inLanguage":"es-MX"}]}},"_links":{"self":[{"href":"https:\/\/hyundaiantitheft.com\/es\/wp-json\/wp\/v2\/pages\/801","targetHints":{"allow":["GET"]}}],"collection":[{"href":"https:\/\/hyundaiantitheft.com\/es\/wp-json\/wp\/v2\/pages"}],"about":[{"href":"https:\/\/hyundaiantitheft.com\/es\/wp-json\/wp\/v2\/types\/page"}],"author":[{"embeddable":true,"href":"https:\/\/hyundaiantitheft.com\/es\/wp-json\/wp\/v2\/users\/2"}],"replies":[{"embeddable":true,"href":"https:\/\/hyundaiantitheft.com\/es\/wp-json\/wp\/v2\/comments?post=801"}],"version-history":[{"count":3,"href":"https:\/\/hyundaiantitheft.com\/es\/wp-json\/wp\/v2\/pages\/801\/revisions"}],"predecessor-version":[{"id":807,"href":"https:\/\/hyundaiantitheft.com\/es\/wp-json\/wp\/v2\/pages\/801\/revisions\/807"}],"wp:attachment":[{"href":"https:\/\/hyundaiantitheft.com\/es\/wp-json\/wp\/v2\/media?parent=801"}],"curies":[{"name":"wp","href":"https:\/\/api.w.org\/{rel}","templated":true}]}}