{"id":825,"date":"2024-05-05T22:19:32","date_gmt":"2024-05-06T02:19:32","guid":{"rendered":"https:\/\/hyundaiantitheft.com\/?page_id=825"},"modified":"2024-05-05T22:29:38","modified_gmt":"2024-05-06T02:29:38","slug":"atlanta-antirrobo-copia-clinica-movil-5","status":"publish","type":"page","link":"https:\/\/hyundaiantitheft.com\/es\/atlanta-antirrobo-copia-clinica-movil-5\/","title":{"rendered":"Cl\u00ednica m\u00f3vil antirrobo del condado de Prince Georges, MD"},"content":{"rendered":"<iframe src=\"https:\/\/www.google.com\/maps\/embed?pb=!1m18!1m12!1m3!1d3104.6858759783327!2d-76.8702460158518!3d38.908298092231924!2m3!1f0!2f0!3f0!3m2!1i1024!2i768!4f13.1!3m3!1m2!1s0x89b7c13cf242ce4b%3A0x4dcd4a70a65c60b3!2sRed%20Zone%20Lot%20-%20FedExField!5e0!3m2!1sen!2sus!4v1714962122546!5m2!1sen!2sus\" width=\"600\" height=\"450\" allowfullscreen=\"\" loading=\"lazy\" referrerpolicy=\"no-referrer-when-downgrade\"><\/iframe>\n\t<h2>\n\t\t\t\tCommanders Field (Red Zone Lot) del 9 al 11 de mayo (de 8.00 a 18.00 el jueves y el viernes y de 8.00 a 15.00 el s\u00e1bado)\n\t\t\t<\/h2>\n\t\t\t<p>En respuesta a los robos persistentes que tienen como objetivo ciertos veh\u00edculos Hyundai sin bot\u00f3n de encendido y dispositivos antirrobo de inmovilizaci\u00f3n, Hyundai Motor America est\u00e1 proporcionando una instalaci\u00f3n gratuita de software antirrobo en Commanders Field (Red Zone Lot) en 1600 FedEx Way, Hyattsville, MD 20785.\u00a0<strong>La cl\u00ednica se celebrar\u00e1 de 8.00 a 18.00 horas el jueves (5\/9) y el viernes (5\/10) y de 8.00 a 15.00 horas el s\u00e1bado (5\/11).<\/strong>\u00a0El objetivo de la cl\u00ednica m\u00f3vil es complementar la red nacional de concesionarios Hyundai e impulsar nuevas instalaciones de la actualizaci\u00f3n gratuita del software antirrobo de Hyundai para los clientes que siguen vi\u00e9ndose afectados por los robos. T\u00e9cnicos de servicio m\u00f3viles especialmente formados estar\u00e1n in situ para instalar y completar la actualizaci\u00f3n del software, que deber\u00eda llevar menos de 30 minutos.<\/p>\t\n\t<p><strong><em>D\u00d3NDE:<\/em><\/strong><em>\u00a0<\/em><\/p>\n<p>Commanders Field (Red Zone Lot)<\/p>\n<p>1600 FedEx Way<\/p>\n<p>Hyattsville, MD 20785<\/p>\n\t<p><strong><em>HORARIO:<\/em><\/strong><\/p>\n<p>De 8:00 a 18:00 (jueves y viernes)<\/p>\n<p>De 8:00 a 15:00 (s\u00e1bado)<\/p>\n\t<p><strong><em>FECHAS:<\/em><\/strong><\/p>\n<p>Del 9 al 11 de mayo<\/p>\n\t\t\t\t<img loading=\"lazy\" decoding=\"async\" src=\"https:\/\/hyundaiantitheft.com\/wp-content\/uploads\/2024\/05\/Seal_of_the_Prince_Georges_County_Police_Department.png\" alt=\"Sello_del_Departamento_de_Polic\u00eda_del_Condado_del_Pr\u00edncipe_George\" itemprop=\"image\" height=\"599\" width=\"434\" title=\"Sello_del_Departamento_de_Polic\u00eda_del_Condado_del_Pr\u00edncipe_George\" onerror=\"this.style.display='none'\"  \/>\n\t\t\t\t<img loading=\"lazy\" decoding=\"async\" src=\"https:\/\/hyundaiantitheft.com\/wp-content\/uploads\/2023\/07\/hyundai-logo.png\" alt=\"hyundai-logo\" itemprop=\"image\" height=\"155\" width=\"223\" title=\"hyundai-logo\" onerror=\"this.style.display='none'\"  \/>","protected":false},"excerpt":{"rendered":"<p>Commanders Field (Red Zone Lot) del 9 al 11 de mayo (de 8:00 a 18:00 el jueves y el viernes y de 8:00 a 15:00 el s\u00e1bado) En respuesta a los robos persistentes que tienen como objetivo ciertos veh\u00edculos Hyundai sin bot\u00f3n de encendido y dispositivos antirrobo de inmovilizaci\u00f3n, Hyundai Motor America ofrece una instalaci\u00f3n gratuita de software antirrobo en Commanders Field (Red Zone...<\/p>","protected":false},"author":2,"featured_media":0,"parent":0,"menu_order":0,"comment_status":"closed","ping_status":"closed","template":"","meta":{"_acf_changed":false,"inline_featured_image":false,"footnotes":""},"class_list":["post-825","page","type-page","status-publish","hentry"],"acf":[],"yoast_head":"<!-- This site is optimized with the Yoast SEO plugin v26.5 - https:\/\/yoast.com\/wordpress\/plugins\/seo\/ -->\n<title>Prince Georges County, MD Anti-Theft Mobile Clinic - Hyundai<\/title>\n<meta name=\"robots\" content=\"index, follow, max-snippet:-1, max-image-preview:large, max-video-preview:-1\" \/>\n<link rel=\"canonical\" href=\"https:\/\/hyundaiantitheft.com\/es\/atlanta-antirrobo-copia-clinica-movil-5\/\" \/>\n<meta property=\"og:locale\" content=\"es_MX\" \/>\n<meta property=\"og:type\" content=\"article\" \/>\n<meta property=\"og:title\" content=\"Prince Georges County, MD Anti-Theft Mobile Clinic - Hyundai\" \/>\n<meta property=\"og:description\" content=\"Commanders Field (Red Zone Lot) on May 9 &#8211; 11 (8am to 6pm on Thursday and Friday and 8am &#8211; 3pm on Saturday) In response to persistent thefts targeting certain Hyundai vehicles without push-button ignitions and immobilizing anti-theft devices, Hyundai Motor America is providing a free installation of anti-theft software at Commanders Field (Red Zone&hellip;\" \/>\n<meta property=\"og:url\" content=\"https:\/\/hyundaiantitheft.com\/es\/atlanta-antirrobo-copia-clinica-movil-5\/\" \/>\n<meta property=\"og:site_name\" content=\"Hyundai\" \/>\n<meta property=\"article:modified_time\" content=\"2024-05-06T02:29:38+00:00\" \/>\n<meta property=\"og:image\" content=\"https:\/\/hyundaiantitheft.com\/wp-content\/uploads\/2024\/05\/Seal_of_the_Prince_Georges_County_Police_Department.png\" \/>\n<meta name=\"twitter:card\" content=\"summary_large_image\" \/>\n<meta name=\"twitter:label1\" content=\"Est. reading time\" \/>\n\t<meta name=\"twitter:data1\" content=\"2 minutos\" \/>\n<script type=\"application\/ld+json\" class=\"yoast-schema-graph\">{\"@context\":\"https:\/\/schema.org\",\"@graph\":[{\"@type\":\"WebPage\",\"@id\":\"https:\/\/hyundaiantitheft.com\/zh\/%e4%ba%9a%e7%89%b9%e5%85%b0%e5%a4%a7%e9%98%b2%e7%9b%97%e6%b5%81%e5%8a%a8%e8%af%8a%e6%89%80%e5%89%af%e6%9c%ac-5\/\",\"url\":\"https:\/\/hyundaiantitheft.com\/zh\/%e4%ba%9a%e7%89%b9%e5%85%b0%e5%a4%a7%e9%98%b2%e7%9b%97%e6%b5%81%e5%8a%a8%e8%af%8a%e6%89%80%e5%89%af%e6%9c%ac-5\/\",\"name\":\"Prince Georges County, MD Anti-Theft Mobile Clinic - Hyundai\",\"isPartOf\":{\"@id\":\"https:\/\/hyundaiantitheft.com\/#website\"},\"primaryImageOfPage\":{\"@id\":\"https:\/\/hyundaiantitheft.com\/zh\/%e4%ba%9a%e7%89%b9%e5%85%b0%e5%a4%a7%e9%98%b2%e7%9b%97%e6%b5%81%e5%8a%a8%e8%af%8a%e6%89%80%e5%89%af%e6%9c%ac-5\/#primaryimage\"},\"image\":{\"@id\":\"https:\/\/hyundaiantitheft.com\/zh\/%e4%ba%9a%e7%89%b9%e5%85%b0%e5%a4%a7%e9%98%b2%e7%9b%97%e6%b5%81%e5%8a%a8%e8%af%8a%e6%89%80%e5%89%af%e6%9c%ac-5\/#primaryimage\"},\"thumbnailUrl\":\"https:\/\/hyundaiantitheft.com\/wp-content\/uploads\/2024\/05\/Seal_of_the_Prince_Georges_County_Police_Department.png\",\"datePublished\":\"2024-05-06T02:19:32+00:00\",\"dateModified\":\"2024-05-06T02:29:38+00:00\",\"breadcrumb\":{\"@id\":\"https:\/\/hyundaiantitheft.com\/zh\/%e4%ba%9a%e7%89%b9%e5%85%b0%e5%a4%a7%e9%98%b2%e7%9b%97%e6%b5%81%e5%8a%a8%e8%af%8a%e6%89%80%e5%89%af%e6%9c%ac-5\/#breadcrumb\"},\"inLanguage\":\"es-MX\",\"potentialAction\":[{\"@type\":\"ReadAction\",\"target\":[\"https:\/\/hyundaiantitheft.com\/zh\/%e4%ba%9a%e7%89%b9%e5%85%b0%e5%a4%a7%e9%98%b2%e7%9b%97%e6%b5%81%e5%8a%a8%e8%af%8a%e6%89%80%e5%89%af%e6%9c%ac-5\/\"]}]},{\"@type\":\"ImageObject\",\"inLanguage\":\"es-MX\",\"@id\":\"https:\/\/hyundaiantitheft.com\/zh\/%e4%ba%9a%e7%89%b9%e5%85%b0%e5%a4%a7%e9%98%b2%e7%9b%97%e6%b5%81%e5%8a%a8%e8%af%8a%e6%89%80%e5%89%af%e6%9c%ac-5\/#primaryimage\",\"url\":\"https:\/\/hyundaiantitheft.com\/wp-content\/uploads\/2024\/05\/Seal_of_the_Prince_Georges_County_Police_Department.png\",\"contentUrl\":\"https:\/\/hyundaiantitheft.com\/wp-content\/uploads\/2024\/05\/Seal_of_the_Prince_Georges_County_Police_Department.png\"},{\"@type\":\"BreadcrumbList\",\"@id\":\"https:\/\/hyundaiantitheft.com\/zh\/%e4%ba%9a%e7%89%b9%e5%85%b0%e5%a4%a7%e9%98%b2%e7%9b%97%e6%b5%81%e5%8a%a8%e8%af%8a%e6%89%80%e5%89%af%e6%9c%ac-5\/#breadcrumb\",\"itemListElement\":[{\"@type\":\"ListItem\",\"position\":1,\"name\":\"Home\",\"item\":\"https:\/\/hyundaiantitheft.com\/\"},{\"@type\":\"ListItem\",\"position\":2,\"name\":\"Prince Georges County, MD Anti-Theft Mobile Clinic\"}]},{\"@type\":\"WebSite\",\"@id\":\"https:\/\/hyundaiantitheft.com\/#website\",\"url\":\"https:\/\/hyundaiantitheft.com\/\",\"name\":\"Hyundai\",\"description\":\"Anti-Theft Software Upgrade\",\"potentialAction\":[{\"@type\":\"SearchAction\",\"target\":{\"@type\":\"EntryPoint\",\"urlTemplate\":\"https:\/\/hyundaiantitheft.com\/?s={search_term_string}\"},\"query-input\":{\"@type\":\"PropertyValueSpecification\",\"valueRequired\":true,\"valueName\":\"search_term_string\"}}],\"inLanguage\":\"es-MX\"}]}<\/script>\n<!-- \/ Yoast SEO plugin. -->","yoast_head_json":{"title":"Cl\u00ednica m\u00f3vil antirrobo del condado de Prince Georges, MD - Hyundai","robots":{"index":"index","follow":"follow","max-snippet":"max-snippet:-1","max-image-preview":"max-image-preview:large","max-video-preview":"max-video-preview:-1"},"canonical":"https:\/\/hyundaiantitheft.com\/es\/atlanta-antirrobo-copia-clinica-movil-5\/","og_locale":"es_MX","og_type":"article","og_title":"Prince Georges County, MD Anti-Theft Mobile Clinic - Hyundai","og_description":"Commanders Field (Red Zone Lot) on May 9 &#8211; 11 (8am to 6pm on Thursday and Friday and 8am &#8211; 3pm on Saturday) In response to persistent thefts targeting certain Hyundai vehicles without push-button ignitions and immobilizing anti-theft devices, Hyundai Motor America is providing a free installation of anti-theft software at Commanders Field (Red Zone&hellip;","og_url":"https:\/\/hyundaiantitheft.com\/es\/atlanta-antirrobo-copia-clinica-movil-5\/","og_site_name":"Hyundai","article_modified_time":"2024-05-06T02:29:38+00:00","og_image":[{"url":"https:\/\/hyundaiantitheft.com\/wp-content\/uploads\/2024\/05\/Seal_of_the_Prince_Georges_County_Police_Department.png","type":"","width":"","height":""}],"twitter_card":"summary_large_image","twitter_misc":{"Est. reading time":"2 minutos"},"schema":{"@context":"https:\/\/schema.org","@graph":[{"@type":"WebPage","@id":"https:\/\/hyundaiantitheft.com\/zh\/%e4%ba%9a%e7%89%b9%e5%85%b0%e5%a4%a7%e9%98%b2%e7%9b%97%e6%b5%81%e5%8a%a8%e8%af%8a%e6%89%80%e5%89%af%e6%9c%ac-5\/","url":"https:\/\/hyundaiantitheft.com\/zh\/%e4%ba%9a%e7%89%b9%e5%85%b0%e5%a4%a7%e9%98%b2%e7%9b%97%e6%b5%81%e5%8a%a8%e8%af%8a%e6%89%80%e5%89%af%e6%9c%ac-5\/","name":"Cl\u00ednica m\u00f3vil antirrobo del condado de Prince Georges, MD - Hyundai","isPartOf":{"@id":"https:\/\/hyundaiantitheft.com\/#website"},"primaryImageOfPage":{"@id":"https:\/\/hyundaiantitheft.com\/zh\/%e4%ba%9a%e7%89%b9%e5%85%b0%e5%a4%a7%e9%98%b2%e7%9b%97%e6%b5%81%e5%8a%a8%e8%af%8a%e6%89%80%e5%89%af%e6%9c%ac-5\/#primaryimage"},"image":{"@id":"https:\/\/hyundaiantitheft.com\/zh\/%e4%ba%9a%e7%89%b9%e5%85%b0%e5%a4%a7%e9%98%b2%e7%9b%97%e6%b5%81%e5%8a%a8%e8%af%8a%e6%89%80%e5%89%af%e6%9c%ac-5\/#primaryimage"},"thumbnailUrl":"https:\/\/hyundaiantitheft.com\/wp-content\/uploads\/2024\/05\/Seal_of_the_Prince_Georges_County_Police_Department.png","datePublished":"2024-05-06T02:19:32+00:00","dateModified":"2024-05-06T02:29:38+00:00","breadcrumb":{"@id":"https:\/\/hyundaiantitheft.com\/zh\/%e4%ba%9a%e7%89%b9%e5%85%b0%e5%a4%a7%e9%98%b2%e7%9b%97%e6%b5%81%e5%8a%a8%e8%af%8a%e6%89%80%e5%89%af%e6%9c%ac-5\/#breadcrumb"},"inLanguage":"es-MX","potentialAction":[{"@type":"ReadAction","target":["https:\/\/hyundaiantitheft.com\/zh\/%e4%ba%9a%e7%89%b9%e5%85%b0%e5%a4%a7%e9%98%b2%e7%9b%97%e6%b5%81%e5%8a%a8%e8%af%8a%e6%89%80%e5%89%af%e6%9c%ac-5\/"]}]},{"@type":"ImageObject","inLanguage":"es-MX","@id":"https:\/\/hyundaiantitheft.com\/zh\/%e4%ba%9a%e7%89%b9%e5%85%b0%e5%a4%a7%e9%98%b2%e7%9b%97%e6%b5%81%e5%8a%a8%e8%af%8a%e6%89%80%e5%89%af%e6%9c%ac-5\/#primaryimage","url":"https:\/\/hyundaiantitheft.com\/wp-content\/uploads\/2024\/05\/Seal_of_the_Prince_Georges_County_Police_Department.png","contentUrl":"https:\/\/hyundaiantitheft.com\/wp-content\/uploads\/2024\/05\/Seal_of_the_Prince_Georges_County_Police_Department.png"},{"@type":"BreadcrumbList","@id":"https:\/\/hyundaiantitheft.com\/zh\/%e4%ba%9a%e7%89%b9%e5%85%b0%e5%a4%a7%e9%98%b2%e7%9b%97%e6%b5%81%e5%8a%a8%e8%af%8a%e6%89%80%e5%89%af%e6%9c%ac-5\/#breadcrumb","itemListElement":[{"@type":"ListItem","position":1,"name":"Home","item":"https:\/\/hyundaiantitheft.com\/"},{"@type":"ListItem","position":2,"name":"Prince Georges County, MD Anti-Theft Mobile Clinic"}]},{"@type":"WebSite","@id":"https:\/\/hyundaiantitheft.com\/#website","url":"https:\/\/hyundaiantitheft.com\/","name":"Hyundai","description":"Actualizaci\u00f3n del software antirrobo","potentialAction":[{"@type":"SearchAction","target":{"@type":"EntryPoint","urlTemplate":"https:\/\/hyundaiantitheft.com\/?s={search_term_string}"},"query-input":{"@type":"PropertyValueSpecification","valueRequired":true,"valueName":"search_term_string"}}],"inLanguage":"es-MX"}]}},"_links":{"self":[{"href":"https:\/\/hyundaiantitheft.com\/es\/wp-json\/wp\/v2\/pages\/825","targetHints":{"allow":["GET"]}}],"collection":[{"href":"https:\/\/hyundaiantitheft.com\/es\/wp-json\/wp\/v2\/pages"}],"about":[{"href":"https:\/\/hyundaiantitheft.com\/es\/wp-json\/wp\/v2\/types\/page"}],"author":[{"embeddable":true,"href":"https:\/\/hyundaiantitheft.com\/es\/wp-json\/wp\/v2\/users\/2"}],"replies":[{"embeddable":true,"href":"https:\/\/hyundaiantitheft.com\/es\/wp-json\/wp\/v2\/comments?post=825"}],"version-history":[{"count":2,"href":"https:\/\/hyundaiantitheft.com\/es\/wp-json\/wp\/v2\/pages\/825\/revisions"}],"predecessor-version":[{"id":828,"href":"https:\/\/hyundaiantitheft.com\/es\/wp-json\/wp\/v2\/pages\/825\/revisions\/828"}],"wp:attachment":[{"href":"https:\/\/hyundaiantitheft.com\/es\/wp-json\/wp\/v2\/media?parent=825"}],"curies":[{"name":"wp","href":"https:\/\/api.w.org\/{rel}","templated":true}]}}