{"id":880,"date":"2024-06-18T14:39:33","date_gmt":"2024-06-18T18:39:33","guid":{"rendered":"https:\/\/hyundaiantitheft.com\/?page_id=880"},"modified":"2024-06-25T16:43:26","modified_gmt":"2024-06-25T20:43:26","slug":"atlanta-antirrobo-copia-clinica-movil-8","status":"publish","type":"page","link":"https:\/\/hyundaiantitheft.com\/es\/atlanta-antirrobo-copia-clinica-movil-8\/","title":{"rendered":"Cl\u00ednica m\u00f3vil antirrobo de Dallas"},"content":{"rendered":"<iframe src=\"https:\/\/www.google.com\/maps\/embed?pb=!1m14!1m8!1m3!1d13393.59865130493!2d-96.9147961!3d32.9404561!3m2!1i1024!2i768!4f13.1!3m3!1m2!1s0x864c262ee83c0059%3A0xe59b7e714f0c3b2f!2sTommy%20Standridge%20Stadium!5e0!3m2!1sen!2sus!4v1718735899165!5m2!1sen!2sus\" width=\"600\" height=\"450\" allowfullscreen=\"\" loading=\"lazy\" referrerpolicy=\"no-referrer-when-downgrade\"><\/iframe>\n\t<h2>\n\t\t\t\tEstadio Tommy Standridge del 28 al 30 de junio (de 8.00 a 18.00 el viernes y el s\u00e1bado, de 8.00 a 14.00 el domingo)\n\t\t\t<\/h2>\n\t\t\t<p>En respuesta a los persistentes robos dirigidos a ciertos veh\u00edculos Hyundai sin bot\u00f3n de encendido y dispositivos antirrobo de inmovilizaci\u00f3n, Hyundai Motor America est\u00e1 proporcionando una instalaci\u00f3n gratuita de software antirrobo en Tommy Standridge Stadium, 1330 Valwood Pkwy, Carrollton, TX, 75006.\u00a0<strong>La cl\u00ednica se celebrar\u00e1 de 8.00 a 18.00 horas el viernes (28.6) y el s\u00e1bado (29.6) y de 8.00 a 14.00 horas el domingo (30.6).\u00a0<\/strong>\u00a0<strong>- Y- S\u00e1bado 8 am - 6 pm Van Hyundai - 1825 North I-35 East, Carrollton, TX, 75006.<\/strong>\u00a0El objetivo de la cl\u00ednica m\u00f3vil es complementar la red nacional de concesionarios Hyundai e impulsar nuevas instalaciones de la actualizaci\u00f3n gratuita del software antirrobo de Hyundai para los clientes que siguen vi\u00e9ndose afectados por los robos. T\u00e9cnicos de servicio m\u00f3viles especialmente formados estar\u00e1n in situ para instalar y completar la actualizaci\u00f3n del software, que deber\u00eda llevar menos de 30 minutos.<\/p>\t\n\t<p><strong><em>D\u00d3NDE:<\/em><\/strong><em>\u00a0<\/em><\/p>\n<p>Estadio Tommy Standridge<\/p>\n<p>1330 Valwood Pkwy<\/p>\n<p>Carrollton, TX 75006<\/p>\n\n\t<p><strong><em>HORARIO:<\/em><\/strong><\/p>\n<p>De 8:00 a 18:00 (viernes y s\u00e1bado)<\/p>\n<p>De 8:00 a 14:00 (domingo)<\/p>\n\t<p><strong><em>FECHAS:<\/em><\/strong><\/p>\n<p>28 - 30 de junio<\/p>\n\t\t\t\t<img loading=\"lazy\" decoding=\"async\" src=\"https:\/\/hyundaiantitheft.com\/wp-content\/uploads\/2024\/06\/Badge-with-transparent-Background-for-FB.jpg\" alt=\"Insignia con fondo transparente para FB\" itemprop=\"image\" height=\"180\" width=\"125\" title=\"Insignia con fondo transparente para FB\" onerror=\"this.style.display='none'\"  \/>\n\t\t\t\t<img loading=\"lazy\" decoding=\"async\" src=\"https:\/\/hyundaiantitheft.com\/wp-content\/uploads\/2023\/07\/hyundai-logo.png\" alt=\"hyundai-logo\" itemprop=\"image\" height=\"155\" width=\"223\" title=\"hyundai-logo\" onerror=\"this.style.display='none'\"  \/>\n\t\t\t\t<img loading=\"lazy\" decoding=\"async\" src=\"https:\/\/hyundaiantitheft.com\/wp-content\/uploads\/2024\/06\/VanHyundai_Compliant_Logo_CMYK.jpg\" alt=\"VanHyundai_Logotipo_compatibleo_CMYK\" itemprop=\"image\" height=\"377\" width=\"2060\" title=\"VanHyundai_Logotipo_compatibleo_CMYK\" onerror=\"this.style.display='none'\"  \/>","protected":false},"excerpt":{"rendered":"<p>Estadio Tommy Standridge del 28 al 30 de junio (de 8:00 a 18:00 el viernes y el s\u00e1bado, de 8:00 a 14:00 el domingo) En respuesta a los robos persistentes que tienen como objetivo determinados veh\u00edculos Hyundai sin bot\u00f3n de arranque y dispositivos antirrobo de inmovilizaci\u00f3n, Hyundai Motor America ofrece una instalaci\u00f3n gratuita de software antirrobo en el estadio Tommy Standridge, 1330 Valwood Pkwy, Carrollton,...<\/p>","protected":false},"author":2,"featured_media":0,"parent":0,"menu_order":0,"comment_status":"closed","ping_status":"closed","template":"","meta":{"_acf_changed":false,"inline_featured_image":false,"footnotes":""},"class_list":["post-880","page","type-page","status-publish","hentry"],"acf":[],"yoast_head":"<!-- This site is optimized with the Yoast SEO plugin v26.5 - https:\/\/yoast.com\/wordpress\/plugins\/seo\/ -->\n<title>Dallas Anti-Theft Mobile Clinic - Hyundai<\/title>\n<meta name=\"robots\" content=\"index, follow, max-snippet:-1, max-image-preview:large, max-video-preview:-1\" \/>\n<link rel=\"canonical\" href=\"https:\/\/www.hyundaiantitheft.com\/es\/atlanta-antirrobo-copia-clinica-movil-8\/\" \/>\n<meta property=\"og:locale\" content=\"es_MX\" \/>\n<meta property=\"og:type\" content=\"article\" \/>\n<meta property=\"og:title\" content=\"Dallas Anti-Theft Mobile Clinic - Hyundai\" \/>\n<meta property=\"og:description\" content=\"Tommy Standridge Stadium on June 28 &#8211; 30 (8am to 6pm on Friday and Saturday, 8am &#8211; 2pm on Sunday) In response to persistent thefts targeting certain Hyundai vehicles without push-button ignitions and immobilizing anti-theft devices, Hyundai Motor America is providing a free installation of anti-theft software at Tommy Standridge Stadium, 1330 Valwood Pkwy, Carrollton,&hellip;\" \/>\n<meta property=\"og:url\" content=\"https:\/\/www.hyundaiantitheft.com\/es\/atlanta-antirrobo-copia-clinica-movil-8\/\" \/>\n<meta property=\"og:site_name\" content=\"Hyundai\" \/>\n<meta property=\"article:modified_time\" content=\"2024-06-25T20:43:26+00:00\" \/>\n<meta property=\"og:image\" content=\"https:\/\/hyundaiantitheft.com\/wp-content\/uploads\/2024\/06\/Badge-with-transparent-Background-for-FB.jpg\" \/>\n<meta name=\"twitter:card\" content=\"summary_large_image\" \/>\n<meta name=\"twitter:label1\" content=\"Est. reading time\" \/>\n\t<meta name=\"twitter:data1\" content=\"2 minutos\" \/>\n<script type=\"application\/ld+json\" class=\"yoast-schema-graph\">{\"@context\":\"https:\/\/schema.org\",\"@graph\":[{\"@type\":\"WebPage\",\"@id\":\"https:\/\/www.hyundaiantitheft.com\/es\/atlanta-antirrobo-copia-clinica-movil-8\/\",\"url\":\"https:\/\/www.hyundaiantitheft.com\/es\/atlanta-antirrobo-copia-clinica-movil-8\/\",\"name\":\"Dallas Anti-Theft Mobile Clinic - Hyundai\",\"isPartOf\":{\"@id\":\"https:\/\/hyundaiantitheft.com\/#website\"},\"primaryImageOfPage\":{\"@id\":\"https:\/\/www.hyundaiantitheft.com\/es\/atlanta-antirrobo-copia-clinica-movil-8\/#primaryimage\"},\"image\":{\"@id\":\"https:\/\/www.hyundaiantitheft.com\/es\/atlanta-antirrobo-copia-clinica-movil-8\/#primaryimage\"},\"thumbnailUrl\":\"https:\/\/hyundaiantitheft.com\/wp-content\/uploads\/2024\/06\/Badge-with-transparent-Background-for-FB.jpg\",\"datePublished\":\"2024-06-18T18:39:33+00:00\",\"dateModified\":\"2024-06-25T20:43:26+00:00\",\"breadcrumb\":{\"@id\":\"https:\/\/www.hyundaiantitheft.com\/es\/atlanta-antirrobo-copia-clinica-movil-8\/#breadcrumb\"},\"inLanguage\":\"es-MX\",\"potentialAction\":[{\"@type\":\"ReadAction\",\"target\":[\"https:\/\/www.hyundaiantitheft.com\/es\/atlanta-antirrobo-copia-clinica-movil-8\/\"]}]},{\"@type\":\"ImageObject\",\"inLanguage\":\"es-MX\",\"@id\":\"https:\/\/www.hyundaiantitheft.com\/es\/atlanta-antirrobo-copia-clinica-movil-8\/#primaryimage\",\"url\":\"https:\/\/hyundaiantitheft.com\/wp-content\/uploads\/2024\/06\/Badge-with-transparent-Background-for-FB.jpg\",\"contentUrl\":\"https:\/\/hyundaiantitheft.com\/wp-content\/uploads\/2024\/06\/Badge-with-transparent-Background-for-FB.jpg\"},{\"@type\":\"BreadcrumbList\",\"@id\":\"https:\/\/www.hyundaiantitheft.com\/es\/atlanta-antirrobo-copia-clinica-movil-8\/#breadcrumb\",\"itemListElement\":[{\"@type\":\"ListItem\",\"position\":1,\"name\":\"Home\",\"item\":\"https:\/\/hyundaiantitheft.com\/\"},{\"@type\":\"ListItem\",\"position\":2,\"name\":\"Dallas Anti-Theft Mobile Clinic\"}]},{\"@type\":\"WebSite\",\"@id\":\"https:\/\/hyundaiantitheft.com\/#website\",\"url\":\"https:\/\/hyundaiantitheft.com\/\",\"name\":\"Hyundai\",\"description\":\"Anti-Theft Software Upgrade\",\"potentialAction\":[{\"@type\":\"SearchAction\",\"target\":{\"@type\":\"EntryPoint\",\"urlTemplate\":\"https:\/\/hyundaiantitheft.com\/?s={search_term_string}\"},\"query-input\":{\"@type\":\"PropertyValueSpecification\",\"valueRequired\":true,\"valueName\":\"search_term_string\"}}],\"inLanguage\":\"es-MX\"}]}<\/script>\n<!-- \/ Yoast SEO plugin. -->","yoast_head_json":{"title":"Cl\u00ednica m\u00f3vil antirrobo de Dallas - Hyundai","robots":{"index":"index","follow":"follow","max-snippet":"max-snippet:-1","max-image-preview":"max-image-preview:large","max-video-preview":"max-video-preview:-1"},"canonical":"https:\/\/www.hyundaiantitheft.com\/es\/atlanta-antirrobo-copia-clinica-movil-8\/","og_locale":"es_MX","og_type":"article","og_title":"Dallas Anti-Theft Mobile Clinic - Hyundai","og_description":"Tommy Standridge Stadium on June 28 &#8211; 30 (8am to 6pm on Friday and Saturday, 8am &#8211; 2pm on Sunday) In response to persistent thefts targeting certain Hyundai vehicles without push-button ignitions and immobilizing anti-theft devices, Hyundai Motor America is providing a free installation of anti-theft software at Tommy Standridge Stadium, 1330 Valwood Pkwy, Carrollton,&hellip;","og_url":"https:\/\/www.hyundaiantitheft.com\/es\/atlanta-antirrobo-copia-clinica-movil-8\/","og_site_name":"Hyundai","article_modified_time":"2024-06-25T20:43:26+00:00","og_image":[{"url":"https:\/\/hyundaiantitheft.com\/wp-content\/uploads\/2024\/06\/Badge-with-transparent-Background-for-FB.jpg","type":"","width":"","height":""}],"twitter_card":"summary_large_image","twitter_misc":{"Est. reading time":"2 minutos"},"schema":{"@context":"https:\/\/schema.org","@graph":[{"@type":"WebPage","@id":"https:\/\/www.hyundaiantitheft.com\/es\/atlanta-antirrobo-copia-clinica-movil-8\/","url":"https:\/\/www.hyundaiantitheft.com\/es\/atlanta-antirrobo-copia-clinica-movil-8\/","name":"Cl\u00ednica m\u00f3vil antirrobo de Dallas - Hyundai","isPartOf":{"@id":"https:\/\/hyundaiantitheft.com\/#website"},"primaryImageOfPage":{"@id":"https:\/\/www.hyundaiantitheft.com\/es\/atlanta-antirrobo-copia-clinica-movil-8\/#primaryimage"},"image":{"@id":"https:\/\/www.hyundaiantitheft.com\/es\/atlanta-antirrobo-copia-clinica-movil-8\/#primaryimage"},"thumbnailUrl":"https:\/\/hyundaiantitheft.com\/wp-content\/uploads\/2024\/06\/Badge-with-transparent-Background-for-FB.jpg","datePublished":"2024-06-18T18:39:33+00:00","dateModified":"2024-06-25T20:43:26+00:00","breadcrumb":{"@id":"https:\/\/www.hyundaiantitheft.com\/es\/atlanta-antirrobo-copia-clinica-movil-8\/#breadcrumb"},"inLanguage":"es-MX","potentialAction":[{"@type":"ReadAction","target":["https:\/\/www.hyundaiantitheft.com\/es\/atlanta-antirrobo-copia-clinica-movil-8\/"]}]},{"@type":"ImageObject","inLanguage":"es-MX","@id":"https:\/\/www.hyundaiantitheft.com\/es\/atlanta-antirrobo-copia-clinica-movil-8\/#primaryimage","url":"https:\/\/hyundaiantitheft.com\/wp-content\/uploads\/2024\/06\/Badge-with-transparent-Background-for-FB.jpg","contentUrl":"https:\/\/hyundaiantitheft.com\/wp-content\/uploads\/2024\/06\/Badge-with-transparent-Background-for-FB.jpg"},{"@type":"BreadcrumbList","@id":"https:\/\/www.hyundaiantitheft.com\/es\/atlanta-antirrobo-copia-clinica-movil-8\/#breadcrumb","itemListElement":[{"@type":"ListItem","position":1,"name":"Home","item":"https:\/\/hyundaiantitheft.com\/"},{"@type":"ListItem","position":2,"name":"Dallas Anti-Theft Mobile Clinic"}]},{"@type":"WebSite","@id":"https:\/\/hyundaiantitheft.com\/#website","url":"https:\/\/hyundaiantitheft.com\/","name":"Hyundai","description":"Actualizaci\u00f3n del software antirrobo","potentialAction":[{"@type":"SearchAction","target":{"@type":"EntryPoint","urlTemplate":"https:\/\/hyundaiantitheft.com\/?s={search_term_string}"},"query-input":{"@type":"PropertyValueSpecification","valueRequired":true,"valueName":"search_term_string"}}],"inLanguage":"es-MX"}]}},"_links":{"self":[{"href":"https:\/\/hyundaiantitheft.com\/es\/wp-json\/wp\/v2\/pages\/880","targetHints":{"allow":["GET"]}}],"collection":[{"href":"https:\/\/hyundaiantitheft.com\/es\/wp-json\/wp\/v2\/pages"}],"about":[{"href":"https:\/\/hyundaiantitheft.com\/es\/wp-json\/wp\/v2\/types\/page"}],"author":[{"embeddable":true,"href":"https:\/\/hyundaiantitheft.com\/es\/wp-json\/wp\/v2\/users\/2"}],"replies":[{"embeddable":true,"href":"https:\/\/hyundaiantitheft.com\/es\/wp-json\/wp\/v2\/comments?post=880"}],"version-history":[{"count":4,"href":"https:\/\/hyundaiantitheft.com\/es\/wp-json\/wp\/v2\/pages\/880\/revisions"}],"predecessor-version":[{"id":889,"href":"https:\/\/hyundaiantitheft.com\/es\/wp-json\/wp\/v2\/pages\/880\/revisions\/889"}],"wp:attachment":[{"href":"https:\/\/hyundaiantitheft.com\/es\/wp-json\/wp\/v2\/media?parent=880"}],"curies":[{"name":"wp","href":"https:\/\/api.w.org\/{rel}","templated":true}]}}