{"id":926,"date":"2024-08-09T13:39:28","date_gmt":"2024-08-09T17:39:28","guid":{"rendered":"https:\/\/hyundaiantitheft.com\/?page_id=926"},"modified":"2024-08-09T13:52:49","modified_gmt":"2024-08-09T17:52:49","slug":"atlanta-antirrobo-copia-clinica-movil-11","status":"publish","type":"page","link":"https:\/\/hyundaiantitheft.com\/es\/atlanta-antirrobo-copia-clinica-movil-11\/","title":{"rendered":"Cl\u00ednica m\u00f3vil antirrobo del condado de Travis"},"content":{"rendered":"<iframe src=\"https:\/\/www.google.com\/maps\/embed?pb=!1m18!1m12!1m3!1d3439.5477469135762!2d-97.65483472368572!3d30.448919999292226!2m3!1f0!2f0!3f0!3m2!1i1024!2i768!4f13.1!3m3!1m2!1s0x8644cfacf1b1417d%3A0x930e28e1074dc0bd!2sTravis%20County%20Community%20Center%20at%20Pflugerville!5e0!3m2!1sen!2sus!4v1723225095771!5m2!1sen!2sus\" width=\"600\" height=\"450\" allowfullscreen=\"\" loading=\"lazy\" referrerpolicy=\"no-referrer-when-downgrade\"><\/iframe>\n\t<h2>\n\t\t\t\tCentro Comunitario del Condado de Travis el 17 de agosto (de 7 a 19 h)\n\t\t\t<\/h2>\n\t\t\t<p>En respuesta a los robos persistentes dirigidos a ciertos veh\u00edculos Hyundai sin bot\u00f3n de encendido y dispositivos antirrobo de inmovilizaci\u00f3n, Hyundai Motor America est\u00e1 proporcionando una instalaci\u00f3n gratuita de software antirrobo en Travis County Community Center, 15822 Foothill Farms Loop, Pflugerville, TX.\u00a0<strong>La cl\u00ednica se celebrar\u00e1 de 7.00 a 19.00 horas el s\u00e1bado 17 de agosto.<\/strong>\u00a0El objetivo de la cl\u00ednica m\u00f3vil es complementar la red nacional de concesionarios Hyundai e impulsar nuevas instalaciones de la actualizaci\u00f3n gratuita del software antirrobo de Hyundai para los clientes que siguen vi\u00e9ndose afectados por los robos. T\u00e9cnicos de servicio m\u00f3viles especialmente formados estar\u00e1n in situ para instalar y completar la actualizaci\u00f3n del software, que deber\u00eda llevar menos de 30 minutos.<\/p>\t\n\t<p><strong><em>D\u00d3NDE:<\/em><\/strong><em>\u00a0<\/em><\/p>\n<p>Centro Comunitario del Condado de Travis<\/p>\n<p>15822 Foothill Farms Loop<\/p>\n<p>Pflugerville, TX 78660<\/p>\n\n\t<p><strong><em>HORARIO:<\/em><\/strong><\/p>\n<p>De 7:00 a 19:00 (s\u00e1bado)<\/p>\n\t<p><strong><em>FECHAS:<\/em><\/strong><\/p>\n<p>17 de agosto<\/p>\n\t\t\t\t<img loading=\"lazy\" decoding=\"async\" src=\"https:\/\/hyundaiantitheft.com\/wp-content\/uploads\/2024\/08\/new_vector_patch_ND.png\" alt=\"nuevo_vector_parche_ND\" itemprop=\"image\" height=\"1731\" width=\"1737\" title=\"nuevo_vector_parche_ND\" onerror=\"this.style.display='none'\"  \/>\n\t\t\t\t<img loading=\"lazy\" decoding=\"async\" src=\"https:\/\/hyundaiantitheft.com\/wp-content\/uploads\/2023\/07\/hyundai-logo.png\" alt=\"hyundai-logo\" itemprop=\"image\" height=\"155\" width=\"223\" title=\"hyundai-logo\" onerror=\"this.style.display='none'\"  \/>","protected":false},"excerpt":{"rendered":"<p>Travis County Community Center el 17 de agosto (7 am a 7 pm) En respuesta a los robos persistentes dirigidos a ciertos veh\u00edculos Hyundai sin bot\u00f3n de encendido y dispositivos antirrobo de inmovilizaci\u00f3n, Hyundai Motor America est\u00e1 proporcionando una instalaci\u00f3n gratuita de software antirrobo en Travis County Community Center, 15822 Foothill Farms Loop, Pflugerville, TX. La cl\u00ednica se llevar\u00e1 a cabo de...<\/p>","protected":false},"author":2,"featured_media":0,"parent":0,"menu_order":0,"comment_status":"closed","ping_status":"closed","template":"","meta":{"_acf_changed":false,"inline_featured_image":false,"footnotes":""},"class_list":["post-926","page","type-page","status-publish","hentry"],"acf":[],"yoast_head":"<!-- This site is optimized with the Yoast SEO plugin v26.5 - https:\/\/yoast.com\/wordpress\/plugins\/seo\/ -->\n<title>Travis County Anti-Theft Mobile Clinic - Hyundai<\/title>\n<meta name=\"robots\" content=\"index, follow, max-snippet:-1, max-image-preview:large, max-video-preview:-1\" \/>\n<link rel=\"canonical\" href=\"https:\/\/hyundaiantitheft.com\/es\/atlanta-antirrobo-copia-clinica-movil-11\/\" \/>\n<meta property=\"og:locale\" content=\"es_MX\" \/>\n<meta property=\"og:type\" content=\"article\" \/>\n<meta property=\"og:title\" content=\"Travis County Anti-Theft Mobile Clinic - Hyundai\" \/>\n<meta property=\"og:description\" content=\"Travis County Community Center on August 17 (7 am to 7 pm) In response to persistent thefts targeting certain Hyundai vehicles without push-button ignitions and immobilizing anti-theft devices, Hyundai Motor America is providing a free installation of anti-theft software at Travis County Community Center, 15822 Foothill Farms Loop, Pflugerville, TX.\u00a0The clinic will be held from&hellip;\" \/>\n<meta property=\"og:url\" content=\"https:\/\/hyundaiantitheft.com\/es\/atlanta-antirrobo-copia-clinica-movil-11\/\" \/>\n<meta property=\"og:site_name\" content=\"Hyundai\" \/>\n<meta property=\"article:modified_time\" content=\"2024-08-09T17:52:49+00:00\" \/>\n<meta property=\"og:image\" content=\"https:\/\/hyundaiantitheft.com\/wp-content\/uploads\/2024\/08\/new_vector_patch_ND.png\" \/>\n<meta name=\"twitter:card\" content=\"summary_large_image\" \/>\n<meta name=\"twitter:label1\" content=\"Est. reading time\" \/>\n\t<meta name=\"twitter:data1\" content=\"2 minutos\" \/>\n<script type=\"application\/ld+json\" class=\"yoast-schema-graph\">{\"@context\":\"https:\/\/schema.org\",\"@graph\":[{\"@type\":\"WebPage\",\"@id\":\"https:\/\/hyundaiantitheft.com\/ko\/%ec%95%a0%ed%8b%80%eb%9e%9c%ed%83%80-%eb%8f%84%eb%82%9c-%eb%b0%a9%ec%a7%80-%eb%aa%a8%eb%b0%94%ec%9d%bc-%ed%81%b4%eb%a6%ac%eb%8b%89-%ec%82%ac%eb%b3%b8-10\/\",\"url\":\"https:\/\/hyundaiantitheft.com\/ko\/%ec%95%a0%ed%8b%80%eb%9e%9c%ed%83%80-%eb%8f%84%eb%82%9c-%eb%b0%a9%ec%a7%80-%eb%aa%a8%eb%b0%94%ec%9d%bc-%ed%81%b4%eb%a6%ac%eb%8b%89-%ec%82%ac%eb%b3%b8-10\/\",\"name\":\"Travis County Anti-Theft Mobile Clinic - Hyundai\",\"isPartOf\":{\"@id\":\"https:\/\/hyundaiantitheft.com\/#website\"},\"primaryImageOfPage\":{\"@id\":\"https:\/\/hyundaiantitheft.com\/ko\/%ec%95%a0%ed%8b%80%eb%9e%9c%ed%83%80-%eb%8f%84%eb%82%9c-%eb%b0%a9%ec%a7%80-%eb%aa%a8%eb%b0%94%ec%9d%bc-%ed%81%b4%eb%a6%ac%eb%8b%89-%ec%82%ac%eb%b3%b8-10\/#primaryimage\"},\"image\":{\"@id\":\"https:\/\/hyundaiantitheft.com\/ko\/%ec%95%a0%ed%8b%80%eb%9e%9c%ed%83%80-%eb%8f%84%eb%82%9c-%eb%b0%a9%ec%a7%80-%eb%aa%a8%eb%b0%94%ec%9d%bc-%ed%81%b4%eb%a6%ac%eb%8b%89-%ec%82%ac%eb%b3%b8-10\/#primaryimage\"},\"thumbnailUrl\":\"https:\/\/hyundaiantitheft.com\/wp-content\/uploads\/2024\/08\/new_vector_patch_ND.png\",\"datePublished\":\"2024-08-09T17:39:28+00:00\",\"dateModified\":\"2024-08-09T17:52:49+00:00\",\"breadcrumb\":{\"@id\":\"https:\/\/hyundaiantitheft.com\/ko\/%ec%95%a0%ed%8b%80%eb%9e%9c%ed%83%80-%eb%8f%84%eb%82%9c-%eb%b0%a9%ec%a7%80-%eb%aa%a8%eb%b0%94%ec%9d%bc-%ed%81%b4%eb%a6%ac%eb%8b%89-%ec%82%ac%eb%b3%b8-10\/#breadcrumb\"},\"inLanguage\":\"es-MX\",\"potentialAction\":[{\"@type\":\"ReadAction\",\"target\":[\"https:\/\/hyundaiantitheft.com\/ko\/%ec%95%a0%ed%8b%80%eb%9e%9c%ed%83%80-%eb%8f%84%eb%82%9c-%eb%b0%a9%ec%a7%80-%eb%aa%a8%eb%b0%94%ec%9d%bc-%ed%81%b4%eb%a6%ac%eb%8b%89-%ec%82%ac%eb%b3%b8-10\/\"]}]},{\"@type\":\"ImageObject\",\"inLanguage\":\"es-MX\",\"@id\":\"https:\/\/hyundaiantitheft.com\/ko\/%ec%95%a0%ed%8b%80%eb%9e%9c%ed%83%80-%eb%8f%84%eb%82%9c-%eb%b0%a9%ec%a7%80-%eb%aa%a8%eb%b0%94%ec%9d%bc-%ed%81%b4%eb%a6%ac%eb%8b%89-%ec%82%ac%eb%b3%b8-10\/#primaryimage\",\"url\":\"https:\/\/hyundaiantitheft.com\/wp-content\/uploads\/2024\/08\/new_vector_patch_ND.png\",\"contentUrl\":\"https:\/\/hyundaiantitheft.com\/wp-content\/uploads\/2024\/08\/new_vector_patch_ND.png\"},{\"@type\":\"BreadcrumbList\",\"@id\":\"https:\/\/hyundaiantitheft.com\/ko\/%ec%95%a0%ed%8b%80%eb%9e%9c%ed%83%80-%eb%8f%84%eb%82%9c-%eb%b0%a9%ec%a7%80-%eb%aa%a8%eb%b0%94%ec%9d%bc-%ed%81%b4%eb%a6%ac%eb%8b%89-%ec%82%ac%eb%b3%b8-10\/#breadcrumb\",\"itemListElement\":[{\"@type\":\"ListItem\",\"position\":1,\"name\":\"Home\",\"item\":\"https:\/\/hyundaiantitheft.com\/\"},{\"@type\":\"ListItem\",\"position\":2,\"name\":\"Travis County Anti-Theft Mobile Clinic\"}]},{\"@type\":\"WebSite\",\"@id\":\"https:\/\/hyundaiantitheft.com\/#website\",\"url\":\"https:\/\/hyundaiantitheft.com\/\",\"name\":\"Hyundai\",\"description\":\"Anti-Theft Software Upgrade\",\"potentialAction\":[{\"@type\":\"SearchAction\",\"target\":{\"@type\":\"EntryPoint\",\"urlTemplate\":\"https:\/\/hyundaiantitheft.com\/?s={search_term_string}\"},\"query-input\":{\"@type\":\"PropertyValueSpecification\",\"valueRequired\":true,\"valueName\":\"search_term_string\"}}],\"inLanguage\":\"es-MX\"}]}<\/script>\n<!-- \/ Yoast SEO plugin. -->","yoast_head_json":{"title":"Cl\u00ednica m\u00f3vil antirrobo del condado de Travis - Hyundai","robots":{"index":"index","follow":"follow","max-snippet":"max-snippet:-1","max-image-preview":"max-image-preview:large","max-video-preview":"max-video-preview:-1"},"canonical":"https:\/\/hyundaiantitheft.com\/es\/atlanta-antirrobo-copia-clinica-movil-11\/","og_locale":"es_MX","og_type":"article","og_title":"Travis County Anti-Theft Mobile Clinic - Hyundai","og_description":"Travis County Community Center on August 17 (7 am to 7 pm) In response to persistent thefts targeting certain Hyundai vehicles without push-button ignitions and immobilizing anti-theft devices, Hyundai Motor America is providing a free installation of anti-theft software at Travis County Community Center, 15822 Foothill Farms Loop, Pflugerville, TX.\u00a0The clinic will be held from&hellip;","og_url":"https:\/\/hyundaiantitheft.com\/es\/atlanta-antirrobo-copia-clinica-movil-11\/","og_site_name":"Hyundai","article_modified_time":"2024-08-09T17:52:49+00:00","og_image":[{"url":"https:\/\/hyundaiantitheft.com\/wp-content\/uploads\/2024\/08\/new_vector_patch_ND.png","type":"","width":"","height":""}],"twitter_card":"summary_large_image","twitter_misc":{"Est. reading time":"2 minutos"},"schema":{"@context":"https:\/\/schema.org","@graph":[{"@type":"WebPage","@id":"https:\/\/hyundaiantitheft.com\/ko\/%ec%95%a0%ed%8b%80%eb%9e%9c%ed%83%80-%eb%8f%84%eb%82%9c-%eb%b0%a9%ec%a7%80-%eb%aa%a8%eb%b0%94%ec%9d%bc-%ed%81%b4%eb%a6%ac%eb%8b%89-%ec%82%ac%eb%b3%b8-10\/","url":"https:\/\/hyundaiantitheft.com\/ko\/%ec%95%a0%ed%8b%80%eb%9e%9c%ed%83%80-%eb%8f%84%eb%82%9c-%eb%b0%a9%ec%a7%80-%eb%aa%a8%eb%b0%94%ec%9d%bc-%ed%81%b4%eb%a6%ac%eb%8b%89-%ec%82%ac%eb%b3%b8-10\/","name":"Cl\u00ednica m\u00f3vil antirrobo del condado de Travis - Hyundai","isPartOf":{"@id":"https:\/\/hyundaiantitheft.com\/#website"},"primaryImageOfPage":{"@id":"https:\/\/hyundaiantitheft.com\/ko\/%ec%95%a0%ed%8b%80%eb%9e%9c%ed%83%80-%eb%8f%84%eb%82%9c-%eb%b0%a9%ec%a7%80-%eb%aa%a8%eb%b0%94%ec%9d%bc-%ed%81%b4%eb%a6%ac%eb%8b%89-%ec%82%ac%eb%b3%b8-10\/#primaryimage"},"image":{"@id":"https:\/\/hyundaiantitheft.com\/ko\/%ec%95%a0%ed%8b%80%eb%9e%9c%ed%83%80-%eb%8f%84%eb%82%9c-%eb%b0%a9%ec%a7%80-%eb%aa%a8%eb%b0%94%ec%9d%bc-%ed%81%b4%eb%a6%ac%eb%8b%89-%ec%82%ac%eb%b3%b8-10\/#primaryimage"},"thumbnailUrl":"https:\/\/hyundaiantitheft.com\/wp-content\/uploads\/2024\/08\/new_vector_patch_ND.png","datePublished":"2024-08-09T17:39:28+00:00","dateModified":"2024-08-09T17:52:49+00:00","breadcrumb":{"@id":"https:\/\/hyundaiantitheft.com\/ko\/%ec%95%a0%ed%8b%80%eb%9e%9c%ed%83%80-%eb%8f%84%eb%82%9c-%eb%b0%a9%ec%a7%80-%eb%aa%a8%eb%b0%94%ec%9d%bc-%ed%81%b4%eb%a6%ac%eb%8b%89-%ec%82%ac%eb%b3%b8-10\/#breadcrumb"},"inLanguage":"es-MX","potentialAction":[{"@type":"ReadAction","target":["https:\/\/hyundaiantitheft.com\/ko\/%ec%95%a0%ed%8b%80%eb%9e%9c%ed%83%80-%eb%8f%84%eb%82%9c-%eb%b0%a9%ec%a7%80-%eb%aa%a8%eb%b0%94%ec%9d%bc-%ed%81%b4%eb%a6%ac%eb%8b%89-%ec%82%ac%eb%b3%b8-10\/"]}]},{"@type":"ImageObject","inLanguage":"es-MX","@id":"https:\/\/hyundaiantitheft.com\/ko\/%ec%95%a0%ed%8b%80%eb%9e%9c%ed%83%80-%eb%8f%84%eb%82%9c-%eb%b0%a9%ec%a7%80-%eb%aa%a8%eb%b0%94%ec%9d%bc-%ed%81%b4%eb%a6%ac%eb%8b%89-%ec%82%ac%eb%b3%b8-10\/#primaryimage","url":"https:\/\/hyundaiantitheft.com\/wp-content\/uploads\/2024\/08\/new_vector_patch_ND.png","contentUrl":"https:\/\/hyundaiantitheft.com\/wp-content\/uploads\/2024\/08\/new_vector_patch_ND.png"},{"@type":"BreadcrumbList","@id":"https:\/\/hyundaiantitheft.com\/ko\/%ec%95%a0%ed%8b%80%eb%9e%9c%ed%83%80-%eb%8f%84%eb%82%9c-%eb%b0%a9%ec%a7%80-%eb%aa%a8%eb%b0%94%ec%9d%bc-%ed%81%b4%eb%a6%ac%eb%8b%89-%ec%82%ac%eb%b3%b8-10\/#breadcrumb","itemListElement":[{"@type":"ListItem","position":1,"name":"Home","item":"https:\/\/hyundaiantitheft.com\/"},{"@type":"ListItem","position":2,"name":"Travis County Anti-Theft Mobile Clinic"}]},{"@type":"WebSite","@id":"https:\/\/hyundaiantitheft.com\/#website","url":"https:\/\/hyundaiantitheft.com\/","name":"Hyundai","description":"Actualizaci\u00f3n del software antirrobo","potentialAction":[{"@type":"SearchAction","target":{"@type":"EntryPoint","urlTemplate":"https:\/\/hyundaiantitheft.com\/?s={search_term_string}"},"query-input":{"@type":"PropertyValueSpecification","valueRequired":true,"valueName":"search_term_string"}}],"inLanguage":"es-MX"}]}},"_links":{"self":[{"href":"https:\/\/hyundaiantitheft.com\/es\/wp-json\/wp\/v2\/pages\/926","targetHints":{"allow":["GET"]}}],"collection":[{"href":"https:\/\/hyundaiantitheft.com\/es\/wp-json\/wp\/v2\/pages"}],"about":[{"href":"https:\/\/hyundaiantitheft.com\/es\/wp-json\/wp\/v2\/types\/page"}],"author":[{"embeddable":true,"href":"https:\/\/hyundaiantitheft.com\/es\/wp-json\/wp\/v2\/users\/2"}],"replies":[{"embeddable":true,"href":"https:\/\/hyundaiantitheft.com\/es\/wp-json\/wp\/v2\/comments?post=926"}],"version-history":[{"count":3,"href":"https:\/\/hyundaiantitheft.com\/es\/wp-json\/wp\/v2\/pages\/926\/revisions"}],"predecessor-version":[{"id":931,"href":"https:\/\/hyundaiantitheft.com\/es\/wp-json\/wp\/v2\/pages\/926\/revisions\/931"}],"wp:attachment":[{"href":"https:\/\/hyundaiantitheft.com\/es\/wp-json\/wp\/v2\/media?parent=926"}],"curies":[{"name":"wp","href":"https:\/\/api.w.org\/{rel}","templated":true}]}}