{"id":942,"date":"2024-08-29T13:43:57","date_gmt":"2024-08-29T17:43:57","guid":{"rendered":"https:\/\/hyundaiantitheft.com\/?page_id=942"},"modified":"2024-09-07T16:11:53","modified_gmt":"2024-09-07T20:11:53","slug":"atlanta-antirrobo-copia-clinica-movil-13","status":"publish","type":"page","link":"https:\/\/hyundaiantitheft.com\/es\/atlanta-antirrobo-copia-clinica-movil-13\/","title":{"rendered":"Cl\u00ednica m\u00f3vil antirrobo de Milwaukee"},"content":{"rendered":"<iframe src=\"https:\/\/www.google.com\/maps\/embed?pb=!1m18!1m12!1m3!1d1456.7328494506862!2d-87.90471678345567!3d43.094727139759456!2m3!1f0!2f0!3f0!3m2!1i1024!2i768!4f13.1!3m3!1m2!1s0x88051edce929080b%3A0x699e5981d6bc1315!2sUWM%20UPark%20Capitol%2FHumboldt!5e0!3m2!1sen!2sus!4v1724952971818!5m2!1sen!2sus\" width=\"600\" height=\"450\" allowfullscreen=\"\" loading=\"lazy\" referrerpolicy=\"no-referrer-when-downgrade\"><\/iframe>\n\t<h2>\n\t\t\t\tUWM UPark Capitol\/Humboldt UPark del 5 al 7 de septiembre (de 8:00 a 18:00 el jueves y el viernes, de 8:00 a 18:00 el s\u00e1bado)\n\t\t\t<\/h2>\n\t\t\t<p>En respuesta a los robos persistentes que tienen como objetivo ciertos veh\u00edculos Hyundai sin bot\u00f3n de encendido y dispositivos antirrobo de inmovilizaci\u00f3n, Hyundai Motor America est\u00e1 proporcionando una instalaci\u00f3n gratuita de software antirrobo en UWM Capitol &amp; Humboldt UPark, 4430 N. Humboldt Boulevard, Milwaukee (Lote N \u00ba 30).\u00a0<strong>La cl\u00ednica se celebrar\u00e1 de 8.00 a 18.00 horas el jueves (9\/5) y el viernes (9\/6) y de 8.00 a 18.00 horas el s\u00e1bado (9\/7).<\/strong>\u00a0El objetivo de la cl\u00ednica m\u00f3vil es complementar la red nacional de concesionarios Hyundai e impulsar nuevas instalaciones de la actualizaci\u00f3n gratuita del software antirrobo de Hyundai para los clientes que siguen vi\u00e9ndose afectados por los robos. T\u00e9cnicos de servicio m\u00f3viles especialmente formados estar\u00e1n in situ para instalar y completar la actualizaci\u00f3n del software, que deber\u00eda llevar menos de 30 minutos.<\/p>\t\n\t<p><strong><em>D\u00d3NDE:<\/em><\/strong><em>\u00a0<\/em><\/p>\n<p>Capitolio de la UWM y Humboldt UPark<\/p>\n<p>4430 N. Humboldt Boulevard (Lote n\u00ba 30)<\/p>\n<p>Milwaukee, WI 53212<\/p>\n\n\t<p><strong><em>HORARIO:<\/em><\/strong><\/p>\n<p>De 8:00 a 18:00 (jueves y viernes)<\/p>\n<p>De 8:00 a 18:00 (s\u00e1bado)<\/p>\n\t<p><strong><em>FECHAS:<\/em><\/strong><\/p>\n<p>Del 5 al 7 de septiembre<\/p>\n\t\t\t\t<img loading=\"lazy\" decoding=\"async\" src=\"https:\/\/hyundaiantitheft.com\/wp-content\/uploads\/2024\/08\/pd-logo.jpg\" alt=\"logo pd\" itemprop=\"image\" height=\"400\" width=\"400\" title=\"logo pd\" onerror=\"this.style.display='none'\"  \/>\n\t\t\t\t<img loading=\"lazy\" decoding=\"async\" src=\"https:\/\/hyundaiantitheft.com\/wp-content\/uploads\/2023\/07\/hyundai-logo.png\" alt=\"hyundai-logo\" itemprop=\"image\" height=\"155\" width=\"223\" title=\"hyundai-logo\" onerror=\"this.style.display='none'\"  \/>\n\t\t\t\t<img loading=\"lazy\" decoding=\"async\" src=\"https:\/\/hyundaiantitheft.com\/wp-content\/uploads\/2024\/08\/ADC-Logo_Stacked.jpg\" alt=\"ADC-Logo_Stacked\" itemprop=\"image\" height=\"195\" width=\"802\" title=\"ADC-Logo_Stacked\" onerror=\"this.style.display='none'\"  \/>","protected":false},"excerpt":{"rendered":"<p>UWM UPark Capitol\/Humboldt UPark del 5 al 7 de septiembre (de 8:00 a 18:00 el jueves y el viernes, de 8:00 a 18:00 el s\u00e1bado) En respuesta a los robos persistentes dirigidos a ciertos veh\u00edculos Hyundai sin bot\u00f3n de encendido y dispositivos antirrobo de inmovilizaci\u00f3n, Hyundai Motor America ofrece una instalaci\u00f3n gratuita de software antirrobo en UWM Capitol &amp; Humboldt UPark, 4430...<\/p>","protected":false},"author":2,"featured_media":0,"parent":0,"menu_order":0,"comment_status":"closed","ping_status":"closed","template":"","meta":{"_acf_changed":false,"inline_featured_image":false,"footnotes":""},"class_list":["post-942","page","type-page","status-publish","hentry"],"acf":[],"yoast_head":"<!-- This site is optimized with the Yoast SEO plugin v26.5 - https:\/\/yoast.com\/wordpress\/plugins\/seo\/ -->\n<title>Milwaukee Anti-Theft Mobile Clinic - Hyundai<\/title>\n<meta name=\"robots\" content=\"index, follow, max-snippet:-1, max-image-preview:large, max-video-preview:-1\" \/>\n<link rel=\"canonical\" href=\"https:\/\/www.hyundaiantitheft.com\/es\/atlanta-antirrobo-copia-clinica-movil-13\/\" \/>\n<meta property=\"og:locale\" content=\"es_MX\" \/>\n<meta property=\"og:type\" content=\"article\" \/>\n<meta property=\"og:title\" content=\"Milwaukee Anti-Theft Mobile Clinic - Hyundai\" \/>\n<meta property=\"og:description\" content=\"UWM UPark Capitol\/Humboldt UPark on September 5 &#8211; 7 (8am &#8211; 6pm on Thursday and Friday, 8am &#8211; 6pm on Saturday) In response to persistent thefts targeting certain Hyundai vehicles without push-button ignitions and immobilizing anti-theft devices, Hyundai Motor America is providing a free installation of anti-theft software at UWM Capitol &amp; Humboldt UPark, 4430&hellip;\" \/>\n<meta property=\"og:url\" content=\"https:\/\/www.hyundaiantitheft.com\/es\/atlanta-antirrobo-copia-clinica-movil-13\/\" \/>\n<meta property=\"og:site_name\" content=\"Hyundai\" \/>\n<meta property=\"article:modified_time\" content=\"2024-09-07T20:11:53+00:00\" \/>\n<meta property=\"og:image\" content=\"https:\/\/hyundaiantitheft.com\/wp-content\/uploads\/2024\/08\/pd-logo.jpg\" \/>\n<meta name=\"twitter:card\" content=\"summary_large_image\" \/>\n<meta name=\"twitter:label1\" content=\"Est. reading time\" \/>\n\t<meta name=\"twitter:data1\" content=\"2 minutos\" \/>\n<script type=\"application\/ld+json\" class=\"yoast-schema-graph\">{\"@context\":\"https:\/\/schema.org\",\"@graph\":[{\"@type\":\"WebPage\",\"@id\":\"https:\/\/www.hyundaiantitheft.com\/es\/atlanta-antirrobo-copia-clinica-movil-13\/\",\"url\":\"https:\/\/www.hyundaiantitheft.com\/es\/atlanta-antirrobo-copia-clinica-movil-13\/\",\"name\":\"Milwaukee Anti-Theft Mobile Clinic - Hyundai\",\"isPartOf\":{\"@id\":\"https:\/\/hyundaiantitheft.com\/#website\"},\"primaryImageOfPage\":{\"@id\":\"https:\/\/www.hyundaiantitheft.com\/es\/atlanta-antirrobo-copia-clinica-movil-13\/#primaryimage\"},\"image\":{\"@id\":\"https:\/\/www.hyundaiantitheft.com\/es\/atlanta-antirrobo-copia-clinica-movil-13\/#primaryimage\"},\"thumbnailUrl\":\"https:\/\/hyundaiantitheft.com\/wp-content\/uploads\/2024\/08\/pd-logo.jpg\",\"datePublished\":\"2024-08-29T17:43:57+00:00\",\"dateModified\":\"2024-09-07T20:11:53+00:00\",\"breadcrumb\":{\"@id\":\"https:\/\/www.hyundaiantitheft.com\/es\/atlanta-antirrobo-copia-clinica-movil-13\/#breadcrumb\"},\"inLanguage\":\"es-MX\",\"potentialAction\":[{\"@type\":\"ReadAction\",\"target\":[\"https:\/\/www.hyundaiantitheft.com\/es\/atlanta-antirrobo-copia-clinica-movil-13\/\"]}]},{\"@type\":\"ImageObject\",\"inLanguage\":\"es-MX\",\"@id\":\"https:\/\/www.hyundaiantitheft.com\/es\/atlanta-antirrobo-copia-clinica-movil-13\/#primaryimage\",\"url\":\"https:\/\/hyundaiantitheft.com\/wp-content\/uploads\/2024\/08\/pd-logo.jpg\",\"contentUrl\":\"https:\/\/hyundaiantitheft.com\/wp-content\/uploads\/2024\/08\/pd-logo.jpg\"},{\"@type\":\"BreadcrumbList\",\"@id\":\"https:\/\/www.hyundaiantitheft.com\/es\/atlanta-antirrobo-copia-clinica-movil-13\/#breadcrumb\",\"itemListElement\":[{\"@type\":\"ListItem\",\"position\":1,\"name\":\"Home\",\"item\":\"https:\/\/hyundaiantitheft.com\/\"},{\"@type\":\"ListItem\",\"position\":2,\"name\":\"Milwaukee Anti-Theft Mobile Clinic\"}]},{\"@type\":\"WebSite\",\"@id\":\"https:\/\/hyundaiantitheft.com\/#website\",\"url\":\"https:\/\/hyundaiantitheft.com\/\",\"name\":\"Hyundai\",\"description\":\"Anti-Theft Software Upgrade\",\"potentialAction\":[{\"@type\":\"SearchAction\",\"target\":{\"@type\":\"EntryPoint\",\"urlTemplate\":\"https:\/\/hyundaiantitheft.com\/?s={search_term_string}\"},\"query-input\":{\"@type\":\"PropertyValueSpecification\",\"valueRequired\":true,\"valueName\":\"search_term_string\"}}],\"inLanguage\":\"es-MX\"}]}<\/script>\n<!-- \/ Yoast SEO plugin. -->","yoast_head_json":{"title":"Cl\u00ednica m\u00f3vil antirrobo de Milwaukee - Hyundai","robots":{"index":"index","follow":"follow","max-snippet":"max-snippet:-1","max-image-preview":"max-image-preview:large","max-video-preview":"max-video-preview:-1"},"canonical":"https:\/\/www.hyundaiantitheft.com\/es\/atlanta-antirrobo-copia-clinica-movil-13\/","og_locale":"es_MX","og_type":"article","og_title":"Milwaukee Anti-Theft Mobile Clinic - Hyundai","og_description":"UWM UPark Capitol\/Humboldt UPark on September 5 &#8211; 7 (8am &#8211; 6pm on Thursday and Friday, 8am &#8211; 6pm on Saturday) In response to persistent thefts targeting certain Hyundai vehicles without push-button ignitions and immobilizing anti-theft devices, Hyundai Motor America is providing a free installation of anti-theft software at UWM Capitol &amp; Humboldt UPark, 4430&hellip;","og_url":"https:\/\/www.hyundaiantitheft.com\/es\/atlanta-antirrobo-copia-clinica-movil-13\/","og_site_name":"Hyundai","article_modified_time":"2024-09-07T20:11:53+00:00","og_image":[{"url":"https:\/\/hyundaiantitheft.com\/wp-content\/uploads\/2024\/08\/pd-logo.jpg","type":"","width":"","height":""}],"twitter_card":"summary_large_image","twitter_misc":{"Est. reading time":"2 minutos"},"schema":{"@context":"https:\/\/schema.org","@graph":[{"@type":"WebPage","@id":"https:\/\/www.hyundaiantitheft.com\/es\/atlanta-antirrobo-copia-clinica-movil-13\/","url":"https:\/\/www.hyundaiantitheft.com\/es\/atlanta-antirrobo-copia-clinica-movil-13\/","name":"Cl\u00ednica m\u00f3vil antirrobo de Milwaukee - Hyundai","isPartOf":{"@id":"https:\/\/hyundaiantitheft.com\/#website"},"primaryImageOfPage":{"@id":"https:\/\/www.hyundaiantitheft.com\/es\/atlanta-antirrobo-copia-clinica-movil-13\/#primaryimage"},"image":{"@id":"https:\/\/www.hyundaiantitheft.com\/es\/atlanta-antirrobo-copia-clinica-movil-13\/#primaryimage"},"thumbnailUrl":"https:\/\/hyundaiantitheft.com\/wp-content\/uploads\/2024\/08\/pd-logo.jpg","datePublished":"2024-08-29T17:43:57+00:00","dateModified":"2024-09-07T20:11:53+00:00","breadcrumb":{"@id":"https:\/\/www.hyundaiantitheft.com\/es\/atlanta-antirrobo-copia-clinica-movil-13\/#breadcrumb"},"inLanguage":"es-MX","potentialAction":[{"@type":"ReadAction","target":["https:\/\/www.hyundaiantitheft.com\/es\/atlanta-antirrobo-copia-clinica-movil-13\/"]}]},{"@type":"ImageObject","inLanguage":"es-MX","@id":"https:\/\/www.hyundaiantitheft.com\/es\/atlanta-antirrobo-copia-clinica-movil-13\/#primaryimage","url":"https:\/\/hyundaiantitheft.com\/wp-content\/uploads\/2024\/08\/pd-logo.jpg","contentUrl":"https:\/\/hyundaiantitheft.com\/wp-content\/uploads\/2024\/08\/pd-logo.jpg"},{"@type":"BreadcrumbList","@id":"https:\/\/www.hyundaiantitheft.com\/es\/atlanta-antirrobo-copia-clinica-movil-13\/#breadcrumb","itemListElement":[{"@type":"ListItem","position":1,"name":"Home","item":"https:\/\/hyundaiantitheft.com\/"},{"@type":"ListItem","position":2,"name":"Milwaukee Anti-Theft Mobile Clinic"}]},{"@type":"WebSite","@id":"https:\/\/hyundaiantitheft.com\/#website","url":"https:\/\/hyundaiantitheft.com\/","name":"Hyundai","description":"Actualizaci\u00f3n del software antirrobo","potentialAction":[{"@type":"SearchAction","target":{"@type":"EntryPoint","urlTemplate":"https:\/\/hyundaiantitheft.com\/?s={search_term_string}"},"query-input":{"@type":"PropertyValueSpecification","valueRequired":true,"valueName":"search_term_string"}}],"inLanguage":"es-MX"}]}},"_links":{"self":[{"href":"https:\/\/hyundaiantitheft.com\/es\/wp-json\/wp\/v2\/pages\/942","targetHints":{"allow":["GET"]}}],"collection":[{"href":"https:\/\/hyundaiantitheft.com\/es\/wp-json\/wp\/v2\/pages"}],"about":[{"href":"https:\/\/hyundaiantitheft.com\/es\/wp-json\/wp\/v2\/types\/page"}],"author":[{"embeddable":true,"href":"https:\/\/hyundaiantitheft.com\/es\/wp-json\/wp\/v2\/users\/2"}],"replies":[{"embeddable":true,"href":"https:\/\/hyundaiantitheft.com\/es\/wp-json\/wp\/v2\/comments?post=942"}],"version-history":[{"count":5,"href":"https:\/\/hyundaiantitheft.com\/es\/wp-json\/wp\/v2\/pages\/942\/revisions"}],"predecessor-version":[{"id":955,"href":"https:\/\/hyundaiantitheft.com\/es\/wp-json\/wp\/v2\/pages\/942\/revisions\/955"}],"wp:attachment":[{"href":"https:\/\/hyundaiantitheft.com\/es\/wp-json\/wp\/v2\/media?parent=942"}],"curies":[{"name":"wp","href":"https:\/\/api.w.org\/{rel}","templated":true}]}}