{"id":959,"date":"2024-10-22T09:48:43","date_gmt":"2024-10-22T13:48:43","guid":{"rendered":"https:\/\/hyundaiantitheft.com\/?page_id=959"},"modified":"2024-10-22T12:46:31","modified_gmt":"2024-10-22T16:46:31","slug":"copia-clinica-movil-antirrobo-phoenix-2","status":"publish","type":"page","link":"https:\/\/hyundaiantitheft.com\/es\/copia-clinica-movil-antirrobo-phoenix-2\/","title":{"rendered":"Evento antirrobo en el \u00e1rea de Phoenix"},"content":{"rendered":"<iframe loading=\"lazy\" src=\"https:\/\/www.google.com\/maps\/d\/embed?mid=1MJpqXBZ570j0yl5_jJuj1vGwsr49QO4&#038;hl=en&#038;ehbc=2E312F\" width=\"640\" height=\"480\"><\/iframe>\n\t<h2>\n\t\t\t\tEvento de actualizaci\u00f3n del software antirrobo en los concesionarios Hyundai de la zona del valle S\u00e1bado, 26\/10 9 a.m. a 3 p.m.\n\t\t\t<\/h2>\n\t\t\t<p>El Departamento de Polic\u00eda de Glendale y Hyundai Motor America se asociar\u00e1n para llevar a \"<em>Sin cita previa<\/em>\" Evento de actualizaci\u00f3n del software m\u00f3vil el s\u00e1bado para <strong><u>diez<\/u><\/strong> concesionarios Hyundai participantes en <strong>S\u00e1bado 26 de octubre, de 9.00 a 15.00 h.<\/strong>\u00a0El evento de actualizaci\u00f3n de software proporcionar\u00e1 a los veh\u00edculos Hyundai elegibles software antirrobo desarrollado para proteger contra el modo de robo popularizado en las redes sociales. El evento del s\u00e1bado es gratuito para todos los residentes de la zona que posean o alquilen un veh\u00edculo Hyundai 2011-2021 con llave de contacto mec\u00e1nica.\u00a0\u00a0<strong>Se recomienda encarecidamente a los conductores de Hyundai que cumplan los requisitos que aprovechen este evento gratuito para reducir el riesgo de que les roben el veh\u00edculo. Un informe de agosto de 2024 publicado por la <\/strong>El Instituto de Seguros para la Seguridad en Carretera se\u00f1al\u00f3, <em>\"La soluci\u00f3n de las empresas es extremadamente eficaz. Si posee un veh\u00edculo Hyundai o Kia sin inmovilizador electr\u00f3nico, deber\u00eda llamar a su concesionario local para obtener la actualizaci\u00f3n de software hoy mismo.\" <\/em><a href=\"https:\/\/www.iihs.org\/news\/detail\/anti-theft-software-tamps-down-viral-theft-trend-targeting-hyundai-kia-vehicles\">Lea el informe completo del IIHS.<\/a><\/p>\t\n\t<p><strong><em>D\u00d3NDE:<\/em><\/strong><em>\u00a0<\/em><\/p>\n<p><i>Diez concesionarios Hyundai del \u00e1rea de Phoenix<\/i><\/p>\n<p>Consulte la ubicaci\u00f3n en el mapa anterior<\/p>\n<p><em>\u00a0<\/em><\/p>\n\n\t<p><strong><em>HORARIO:<\/em><\/strong><\/p>\n<p><em>9 h - 15 h<\/em><\/p>\n\t<p><strong><em>FECHAS:<\/em><\/strong><\/p>\n<p><em>S\u00e1bado 26 de octubre<\/em><\/p>\n\t\t\t\t<img loading=\"lazy\" decoding=\"async\" src=\"https:\/\/hyundaiantitheft.com\/wp-content\/uploads\/2024\/10\/images-2.jpeg\" alt=\"im\u00e1genes (2)\" itemprop=\"image\" height=\"225\" width=\"224\" title=\"im\u00e1genes (2)\" onerror=\"this.style.display='none'\"  \/>\n\t\t\t\t<img decoding=\"async\" src=\"https:\/\/www.hyundaiantitheft.com\/wp-content\/uploads\/2023\/07\/hyundai-logo.png\" alt=\"hyundai-logo\" itemprop=\"image\" title=\"hyundai-logo\" onerror=\"this.style.display='none'\"  \/>","protected":false},"excerpt":{"rendered":"<p>Evento de Actualizaci\u00f3n de Software Antirrobo en los Concesionarios Hyundai del \u00c1rea del Valle S\u00e1bado, 10\/26 9 a.m. a 3 p.m. El Departamento de Polic\u00eda de Glendale y Hyundai Motor America se asociar\u00e1n para llevar un evento de actualizaci\u00f3n de software m\u00f3vil \"Sin Cita Previa\" a diez concesionarios Hyundai participantes el s\u00e1bado 26 de octubre entre las 9 a.m. y las 3 p.m. El evento de actualizaci\u00f3n de software...<\/p>","protected":false},"author":2,"featured_media":0,"parent":0,"menu_order":0,"comment_status":"closed","ping_status":"closed","template":"","meta":{"_acf_changed":false,"inline_featured_image":false,"footnotes":""},"class_list":["post-959","page","type-page","status-publish","hentry"],"acf":[],"yoast_head":"<!-- This site is optimized with the Yoast SEO plugin v26.5 - https:\/\/yoast.com\/wordpress\/plugins\/seo\/ -->\n<title>Phoenix Area Anti-Theft Event - Hyundai<\/title>\n<meta name=\"robots\" content=\"index, follow, max-snippet:-1, max-image-preview:large, max-video-preview:-1\" \/>\n<link rel=\"canonical\" href=\"https:\/\/hyundaiantitheft.com\/es\/copia-clinica-movil-antirrobo-phoenix-2\/\" \/>\n<meta property=\"og:locale\" content=\"es_MX\" \/>\n<meta property=\"og:type\" content=\"article\" \/>\n<meta property=\"og:title\" content=\"Phoenix Area Anti-Theft Event - Hyundai\" \/>\n<meta property=\"og:description\" content=\"Anti-Theft Software Upgrade Event at Valley Area Hyundai Dealers Saturday, 10\/26 9 a.m. to 3 p.m. The Glendale Police Department and Hyundai Motor America will partner to bring a &#8220;No Appointment Necessary&#8221; Saturday mobile software upgrade event to ten participating Hyundai dealers on Saturday, October 26\u00a0between 9 a.m. and 3 p.m.\u00a0The software upgrade event will&hellip;\" \/>\n<meta property=\"og:url\" content=\"https:\/\/hyundaiantitheft.com\/es\/copia-clinica-movil-antirrobo-phoenix-2\/\" \/>\n<meta property=\"og:site_name\" content=\"Hyundai\" \/>\n<meta property=\"article:modified_time\" content=\"2024-10-22T16:46:31+00:00\" \/>\n<meta property=\"og:image\" content=\"https:\/\/hyundaiantitheft.com\/wp-content\/uploads\/2024\/10\/images-2.jpeg\" \/>\n<meta name=\"twitter:card\" content=\"summary_large_image\" \/>\n<meta name=\"twitter:label1\" content=\"Est. reading time\" \/>\n\t<meta name=\"twitter:data1\" content=\"2 minutos\" \/>\n<script type=\"application\/ld+json\" class=\"yoast-schema-graph\">{\"@context\":\"https:\/\/schema.org\",\"@graph\":[{\"@type\":\"WebPage\",\"@id\":\"https:\/\/hyundaiantitheft.com\/phoenix-anti-theft-event-oct\/\",\"url\":\"https:\/\/hyundaiantitheft.com\/phoenix-anti-theft-event-oct\/\",\"name\":\"Phoenix Area Anti-Theft Event - Hyundai\",\"isPartOf\":{\"@id\":\"https:\/\/hyundaiantitheft.com\/#website\"},\"primaryImageOfPage\":{\"@id\":\"https:\/\/hyundaiantitheft.com\/phoenix-anti-theft-event-oct\/#primaryimage\"},\"image\":{\"@id\":\"https:\/\/hyundaiantitheft.com\/phoenix-anti-theft-event-oct\/#primaryimage\"},\"thumbnailUrl\":\"https:\/\/hyundaiantitheft.com\/wp-content\/uploads\/2024\/10\/images-2.jpeg\",\"datePublished\":\"2024-10-22T13:48:43+00:00\",\"dateModified\":\"2024-10-22T16:46:31+00:00\",\"breadcrumb\":{\"@id\":\"https:\/\/hyundaiantitheft.com\/phoenix-anti-theft-event-oct\/#breadcrumb\"},\"inLanguage\":\"es-MX\",\"potentialAction\":[{\"@type\":\"ReadAction\",\"target\":[\"https:\/\/hyundaiantitheft.com\/phoenix-anti-theft-event-oct\/\"]}]},{\"@type\":\"ImageObject\",\"inLanguage\":\"es-MX\",\"@id\":\"https:\/\/hyundaiantitheft.com\/phoenix-anti-theft-event-oct\/#primaryimage\",\"url\":\"https:\/\/hyundaiantitheft.com\/wp-content\/uploads\/2024\/10\/images-2.jpeg\",\"contentUrl\":\"https:\/\/hyundaiantitheft.com\/wp-content\/uploads\/2024\/10\/images-2.jpeg\"},{\"@type\":\"BreadcrumbList\",\"@id\":\"https:\/\/hyundaiantitheft.com\/phoenix-anti-theft-event-oct\/#breadcrumb\",\"itemListElement\":[{\"@type\":\"ListItem\",\"position\":1,\"name\":\"Home\",\"item\":\"https:\/\/hyundaiantitheft.com\/\"},{\"@type\":\"ListItem\",\"position\":2,\"name\":\"Phoenix Area Anti-Theft Event\"}]},{\"@type\":\"WebSite\",\"@id\":\"https:\/\/hyundaiantitheft.com\/#website\",\"url\":\"https:\/\/hyundaiantitheft.com\/\",\"name\":\"Hyundai\",\"description\":\"Anti-Theft Software Upgrade\",\"potentialAction\":[{\"@type\":\"SearchAction\",\"target\":{\"@type\":\"EntryPoint\",\"urlTemplate\":\"https:\/\/hyundaiantitheft.com\/?s={search_term_string}\"},\"query-input\":{\"@type\":\"PropertyValueSpecification\",\"valueRequired\":true,\"valueName\":\"search_term_string\"}}],\"inLanguage\":\"es-MX\"}]}<\/script>\n<!-- \/ Yoast SEO plugin. -->","yoast_head_json":{"title":"Evento antirrobo en el \u00e1rea de Phoenix - Hyundai","robots":{"index":"index","follow":"follow","max-snippet":"max-snippet:-1","max-image-preview":"max-image-preview:large","max-video-preview":"max-video-preview:-1"},"canonical":"https:\/\/hyundaiantitheft.com\/es\/copia-clinica-movil-antirrobo-phoenix-2\/","og_locale":"es_MX","og_type":"article","og_title":"Phoenix Area Anti-Theft Event - Hyundai","og_description":"Anti-Theft Software Upgrade Event at Valley Area Hyundai Dealers Saturday, 10\/26 9 a.m. to 3 p.m. The Glendale Police Department and Hyundai Motor America will partner to bring a &#8220;No Appointment Necessary&#8221; Saturday mobile software upgrade event to ten participating Hyundai dealers on Saturday, October 26\u00a0between 9 a.m. and 3 p.m.\u00a0The software upgrade event will&hellip;","og_url":"https:\/\/hyundaiantitheft.com\/es\/copia-clinica-movil-antirrobo-phoenix-2\/","og_site_name":"Hyundai","article_modified_time":"2024-10-22T16:46:31+00:00","og_image":[{"url":"https:\/\/hyundaiantitheft.com\/wp-content\/uploads\/2024\/10\/images-2.jpeg","type":"","width":"","height":""}],"twitter_card":"summary_large_image","twitter_misc":{"Est. reading time":"2 minutos"},"schema":{"@context":"https:\/\/schema.org","@graph":[{"@type":"WebPage","@id":"https:\/\/hyundaiantitheft.com\/phoenix-anti-theft-event-oct\/","url":"https:\/\/hyundaiantitheft.com\/phoenix-anti-theft-event-oct\/","name":"Evento antirrobo en el \u00e1rea de Phoenix - Hyundai","isPartOf":{"@id":"https:\/\/hyundaiantitheft.com\/#website"},"primaryImageOfPage":{"@id":"https:\/\/hyundaiantitheft.com\/phoenix-anti-theft-event-oct\/#primaryimage"},"image":{"@id":"https:\/\/hyundaiantitheft.com\/phoenix-anti-theft-event-oct\/#primaryimage"},"thumbnailUrl":"https:\/\/hyundaiantitheft.com\/wp-content\/uploads\/2024\/10\/images-2.jpeg","datePublished":"2024-10-22T13:48:43+00:00","dateModified":"2024-10-22T16:46:31+00:00","breadcrumb":{"@id":"https:\/\/hyundaiantitheft.com\/phoenix-anti-theft-event-oct\/#breadcrumb"},"inLanguage":"es-MX","potentialAction":[{"@type":"ReadAction","target":["https:\/\/hyundaiantitheft.com\/phoenix-anti-theft-event-oct\/"]}]},{"@type":"ImageObject","inLanguage":"es-MX","@id":"https:\/\/hyundaiantitheft.com\/phoenix-anti-theft-event-oct\/#primaryimage","url":"https:\/\/hyundaiantitheft.com\/wp-content\/uploads\/2024\/10\/images-2.jpeg","contentUrl":"https:\/\/hyundaiantitheft.com\/wp-content\/uploads\/2024\/10\/images-2.jpeg"},{"@type":"BreadcrumbList","@id":"https:\/\/hyundaiantitheft.com\/phoenix-anti-theft-event-oct\/#breadcrumb","itemListElement":[{"@type":"ListItem","position":1,"name":"Home","item":"https:\/\/hyundaiantitheft.com\/"},{"@type":"ListItem","position":2,"name":"Phoenix Area Anti-Theft Event"}]},{"@type":"WebSite","@id":"https:\/\/hyundaiantitheft.com\/#website","url":"https:\/\/hyundaiantitheft.com\/","name":"Hyundai","description":"Actualizaci\u00f3n del software antirrobo","potentialAction":[{"@type":"SearchAction","target":{"@type":"EntryPoint","urlTemplate":"https:\/\/hyundaiantitheft.com\/?s={search_term_string}"},"query-input":{"@type":"PropertyValueSpecification","valueRequired":true,"valueName":"search_term_string"}}],"inLanguage":"es-MX"}]}},"_links":{"self":[{"href":"https:\/\/hyundaiantitheft.com\/es\/wp-json\/wp\/v2\/pages\/959","targetHints":{"allow":["GET"]}}],"collection":[{"href":"https:\/\/hyundaiantitheft.com\/es\/wp-json\/wp\/v2\/pages"}],"about":[{"href":"https:\/\/hyundaiantitheft.com\/es\/wp-json\/wp\/v2\/types\/page"}],"author":[{"embeddable":true,"href":"https:\/\/hyundaiantitheft.com\/es\/wp-json\/wp\/v2\/users\/2"}],"replies":[{"embeddable":true,"href":"https:\/\/hyundaiantitheft.com\/es\/wp-json\/wp\/v2\/comments?post=959"}],"version-history":[{"count":11,"href":"https:\/\/hyundaiantitheft.com\/es\/wp-json\/wp\/v2\/pages\/959\/revisions"}],"predecessor-version":[{"id":976,"href":"https:\/\/hyundaiantitheft.com\/es\/wp-json\/wp\/v2\/pages\/959\/revisions\/976"}],"wp:attachment":[{"href":"https:\/\/hyundaiantitheft.com\/es\/wp-json\/wp\/v2\/media?parent=959"}],"curies":[{"name":"wp","href":"https:\/\/api.w.org\/{rel}","templated":true}]}}